{"id":14251,"date":"2023-01-10T16:08:49","date_gmt":"2023-01-10T15:08:49","guid":{"rendered":"https:\/\/laverteshop.fr\/?post_type=product&#038;p=14251"},"modified":"2025-07-15T14:56:26","modified_gmt":"2025-07-15T12:56:26","slug":"raw-connoisseur-lehdet-rulla-1-1-4-suodattimet","status":"publish","type":"product","link":"https:\/\/laverteshop.fr\/fi\/tuote\/raw-connoisseur-lehdet-rulla-1-1-4-suodattimet\/","title":{"rendered":"RAW Connoisseur valssiarkit 1 1\/4 + suodattimet"},"content":{"rendered":"<p>RAW Connoisseur 1 1\/4 arkkia rullalle + suodattimet.<\/p>\n<p>Jokainen vihkonen sis\u00e4lt\u00e4\u00e4 pienikokoisia k\u00e4\u00e4rint\u00e4papereita ja suodattimia.<\/p>\n<p>La marque RAW est synonyme d&rsquo;une production respectueuse de l&rsquo;environnement.<br \/>\nKaikki tuotteet ovat valkaisemattomia ja kemikaalittomia.<br \/>\nPaperi on valmistettu puhtaasta hampusta, ja suodattimet on valmistettu elintarvikekelpoisesta pahvista.<\/p>\n<p>Kloorivapaa<br \/>\nVegaani<br \/>\nEi geneettisesti muunnettuja organismeja<br \/>\nProduit avec la puissance d&rsquo;un moulin \u00e0 vent<\/p>","protected":false},"excerpt":{"rendered":"<p>RAW Connoisseur 1 1\/4 arkkia rullalle + suodattimet<\/p>\n<p>Pienet RAW-arkit ja suodattimet samassa pakkauksessa.<\/p>\n<ul>\n<li>50 arkkia pakkauksessa<\/li>\n<li>Mukana 50 pahvisuodatinta<\/li>\n<li>kuminauha pakkauksen sulkemiseen<\/li>\n<\/ul>\n<p>T\u00e4ydellinen tuote kaikille niille, jotka pit\u00e4v\u00e4t pienist\u00e4 k\u00e4\u00e4ritt\u00e4vist\u00e4 lakanoista.<\/p>","protected":false},"featured_media":14252,"comment_status":"open","ping_status":"closed","template":"","meta":{"inline_featured_image":false},"product_brand":[198],"product_cat":[61,196],"product_tag":[217,218],"class_list":{"0":"post-14251","1":"product","2":"type-product","3":"status-publish","4":"has-post-thumbnail","6":"product_brand-raw","7":"product_cat-accessoires","8":"product_cat-feuilles-a-rouler","9":"product_tag-feuilles","10":"product_tag-filtres","12":"first","13":"instock","14":"taxable","15":"shipping-taxable","16":"purchasable","17":"product-type-simple"},"jetpack_sharing_enabled":true,"_links":{"self":[{"href":"https:\/\/laverteshop.fr\/fi\/wp-json\/wp\/v2\/product\/14251","targetHints":{"allow":["GET"]}}],"collection":[{"href":"https:\/\/laverteshop.fr\/fi\/wp-json\/wp\/v2\/product"}],"about":[{"href":"https:\/\/laverteshop.fr\/fi\/wp-json\/wp\/v2\/types\/product"}],"replies":[{"embeddable":true,"href":"https:\/\/laverteshop.fr\/fi\/wp-json\/wp\/v2\/comments?post=14251"}],"wp:featuredmedia":[{"embeddable":true,"href":"https:\/\/laverteshop.fr\/fi\/wp-json\/wp\/v2\/media\/14252"}],"wp:attachment":[{"href":"https:\/\/laverteshop.fr\/fi\/wp-json\/wp\/v2\/media?parent=14251"}],"wp:term":[{"taxonomy":"product_brand","embeddable":true,"href":"https:\/\/laverteshop.fr\/fi\/wp-json\/wp\/v2\/product_brand?post=14251"},{"taxonomy":"product_cat","embeddable":true,"href":"https:\/\/laverteshop.fr\/fi\/wp-json\/wp\/v2\/product_cat?post=14251"},{"taxonomy":"product_tag","embeddable":true,"href":"https:\/\/laverteshop.fr\/fi\/wp-json\/wp\/v2\/product_tag?post=14251"}],"curies":[{"name":"wp","href":"https:\/\/api.w.org\/{rel}","templated":true}]}}