{"id":13628,"date":"2022-10-24T14:55:29","date_gmt":"2022-10-24T12:55:29","guid":{"rendered":"https:\/\/laverteshop.fr\/?post_type=product&#038;p=13628"},"modified":"2025-07-15T14:56:29","modified_gmt":"2025-07-15T12:56:29","slug":"kraft-bag-size-l-copy","status":"publish","type":"product","link":"https:\/\/laverteshop.fr\/fi\/tuote\/kraft-bag-size-l-copy\/","title":{"rendered":"Voimapussi koko L"},"content":{"rendered":"<p><strong>Voimapussi koko L:<\/strong><\/p>\n<ul>\n<li>Mitat (cm) : 20 x 30<\/li>\n<li>Alumiinipinnoitettu sis\u00e4puoli parempaa s\u00e4ilyvyytt\u00e4 varten<\/li>\n<li>Repe\u00e4m\u00e4 lovi<\/li>\n<li>Litte\u00e4t kulmat<\/li>\n<li>Hermeettisell\u00e4 sinetill\u00e4<\/li>\n<\/ul>","protected":false},"excerpt":{"rendered":"<p><strong>Voimapussi koko L:<\/strong><\/p>\n<ul>\n<li>Mitat (cm) : 20 x 30<\/li>\n<li>Alumiinipinnoitettu sis\u00e4puoli parempaa s\u00e4ilyvyytt\u00e4 varten<\/li>\n<li>Repe\u00e4m\u00e4 lovi<\/li>\n<li>Litte\u00e4t kulmat<\/li>\n<li>Hermeettisell\u00e4 sinetill\u00e4<\/li>\n<\/ul>","protected":false},"featured_media":13621,"comment_status":"open","ping_status":"closed","template":"","meta":{"inline_featured_image":false},"product_brand":[75],"product_cat":[264],"product_tag":[274,275,276],"class_list":{"0":"post-13628","1":"product","2":"type-product","3":"status-publish","4":"has-post-thumbnail","6":"product_brand-la-verte","7":"product_cat-emballages","8":"product_tag-emballage","9":"product_tag-kraft","10":"product_tag-sachet","12":"first","13":"instock","14":"taxable","15":"shipping-taxable","16":"purchasable","17":"product-type-variable"},"jetpack_sharing_enabled":true,"_links":{"self":[{"href":"https:\/\/laverteshop.fr\/fi\/wp-json\/wp\/v2\/product\/13628","targetHints":{"allow":["GET"]}}],"collection":[{"href":"https:\/\/laverteshop.fr\/fi\/wp-json\/wp\/v2\/product"}],"about":[{"href":"https:\/\/laverteshop.fr\/fi\/wp-json\/wp\/v2\/types\/product"}],"replies":[{"embeddable":true,"href":"https:\/\/laverteshop.fr\/fi\/wp-json\/wp\/v2\/comments?post=13628"}],"wp:featuredmedia":[{"embeddable":true,"href":"https:\/\/laverteshop.fr\/fi\/wp-json\/wp\/v2\/media\/13621"}],"wp:attachment":[{"href":"https:\/\/laverteshop.fr\/fi\/wp-json\/wp\/v2\/media?parent=13628"}],"wp:term":[{"taxonomy":"product_brand","embeddable":true,"href":"https:\/\/laverteshop.fr\/fi\/wp-json\/wp\/v2\/product_brand?post=13628"},{"taxonomy":"product_cat","embeddable":true,"href":"https:\/\/laverteshop.fr\/fi\/wp-json\/wp\/v2\/product_cat?post=13628"},{"taxonomy":"product_tag","embeddable":true,"href":"https:\/\/laverteshop.fr\/fi\/wp-json\/wp\/v2\/product_tag?post=13628"}],"curies":[{"name":"wp","href":"https:\/\/api.w.org\/{rel}","templated":true}]}}