{"id":12221,"date":"2022-06-14T15:54:43","date_gmt":"2022-06-14T13:54:43","guid":{"rendered":"https:\/\/laverteshop.fr\/?post_type=product&#038;p=12221"},"modified":"2026-03-08T14:43:00","modified_gmt":"2026-03-08T13:43:00","slug":"bubble-gum-indoor","status":"publish","type":"product","link":"https:\/\/laverteshop.fr\/fi\/tuote\/bubble-gum-indoor\/","title":{"rendered":"Bubble Gum sis\u00e4tiloissa"},"content":{"rendered":"<p>La Bubble Gum indoor est une vari\u00e9t\u00e9 de fleur \u00e0 dominance Indica. Elle provient d&rsquo;une culture situ\u00e9e dans le canton du Valais en Suisse. Elle est issue d&rsquo;un m\u00e9lange entre 2 vari\u00e9t\u00e9s bien connues, la Super Skunk et la Big Bud.<\/p>\n<p>Sit\u00e4 kasvatetaan sis\u00e4tiloissa (eli valvotussa l\u00e4mp\u00f6tilassa, valossa ja kosteudessa), sen v\u00e4ri on yleens\u00e4 vaaleanvihre\u00e4, ja se on t\u00e4ynn\u00e4 valkoista siitep\u00f6ly\u00e4 ymp\u00e4ri kukkaa.<\/p>\n<p><span style=\"font-size: 16px;\">A l&rsquo;ouverture du sachet, vous serez ravis par ses odeurs fruit\u00e9es, et pourrez reconnaitre des notes sucr\u00e9es qui se d\u00e9gagent. Un m\u00e9lange de moyenne et grosses buds pour cette bubble gum indoor.<\/span><\/p>\n<p>Tuotteemme ovat sertifioitua sveitsil\u00e4ist\u00e4 CBD-laatua. Meille t\u00e4rkeint\u00e4 on pysty\u00e4 toimittamaan sinulle kukkia ja hartseja, jotka ovat arvoltaan erinomaisia, kohtuulliseen ja hyv\u00e4ksytt\u00e4v\u00e4\u00e4n hintaan. Ja tietysti EU:n tuomioistuimen sallimissa rajoissa (&lt;0,2% THC).<\/p>\n<p>Mit\u00e4 voit tehd\u00e4 n\u00e4ill\u00e4 tuotteilla? Rentouttavia infuusioita unen parantamiseksi, potpourria, jolla voit kyll\u00e4st\u00e4\u00e4 kotisi luonnollisella tuoksulla, tai voit k\u00e4ytt\u00e4\u00e4 niit\u00e4 halutessasi ruoassa (salaatissa, kastikkeissa, mausteissa).<\/p>\n<p>Suosittelemme, ett\u00e4 otat yhteytt\u00e4 l\u00e4\u00e4k\u00e4riisi, joka osaa neuvoa sinua CBD:n parhaasta k\u00e4ytt\u00f6tavasta.<\/p>","protected":false},"excerpt":{"rendered":"<p>Bubble Gum indoor on Indica-dominantti kukkalajike.<\/p>\n<p>Elle provient d&rsquo;une culture situ\u00e9e dans le canton du Valais en Suisse. Elle est issue d&rsquo;un m\u00e9lange entre 2 vari\u00e9t\u00e9s bien connues, la Super Skunk et la Big Bud.<\/p>\n<p>Sen v\u00e4ri on yleens\u00e4 vaaleanvihre\u00e4, ja se on t\u00e4ynn\u00e4 valkoista siitep\u00f6ly\u00e4 ymp\u00e4ri kukkaa.<\/p>\n<p>Yksi parhaista lajikkeistamme, joka ilahduttaa kaikkia fanejamme ja laadukkaiden sis\u00e4kukkien tuntijoita.<\/p>\n<ul>\n<li>Kasvatus : sis\u00e4tiloissa<\/li>\n<li>Alkuper\u00e4 : Sveitsi<\/li>\n<\/ul>\n<table style=\"border-collapse: collapse; width: 192px; height: 205px;\" border=\"1\">\n<tbody>\n<tr>\n<td style=\"width: 50%; text-align: center;\"><strong>THC<\/strong><\/td>\n<td style=\"width: 50%; text-align: center;\"><strong>&lt;0.2%<\/strong><\/td>\n<\/tr>\n<tr>\n<td style=\"width: 50%; text-align: center;\"><strong>CBD<\/strong><\/td>\n<td style=\"width: 50%; text-align: center;\"><strong>16 %<\/strong><\/td>\n<\/tr>\n<tr>\n<td style=\"width: 50%; text-align: center;\"><strong>CBG<\/strong><\/td>\n<td style=\"width: 50%; text-align: center;\"><strong>n.n<\/strong><\/td>\n<\/tr>\n<tr>\n<td style=\"width: 50%; text-align: center;\"><b>Kulttuuri<\/b><\/td>\n<td style=\"width: 50%; text-align: center;\"><strong>sis\u00e4tiloissa<\/strong><\/td>\n<\/tr>\n<\/tbody>\n<\/table>","protected":false},"featured_media":18700,"comment_status":"open","ping_status":"closed","template":"","meta":{"inline_featured_image":false},"product_brand":[75],"product_cat":[58,253],"product_tag":[220,76],"class_list":{"0":"post-12221","1":"product","2":"type-product","3":"status-publish","4":"has-post-thumbnail","6":"product_brand-la-verte","7":"product_cat-fleurs","8":"product_cat-indoor","9":"product_tag-fleurs-cbd","10":"product_tag-indoor","12":"first","13":"instock","14":"taxable","15":"shipping-taxable","16":"purchasable","17":"product-type-variable"},"jetpack_sharing_enabled":true,"_links":{"self":[{"href":"https:\/\/laverteshop.fr\/fi\/wp-json\/wp\/v2\/product\/12221","targetHints":{"allow":["GET"]}}],"collection":[{"href":"https:\/\/laverteshop.fr\/fi\/wp-json\/wp\/v2\/product"}],"about":[{"href":"https:\/\/laverteshop.fr\/fi\/wp-json\/wp\/v2\/types\/product"}],"replies":[{"embeddable":true,"href":"https:\/\/laverteshop.fr\/fi\/wp-json\/wp\/v2\/comments?post=12221"}],"wp:featuredmedia":[{"embeddable":true,"href":"https:\/\/laverteshop.fr\/fi\/wp-json\/wp\/v2\/media\/18700"}],"wp:attachment":[{"href":"https:\/\/laverteshop.fr\/fi\/wp-json\/wp\/v2\/media?parent=12221"}],"wp:term":[{"taxonomy":"product_brand","embeddable":true,"href":"https:\/\/laverteshop.fr\/fi\/wp-json\/wp\/v2\/product_brand?post=12221"},{"taxonomy":"product_cat","embeddable":true,"href":"https:\/\/laverteshop.fr\/fi\/wp-json\/wp\/v2\/product_cat?post=12221"},{"taxonomy":"product_tag","embeddable":true,"href":"https:\/\/laverteshop.fr\/fi\/wp-json\/wp\/v2\/product_tag?post=12221"}],"curies":[{"name":"wp","href":"https:\/\/api.w.org\/{rel}","templated":true}]}}