{"id":12213,"date":"2022-06-14T14:43:04","date_gmt":"2022-06-14T12:43:04","guid":{"rendered":"https:\/\/laverteshop.fr\/?post_type=product&#038;p=12213"},"modified":"2026-03-05T12:35:05","modified_gmt":"2026-03-05T11:35:05","slug":"marja-viini-sisatila","status":"publish","type":"product","link":"https:\/\/laverteshop.fr\/fi\/tuote\/marja-viini-sisatila\/","title":{"rendered":"Marjainen viini sis\u00e4tiloissa"},"content":{"rendered":"<p>Berry Wine Indoor on Sativa-dominantti kukkalajike. Se on luotu yhdist\u00e4m\u00e4ll\u00e4 Harlequin ja Blueberry. Sit\u00e4 viljell\u00e4\u00e4n Sveitsiss\u00e4, Valais'n kantonissa.<\/p>\n<p>Magnifique fleur de culture indoor (donc \u00e0 temp\u00e9rature et humidit\u00e9 contr\u00f4l\u00e9es), elle est verte claire, et plein de pollen blanc qui l&rsquo;entoure.<\/p>\n<p><span style=\"font-size: 16px;\">Kun avaat pussin, tunnistat sen hedelm\u00e4isen tuoksun, jossa on punaisia hedelmi\u00e4. Sekoitus keskikokoisia ja suuria silmuja. Berry Wine Indoor on erinomainen kukka, jonka CBD-pitoisuus on melko korkea.<\/span><\/p>\n<p>Tuotteemme ovat sertifioitua sveitsil\u00e4ist\u00e4 CBD-laatua. Meille t\u00e4rkeint\u00e4 on pysty\u00e4 toimittamaan sinulle kukkia ja hartseja, jotka ovat arvoltaan erinomaisia, kohtuulliseen ja hyv\u00e4ksytt\u00e4v\u00e4\u00e4n hintaan. Ja tietysti EU:n tuomioistuimen sallimissa rajoissa (&lt;0,2% THC).<\/p>\n<p>Mit\u00e4 voit tehd\u00e4 n\u00e4ill\u00e4 tuotteilla? Rentouttavia infuusioita unen parantamiseksi, potpourria, jolla voit kyll\u00e4st\u00e4\u00e4 kotisi luonnollisella tuoksulla, tai voit k\u00e4ytt\u00e4\u00e4 niit\u00e4 halutessasi ruoassa (salaatissa, kastikkeissa, mausteissa).<\/p>\n<p>Suosittelemme, ett\u00e4 otat yhteytt\u00e4 l\u00e4\u00e4k\u00e4riisi, joka osaa neuvoa sinua CBD:n parhaasta k\u00e4ytt\u00f6tavasta.<\/p>","protected":false},"excerpt":{"rendered":"<p>Berry Wine Indoor on p\u00e4\u00e4asiassa Sativa-lajike, jota kasvatetaan Valais'n kantonissa Sveitsiss\u00e4.<\/p>\n<p>C&rsquo;est une magnifique fleur de culture indoor (donc \u00e0 temp\u00e9rature et humidit\u00e9 contr\u00f4l\u00e9es). Elle est verte claire, et pleine de pollen blanc qui l&rsquo;entoure. Un joli nez fruit\u00e9 lors de l&rsquo;ouverture du sachet<\/p>\n<ul>\n<li>Kasvatus : sis\u00e4tiloissa<\/li>\n<li>Alkuper\u00e4 : Sveitsi<\/li>\n<\/ul>\n<table style=\"border-collapse: collapse; width: 192px; height: 205px;\" border=\"1\">\n<tbody>\n<tr>\n<td style=\"width: 50%; text-align: center;\"><strong>THC<\/strong><\/td>\n<td style=\"width: 50%; text-align: center;\"><strong>0.2 %&lt;<\/strong><\/td>\n<\/tr>\n<tr>\n<td style=\"width: 50%; text-align: center;\"><strong>CBD<\/strong><\/td>\n<td style=\"width: 50%; text-align: center;\"><strong>17 %<\/strong><\/td>\n<\/tr>\n<tr>\n<td style=\"width: 50%; text-align: center;\"><strong>CBG<\/strong><\/td>\n<td style=\"width: 50%; text-align: center;\"><strong>n.n<\/strong><\/td>\n<\/tr>\n<tr>\n<td style=\"width: 50%; text-align: center;\"><b>Kulttuuri<\/b><\/td>\n<td style=\"width: 50%; text-align: center;\"><strong>sis\u00e4tiloissa<\/strong><\/td>\n<\/tr>\n<\/tbody>\n<\/table>","protected":false},"featured_media":12521,"comment_status":"open","ping_status":"closed","template":"","meta":{"inline_featured_image":false},"product_brand":[75],"product_cat":[58,253],"product_tag":[220,76],"class_list":{"0":"post-12213","1":"product","2":"type-product","3":"status-publish","4":"has-post-thumbnail","6":"product_brand-la-verte","7":"product_cat-fleurs","8":"product_cat-indoor","9":"product_tag-fleurs-cbd","10":"product_tag-indoor","12":"first","13":"instock","14":"taxable","15":"shipping-taxable","16":"purchasable","17":"product-type-variable"},"jetpack_sharing_enabled":true,"_links":{"self":[{"href":"https:\/\/laverteshop.fr\/fi\/wp-json\/wp\/v2\/product\/12213","targetHints":{"allow":["GET"]}}],"collection":[{"href":"https:\/\/laverteshop.fr\/fi\/wp-json\/wp\/v2\/product"}],"about":[{"href":"https:\/\/laverteshop.fr\/fi\/wp-json\/wp\/v2\/types\/product"}],"replies":[{"embeddable":true,"href":"https:\/\/laverteshop.fr\/fi\/wp-json\/wp\/v2\/comments?post=12213"}],"wp:featuredmedia":[{"embeddable":true,"href":"https:\/\/laverteshop.fr\/fi\/wp-json\/wp\/v2\/media\/12521"}],"wp:attachment":[{"href":"https:\/\/laverteshop.fr\/fi\/wp-json\/wp\/v2\/media?parent=12213"}],"wp:term":[{"taxonomy":"product_brand","embeddable":true,"href":"https:\/\/laverteshop.fr\/fi\/wp-json\/wp\/v2\/product_brand?post=12213"},{"taxonomy":"product_cat","embeddable":true,"href":"https:\/\/laverteshop.fr\/fi\/wp-json\/wp\/v2\/product_cat?post=12213"},{"taxonomy":"product_tag","embeddable":true,"href":"https:\/\/laverteshop.fr\/fi\/wp-json\/wp\/v2\/product_tag?post=12213"}],"curies":[{"name":"wp","href":"https:\/\/api.w.org\/{rel}","templated":true}]}}