{"id":12201,"date":"2022-06-14T12:08:00","date_gmt":"2022-06-14T10:08:00","guid":{"rendered":"https:\/\/laverteshop.fr\/?post_type=product&#038;p=12201"},"modified":"2026-05-04T12:26:45","modified_gmt":"2026-05-04T10:26:45","slug":"purple-haze-kasvihuone","status":"publish","type":"product","link":"https:\/\/laverteshop.fr\/fi\/tuote\/purple-haze-kasvihuone\/","title":{"rendered":"Purple Haze kasvihuone"},"content":{"rendered":"<p>Purple Haze Greenhouse on Sveitsin Alpeilla kasvatettu Sativa-lajike.<\/p>\n<p>Comme son nom l&rsquo;indique, vous trouverez de belles fleurs, avec un m\u00e9lange de vert clair et de violet. Elle est de culture sous serre en Suisse, ce qui assure une excellente qualit\u00e9. Sa manucure est tr\u00e8s correcte. Le calibre des fleurs est plut\u00f4t gros.<\/p>\n<p>A l&rsquo;ouverture du sachet, vous reconnaitrez une douce odeur l\u00e9g\u00e8rement fruit\u00e9e et bois\u00e9e, avec des notes d&rsquo;agrume qui ressortent. Cette Purple Haze Greenhouse est un produit sp\u00e9cial, pour les amateurs de fleurs naturelles et gustatives.<\/p>\n<p>Tuotteemme ovat sertifioitua sveitsil\u00e4ist\u00e4 CBD-laatua. Meille t\u00e4rkeint\u00e4 on pysty\u00e4 toimittamaan sinulle kukkia ja hartseja, jotka ovat arvoltaan erinomaisia, kohtuulliseen ja hyv\u00e4ksytt\u00e4v\u00e4\u00e4n hintaan. Ja tietysti EU:n tuomioistuimen sallimissa rajoissa (&lt;0,3% THC).<\/p>\n<p>Mit\u00e4 voit tehd\u00e4 n\u00e4ill\u00e4 tuotteilla? Rentouttavia infuusioita unen parantamiseksi, potpourria, jolla voit kyll\u00e4st\u00e4\u00e4 kotisi luonnollisella tuoksulla, tai voit k\u00e4ytt\u00e4\u00e4 niit\u00e4 halutessasi ruoassa (salaatissa, kastikkeissa, mausteissa).<\/p>\n<p>Suosittelemme, ett\u00e4 otat yhteytt\u00e4 l\u00e4\u00e4k\u00e4riisi, joka osaa neuvoa sinua CBD:n parhaasta k\u00e4ytt\u00f6tavasta.<\/p>","protected":false},"excerpt":{"rendered":"<p>Purple Haze Greenhouse on Sveitsin Alpeilla kasvatettu Sativa-lajike.<\/p>\n<p>Comme son nom l&rsquo;indique, vous trouverez de belles fleurs, avec un m\u00e9lange de vert clair et de violet. Sa manucure est tr\u00e8s correcte. Le calibre des fleurs est plut\u00f4t gros.<\/p>\n<p>T\u00e4m\u00e4 Purple Haze -kasvihuone on menestys, ja tulet varmasti rakastamaan sit\u00e4!<\/p>\n<ul>\n<li>Alkuper\u00e4 : Sveitsin Alpit<\/li>\n<li>Genetiikka: Violetti<\/li>\n<\/ul>\n<table style=\"border-collapse: collapse; width: 368px; height: 198px;\" border=\"1\">\n<tbody>\n<tr>\n<td style=\"width: 50%; text-align: center;\"><strong>THC<\/strong><\/td>\n<td style=\"width: 50%; text-align: center;\"><strong>0.26 %<\/strong><\/td>\n<\/tr>\n<tr>\n<td style=\"width: 50%; text-align: center;\"><strong>CBD<\/strong><\/td>\n<td style=\"width: 50%; text-align: center;\"><strong>17 %<\/strong><\/td>\n<\/tr>\n<tr>\n<td style=\"width: 50%; text-align: center;\"><strong>CBG<\/strong><\/td>\n<td style=\"width: 50%; text-align: center;\"><strong>n.n<\/strong><\/td>\n<\/tr>\n<tr>\n<td style=\"width: 50%; text-align: center;\"><b>Kulttuuri<\/b><\/td>\n<td style=\"width: 50%; text-align: center;\"><strong>Kasvihuone<\/strong><\/td>\n<\/tr>\n<\/tbody>\n<\/table>","protected":false},"featured_media":17386,"comment_status":"open","ping_status":"closed","template":"","meta":{"inline_featured_image":false},"product_brand":[75],"product_cat":[58,255],"product_tag":[220,227,74],"class_list":{"0":"post-12201","1":"product","2":"type-product","3":"status-publish","4":"has-post-thumbnail","6":"product_brand-la-verte","7":"product_cat-fleurs","8":"product_cat-greenhouse","9":"product_tag-fleurs-cbd","10":"product_tag-greenhouse","11":"product_tag-sous-serre","13":"first","14":"instock","15":"sale","16":"taxable","17":"shipping-taxable","18":"purchasable","19":"product-type-variable"},"jetpack_sharing_enabled":true,"_links":{"self":[{"href":"https:\/\/laverteshop.fr\/fi\/wp-json\/wp\/v2\/product\/12201","targetHints":{"allow":["GET"]}}],"collection":[{"href":"https:\/\/laverteshop.fr\/fi\/wp-json\/wp\/v2\/product"}],"about":[{"href":"https:\/\/laverteshop.fr\/fi\/wp-json\/wp\/v2\/types\/product"}],"replies":[{"embeddable":true,"href":"https:\/\/laverteshop.fr\/fi\/wp-json\/wp\/v2\/comments?post=12201"}],"wp:featuredmedia":[{"embeddable":true,"href":"https:\/\/laverteshop.fr\/fi\/wp-json\/wp\/v2\/media\/17386"}],"wp:attachment":[{"href":"https:\/\/laverteshop.fr\/fi\/wp-json\/wp\/v2\/media?parent=12201"}],"wp:term":[{"taxonomy":"product_brand","embeddable":true,"href":"https:\/\/laverteshop.fr\/fi\/wp-json\/wp\/v2\/product_brand?post=12201"},{"taxonomy":"product_cat","embeddable":true,"href":"https:\/\/laverteshop.fr\/fi\/wp-json\/wp\/v2\/product_cat?post=12201"},{"taxonomy":"product_tag","embeddable":true,"href":"https:\/\/laverteshop.fr\/fi\/wp-json\/wp\/v2\/product_tag?post=12201"}],"curies":[{"name":"wp","href":"https:\/\/api.w.org\/{rel}","templated":true}]}}