{"id":12177,"date":"2022-06-14T11:21:47","date_gmt":"2022-06-14T09:21:47","guid":{"rendered":"https:\/\/laverteshop.fr\/?post_type=product&#038;p=12177"},"modified":"2025-07-15T16:49:12","modified_gmt":"2025-07-15T14:49:12","slug":"hash-libanes-punainen","status":"publish","type":"product","link":"https:\/\/laverteshop.fr\/fi\/tuote\/hash-libanes-punainen\/","title":{"rendered":"Punainen libanonilainen hash"},"content":{"rendered":"<p>Ce Hash Libanais Rouge est fait \u00e0 partir de fleurs de CBD de culture indoor, c&rsquo;est \u00e0 dire cultiv\u00e9es en int\u00e9rieur, avec temp\u00e9rature et humidit\u00e9 contr\u00f4l\u00e9es.<\/p>\n<p>Se on hyvin pehme\u00e4\u00e4, kuten kaikki t\u00e4m\u00e4n alueen hasis. Se on v\u00e4rilt\u00e4\u00e4n ihanan tummanpunainen, ja kun se palaa, voit tuntea libanonilaiselle hashille ominaisen tuoksun.<\/p>\n<p>Sen CBD-pitoisuus on 25%, ja se tarjoaa merkitt\u00e4v\u00e4n rentouttavan vaikutuksen.<\/p>\n<p>Tuotteemme ovat sertifioitua sveitsil\u00e4ist\u00e4 CBD-laatua. Meille on t\u00e4rkeint\u00e4, ett\u00e4 voimme toimittaa sinulle kukkia ja hartseja, jotka ovat erinomaisen arvokkaita, kohtuulliseen ja hyv\u00e4ksytt\u00e4v\u00e4\u00e4n hintaan ja EU:n hyv\u00e4ksymien tasojen mukaisesti (&lt;0,3% THC).<\/p>\n<p>Mit\u00e4 voit tehd\u00e4 n\u00e4ill\u00e4 tuotteilla? Rentouttavia infuusioita unen parantamiseksi, potpourria, jolla voit kyll\u00e4st\u00e4\u00e4 kotisi luonnollisella tuoksulla, tai voit k\u00e4ytt\u00e4\u00e4 niit\u00e4 halutessasi ruoassa (salaatissa, kastikkeissa, mausteissa).<\/p>\n<p><strong>T\u00c4RKE\u00c4 HUOMAUTUS:<\/strong> Nos r\u00e9sines et hash sont pr\u00e9par\u00e9s dans des laboratoires certifi\u00e9s, avec des proc\u00e9d\u00e9s et techniques qui appartiennent seulement aux producteurs avec qui nous travaillons. La texture et l&rsquo;odeur des produits peuvent donc changer d&rsquo;une r\u00e9colte \u00e0 une autre, d\u00e9pendant aussi de la fleur utilis\u00e9e. Si vous avez un probl\u00e8me avec un produit, contactez nous \u00e0 <a href=\"mailto:contact@laverteshop.fr\">contact@laverteshop.fr<\/a> ja me l\u00f6yd\u00e4mme ratkaisun, joka tyydytt\u00e4\u00e4 sinua. Kiitos ymm\u00e4rryksest\u00e4nne.<\/p>\n<p>Suosittelemme, ett\u00e4 otat yhteytt\u00e4 l\u00e4\u00e4k\u00e4riisi, joka osaa neuvoa sinua CBD:n parhaasta k\u00e4ytt\u00f6tavasta.<\/p>","protected":false},"excerpt":{"rendered":"<p>T\u00e4m\u00e4 punainen libanonilainen hasis on hyvin pehme\u00e4\u00e4, kuten kaikki t\u00e4m\u00e4n alueen hasis.<\/p>\n<p>Se on v\u00e4rilt\u00e4\u00e4n ihanan tummanpunainen, ja kun se palaa, voit tuntea libanonilaisen hasiksen hyvin tunnusomaisen tuoksun.<\/p>\n<ul>\n<li>Kasvatus : Sis\u00e4kasvatus<\/li>\n<li>Kukkien alkuper\u00e4: Sveitsi<\/li>\n<li>Vaikutukset: rentouttava<\/li>\n<\/ul>\n<table style=\"border-collapse: collapse; width: 192px; height: 205px;\" border=\"1\">\n<tbody>\n<tr>\n<td style=\"width: 50%; text-align: center;\"><strong>THC<\/strong><\/td>\n<td style=\"width: 50%; text-align: center;\"><strong>0.1%<\/strong><\/td>\n<\/tr>\n<tr>\n<td style=\"width: 50%; text-align: center;\"><strong>CBD<\/strong><\/td>\n<td style=\"width: 50%; text-align: center;\"><strong>25 %<\/strong><\/td>\n<\/tr>\n<tr>\n<td style=\"width: 50%; text-align: center;\"><strong>CBG<\/strong><\/td>\n<td style=\"width: 50%; text-align: center;\"><strong>n.n<\/strong><\/td>\n<\/tr>\n<tr>\n<td style=\"width: 50%; text-align: center;\"><b>Kulttuuri<\/b><\/td>\n<td style=\"width: 50%; text-align: center;\"><strong>Sis\u00e4tiloissa<\/strong><\/td>\n<\/tr>\n<\/tbody>\n<\/table>\n<p>&nbsp;<\/p>","protected":false},"featured_media":12178,"comment_status":"open","ping_status":"closed","template":"","meta":{"inline_featured_image":false},"product_brand":[75],"product_cat":[59],"product_tag":[244,76,230],"class_list":{"0":"post-12177","1":"product","2":"type-product","3":"status-publish","4":"has-post-thumbnail","6":"product_brand-la-verte","7":"product_cat-pollens","8":"product_tag-hash","9":"product_tag-indoor","10":"product_tag-resines","12":"first","13":"instock","14":"taxable","15":"shipping-taxable","16":"purchasable","17":"product-type-variable"},"jetpack_sharing_enabled":true,"_links":{"self":[{"href":"https:\/\/laverteshop.fr\/fi\/wp-json\/wp\/v2\/product\/12177","targetHints":{"allow":["GET"]}}],"collection":[{"href":"https:\/\/laverteshop.fr\/fi\/wp-json\/wp\/v2\/product"}],"about":[{"href":"https:\/\/laverteshop.fr\/fi\/wp-json\/wp\/v2\/types\/product"}],"replies":[{"embeddable":true,"href":"https:\/\/laverteshop.fr\/fi\/wp-json\/wp\/v2\/comments?post=12177"}],"wp:featuredmedia":[{"embeddable":true,"href":"https:\/\/laverteshop.fr\/fi\/wp-json\/wp\/v2\/media\/12178"}],"wp:attachment":[{"href":"https:\/\/laverteshop.fr\/fi\/wp-json\/wp\/v2\/media?parent=12177"}],"wp:term":[{"taxonomy":"product_brand","embeddable":true,"href":"https:\/\/laverteshop.fr\/fi\/wp-json\/wp\/v2\/product_brand?post=12177"},{"taxonomy":"product_cat","embeddable":true,"href":"https:\/\/laverteshop.fr\/fi\/wp-json\/wp\/v2\/product_cat?post=12177"},{"taxonomy":"product_tag","embeddable":true,"href":"https:\/\/laverteshop.fr\/fi\/wp-json\/wp\/v2\/product_tag?post=12177"}],"curies":[{"name":"wp","href":"https:\/\/api.w.org\/{rel}","templated":true}]}}