{"id":11948,"date":"2022-05-27T11:11:50","date_gmt":"2022-05-27T09:11:50","guid":{"rendered":"https:\/\/laverteshop.fr\/product\/the-de-chanvre-bio-aux-fruits-et-aux-feuilles-de-framboise-hanf-natur-bio-40g\/"},"modified":"2025-07-15T16:49:35","modified_gmt":"2025-07-15T14:49:35","slug":"the-de-chanvre-bio-hedelmien-ja-mansikanlehtien-hanf-natur-bio-40g","status":"publish","type":"product","link":"https:\/\/laverteshop.fr\/fi\/tuote\/the-de-chanvre-bio-hedelmien-ja-mansikanlehtien-hanf-natur-bio-40g\/","title":{"rendered":"Luomu hampputee - Hanf &amp; Natur - Vadelma hedelm\u00e4t ja lehdet 40g"},"content":{"rendered":"<p>Ingr\u00e9dients : Feuilles de chanvre (35%), th\u00e9 aux fruits (33%) : Cynorhodon, morceaux de pomme, hibiscus, \u00e9corce d&rsquo;orange, huile essentielle d&rsquo;orange), feuilles de framboisier (32%) &#8211; tous issus de culture biologique contr\u00f4l\u00e9e.<\/p>\n<p>Pr\u00e9paration : Versez 1 cuill\u00e8re \u00e0 caf\u00e9 du m\u00e9lange dans de l&rsquo;eau bouillante, laissez infuser pendant 8 minutes et d\u00e9gustez.<\/p>\n<p>Huomautus: Tee ei sovellu alle 15 kg painaville lapsille.<\/p>","protected":false},"excerpt":{"rendered":"<p>Luomu hampputee vadelman hedelmill\u00e4 ja lehdill\u00e4 - irtotee 40g<\/p>\n<p>Luonnonmukainen yrttiteesekoitus on sek\u00e4 teet\u00f6nt\u00e4 ett\u00e4 hapotonta, joten se on helposti sulavaa.<\/p>\n<p>Yksinomaisessa pahvilaatikossa olevan houkuttelevan pakkauksensa ansiosta teet ovat <span class=\"base\" data-ui-id=\"page-title-wrapper\">Hanf &amp; Natur Bio <\/span>ovat ihanteellisia my\u00f6s pieneksi lahjaideaksi - ne saavat teen yst\u00e4vien syd\u00e4met sykkim\u00e4\u00e4n nopeammin.<\/p>","protected":false},"featured_media":11947,"comment_status":"open","ping_status":"closed","template":"","meta":{"inline_featured_image":false},"product_brand":[240],"product_cat":[241],"product_tag":[251],"class_list":{"0":"post-11948","1":"product","2":"type-product","3":"status-publish","4":"has-post-thumbnail","6":"product_brand-hanf-natur","7":"product_cat-the","8":"product_tag-thes-infusions","10":"first","11":"outofstock","12":"taxable","13":"shipping-taxable","14":"purchasable","15":"product-type-simple"},"jetpack_sharing_enabled":true,"_links":{"self":[{"href":"https:\/\/laverteshop.fr\/fi\/wp-json\/wp\/v2\/product\/11948","targetHints":{"allow":["GET"]}}],"collection":[{"href":"https:\/\/laverteshop.fr\/fi\/wp-json\/wp\/v2\/product"}],"about":[{"href":"https:\/\/laverteshop.fr\/fi\/wp-json\/wp\/v2\/types\/product"}],"replies":[{"embeddable":true,"href":"https:\/\/laverteshop.fr\/fi\/wp-json\/wp\/v2\/comments?post=11948"}],"wp:featuredmedia":[{"embeddable":true,"href":"https:\/\/laverteshop.fr\/fi\/wp-json\/wp\/v2\/media\/11947"}],"wp:attachment":[{"href":"https:\/\/laverteshop.fr\/fi\/wp-json\/wp\/v2\/media?parent=11948"}],"wp:term":[{"taxonomy":"product_brand","embeddable":true,"href":"https:\/\/laverteshop.fr\/fi\/wp-json\/wp\/v2\/product_brand?post=11948"},{"taxonomy":"product_cat","embeddable":true,"href":"https:\/\/laverteshop.fr\/fi\/wp-json\/wp\/v2\/product_cat?post=11948"},{"taxonomy":"product_tag","embeddable":true,"href":"https:\/\/laverteshop.fr\/fi\/wp-json\/wp\/v2\/product_tag?post=11948"}],"curies":[{"name":"wp","href":"https:\/\/api.w.org\/{rel}","templated":true}]}}