{"id":11946,"date":"2022-05-27T11:11:48","date_gmt":"2022-05-27T09:11:48","guid":{"rendered":"https:\/\/laverteshop.fr\/product\/the-de-chanvre-avec-feuilles-de-verveine-citronnee-et-de-mure-hanf-natur-bio\/"},"modified":"2025-07-15T15:03:54","modified_gmt":"2025-07-15T13:03:54","slug":"the-de-chanvre-melasse-turque-hanf-natur-bio","status":"publish","type":"product","link":"https:\/\/laverteshop.fr\/fi\/tuote\/the-de-chanvre-melasse-turque-hanf-natur-bio\/","title":{"rendered":"Luonnonmukainen hampputee - Hanf &amp; Natur - turkkilainen melassi"},"content":{"rendered":"<p>Ainesosat : Hamppulehdet (40%), karhunvatukan lehdet (30%), sitruunaverbena (30%) - kaikki valvotusta luonnonmukaisesta viljelyst\u00e4. Irtotavarana.<\/p>\n<p>Pr\u00e9paration : Versez 1 cuill\u00e8re \u00e0 caf\u00e9 du m\u00e9lange dans de l&rsquo;eau bouillante, laissez infuser pendant 8 minutes et d\u00e9gustez.<\/p>\n<p>Huomautus: tee ei sovi alle 15 kg painaville lapsille.<\/p>\n<div><\/div>","protected":false},"excerpt":{"rendered":"<p>Luomu Hampputee sitruunaverbenan lehdill\u00e4 - irtotee 40g<\/p>\n<p>Luonnonmukainen yrttiteesekoitus on sek\u00e4 teet\u00f6nt\u00e4 ett\u00e4 hapotonta, joten se on helposti sulavaa.<\/p>\n<p>Chanvre &amp; Nature -teet sopivat kauniisti pakattuina yksinoikeuslaatikkoon erinomaisesti my\u00f6s pieneksi lahjaideaksi - ne saavat teen yst\u00e4vien syd\u00e4met sykkim\u00e4\u00e4n nopeammin.<\/p>","protected":false},"featured_media":11945,"comment_status":"open","ping_status":"closed","template":"","meta":{"inline_featured_image":false},"product_brand":[240],"product_cat":[241],"product_tag":[251],"class_list":{"0":"post-11946","1":"product","2":"type-product","3":"status-publish","4":"has-post-thumbnail","6":"product_brand-hanf-natur","7":"product_cat-the","8":"product_tag-thes-infusions","10":"first","11":"outofstock","12":"taxable","13":"shipping-taxable","14":"purchasable","15":"product-type-simple"},"jetpack_sharing_enabled":true,"_links":{"self":[{"href":"https:\/\/laverteshop.fr\/fi\/wp-json\/wp\/v2\/product\/11946","targetHints":{"allow":["GET"]}}],"collection":[{"href":"https:\/\/laverteshop.fr\/fi\/wp-json\/wp\/v2\/product"}],"about":[{"href":"https:\/\/laverteshop.fr\/fi\/wp-json\/wp\/v2\/types\/product"}],"replies":[{"embeddable":true,"href":"https:\/\/laverteshop.fr\/fi\/wp-json\/wp\/v2\/comments?post=11946"}],"wp:featuredmedia":[{"embeddable":true,"href":"https:\/\/laverteshop.fr\/fi\/wp-json\/wp\/v2\/media\/11945"}],"wp:attachment":[{"href":"https:\/\/laverteshop.fr\/fi\/wp-json\/wp\/v2\/media?parent=11946"}],"wp:term":[{"taxonomy":"product_brand","embeddable":true,"href":"https:\/\/laverteshop.fr\/fi\/wp-json\/wp\/v2\/product_brand?post=11946"},{"taxonomy":"product_cat","embeddable":true,"href":"https:\/\/laverteshop.fr\/fi\/wp-json\/wp\/v2\/product_cat?post=11946"},{"taxonomy":"product_tag","embeddable":true,"href":"https:\/\/laverteshop.fr\/fi\/wp-json\/wp\/v2\/product_tag?post=11946"}],"curies":[{"name":"wp","href":"https:\/\/api.w.org\/{rel}","templated":true}]}}