{"id":11871,"date":"2022-05-19T10:52:28","date_gmt":"2022-05-19T08:52:28","guid":{"rendered":"https:\/\/laverteshop.fr\/product\/plenty-storz-und-bickel\/"},"modified":"2025-07-15T15:03:55","modified_gmt":"2025-07-15T13:03:55","slug":"plenty-storz-und-bickel","status":"publish","type":"product","link":"https:\/\/laverteshop.fr\/fi\/tuote\/plenty-storz-und-bickel\/","title":{"rendered":"Runsaasti - Storz und Bickel"},"content":{"rendered":"<p><strong>Toimituksen laajuus :\u00a0<\/strong><br \/>\n1x kahvipannu<br \/>\n1x Suihkuyksikk\u00f6<br \/>\n1x Putkiosa, pitk\u00e4<br \/>\n1x Putkiosa, lyhyt<br \/>\n3x Normaali seula (\u00f8 n. 59mm)<br \/>\n1x hiomakone<br \/>\n1x Puhdistusharja<br \/>\n1x K\u00e4ytt\u00f6ohjeet<\/p>","protected":false},"excerpt":{"rendered":"<p><strong>Storz und Bickel Paljon<\/strong><\/p>\n<p>Storzin ja Bickelin Plenty-mallistossa on paljon l\u00f6ydett\u00e4v\u00e4\u00e4:<\/p>\n<p>Le bloc d&rsquo;alimentation dot\u00e9 d&rsquo;une double h\u00e9lice permet d&rsquo;obtenir une luminosit\u00e9 optimale et, par cons\u00e9quent, un effet de serre intense.<\/p>\n<p>L\u00e4mp\u00f6tilat vaihtelevat 130\u00baC:n ja 202\u00baC:n v\u00e4lill\u00e4 vaatimusten mukaan.<\/p>\n<p>Miellytt\u00e4v\u00e4 Plenty-maku saavutetaan eritt\u00e4in tehokkaan j\u00e4\u00e4hdytysspiraalin ansiosta - kokeile t\u00e4t\u00e4 maukasta tavaraa itse runsaalla vapeilla!<\/p>","protected":false},"featured_media":11869,"comment_status":"open","ping_status":"closed","template":"","meta":{"inline_featured_image":false},"product_brand":[249],"product_cat":[61,248],"product_tag":[],"class_list":{"0":"post-11871","1":"product","2":"type-product","3":"status-publish","4":"has-post-thumbnail","6":"product_brand-storz-und-bickel","7":"product_cat-accessoires","8":"product_cat-vaporisateurs","10":"first","11":"instock","12":"taxable","13":"shipping-taxable","14":"purchasable","15":"product-type-simple"},"jetpack_sharing_enabled":true,"_links":{"self":[{"href":"https:\/\/laverteshop.fr\/fi\/wp-json\/wp\/v2\/product\/11871","targetHints":{"allow":["GET"]}}],"collection":[{"href":"https:\/\/laverteshop.fr\/fi\/wp-json\/wp\/v2\/product"}],"about":[{"href":"https:\/\/laverteshop.fr\/fi\/wp-json\/wp\/v2\/types\/product"}],"replies":[{"embeddable":true,"href":"https:\/\/laverteshop.fr\/fi\/wp-json\/wp\/v2\/comments?post=11871"}],"wp:featuredmedia":[{"embeddable":true,"href":"https:\/\/laverteshop.fr\/fi\/wp-json\/wp\/v2\/media\/11869"}],"wp:attachment":[{"href":"https:\/\/laverteshop.fr\/fi\/wp-json\/wp\/v2\/media?parent=11871"}],"wp:term":[{"taxonomy":"product_brand","embeddable":true,"href":"https:\/\/laverteshop.fr\/fi\/wp-json\/wp\/v2\/product_brand?post=11871"},{"taxonomy":"product_cat","embeddable":true,"href":"https:\/\/laverteshop.fr\/fi\/wp-json\/wp\/v2\/product_cat?post=11871"},{"taxonomy":"product_tag","embeddable":true,"href":"https:\/\/laverteshop.fr\/fi\/wp-json\/wp\/v2\/product_tag?post=11871"}],"curies":[{"name":"wp","href":"https:\/\/api.w.org\/{rel}","templated":true}]}}