{"id":11865,"date":"2022-05-19T10:52:25","date_gmt":"2022-05-19T08:52:25","guid":{"rendered":"https:\/\/laverteshop.fr\/product\/volcano-classic-onyx-incl-easy-valve-storz-und-bickel\/"},"modified":"2025-07-15T15:03:57","modified_gmt":"2025-07-15T13:03:57","slug":"volcano-classic-onyx-incl-easy-valve-storz-und-bickel","status":"publish","type":"product","link":"https:\/\/laverteshop.fr\/fi\/tuote\/volcano-classic-onyx-incl-easy-valve-storz-und-bickel\/","title":{"rendered":"Volcano Classic ONYX sis. Easy-venttiilin - Storz und Bickel"},"content":{"rendered":"<p><strong>Toimituksen laajuus<\/strong><br \/>\n1x Volcano Classic ONYX<br \/>\n4x Easy Valve -pallo suukappaleella varustettuna<br \/>\n1x Easy Valve -pallo ja sovitin<br \/>\n1x T\u00e4ytt\u00f6kammio<br \/>\n3x T\u00e4ytt\u00f6kammion klipsi<br \/>\n1x korkkirengas<br \/>\n1x sarja vakiosuodattimia (\u00f8 n. 30mm)<br \/>\n1x ilmansuodattimien sarja<br \/>\n1x yrttimylly (\u00f8 n. 59mm)<br \/>\n1x Puhdistusharja,<br \/>\n1x K\u00e4ytt\u00f6ohjeet<\/p>","protected":false},"excerpt":{"rendered":"<p><strong>Volcano Classic ONYX Edition\u00a0<\/strong><strong>sis. Easy Valve<\/strong><\/p>\n<p>Volcano on ensimm\u00e4isen tunnin h\u00f6yrystin, joka viettelee laadullaan ja tehokkuudellaan. Se on nyt saatavilla ONYX-painoksena - varmista, ett\u00e4 hankit oman kappaleesi!<\/p>\n<p>La couleur onyx rappelle la pierre de lave, c&rsquo;est pourquoi elle s&rsquo;accorde parfaitement avec la forme iconique du Volcano \ud83d\ude42 un accroche-regard absolu pour tout amateur de Volcano.<\/p>\n<p>Korkealaatuisen jauhemaalin ansiosta kartio kest\u00e4\u00e4 nyt paremmin naarmuja. Storz- ja Bickel-tuotteiden todistettu pitk\u00e4ik\u00e4isyys jatkuu t\u00e4ss\u00e4 erikoispainoksessa.<\/p>","protected":false},"featured_media":11863,"comment_status":"open","ping_status":"closed","template":"","meta":{"inline_featured_image":false},"product_brand":[249],"product_cat":[248],"product_tag":[],"class_list":{"0":"post-11865","1":"product","2":"type-product","3":"status-publish","4":"has-post-thumbnail","6":"product_brand-storz-und-bickel","7":"product_cat-vaporisateurs","9":"first","10":"instock","11":"taxable","12":"shipping-taxable","13":"purchasable","14":"product-type-simple"},"jetpack_sharing_enabled":true,"_links":{"self":[{"href":"https:\/\/laverteshop.fr\/fi\/wp-json\/wp\/v2\/product\/11865","targetHints":{"allow":["GET"]}}],"collection":[{"href":"https:\/\/laverteshop.fr\/fi\/wp-json\/wp\/v2\/product"}],"about":[{"href":"https:\/\/laverteshop.fr\/fi\/wp-json\/wp\/v2\/types\/product"}],"replies":[{"embeddable":true,"href":"https:\/\/laverteshop.fr\/fi\/wp-json\/wp\/v2\/comments?post=11865"}],"wp:featuredmedia":[{"embeddable":true,"href":"https:\/\/laverteshop.fr\/fi\/wp-json\/wp\/v2\/media\/11863"}],"wp:attachment":[{"href":"https:\/\/laverteshop.fr\/fi\/wp-json\/wp\/v2\/media?parent=11865"}],"wp:term":[{"taxonomy":"product_brand","embeddable":true,"href":"https:\/\/laverteshop.fr\/fi\/wp-json\/wp\/v2\/product_brand?post=11865"},{"taxonomy":"product_cat","embeddable":true,"href":"https:\/\/laverteshop.fr\/fi\/wp-json\/wp\/v2\/product_cat?post=11865"},{"taxonomy":"product_tag","embeddable":true,"href":"https:\/\/laverteshop.fr\/fi\/wp-json\/wp\/v2\/product_tag?post=11865"}],"curies":[{"name":"wp","href":"https:\/\/api.w.org\/{rel}","templated":true}]}}