{"id":11858,"date":"2022-05-19T10:52:21","date_gmt":"2022-05-19T08:52:21","guid":{"rendered":"https:\/\/laverteshop.fr\/product\/mighty-plus-storz-und-bickel\/"},"modified":"2025-07-15T15:03:59","modified_gmt":"2025-07-15T13:03:59","slug":"mighty-plus-storz-und-bickel","status":"publish","type":"product","link":"https:\/\/laverteshop.fr\/fi\/tuote\/mighty-plus-storz-und-bickel\/","title":{"rendered":"Mighty Plus - Storz und Bickel - Storz ja Bickel"},"content":{"rendered":"<p><strong>Pakkaus sis\u00e4lt\u00e4\u00e4:<\/strong><\/p>\n<p>-1x Mighty+<br \/>\n-1x USB-C USB-A:han<br \/>\n-3x vakioseula<br \/>\n-3x Suuri seula<br \/>\n-3x Pohjan tiiviste<br \/>\n-1x annostelukapseli<br \/>\n-1x Puhdistusharja<br \/>\n-1x K\u00e4ytt\u00f6ohjeet<\/p>\n<div><\/div>\n<div>\n<div>\n<div><strong>Huomautus<\/strong><\/div>\n<div>D&rsquo;un point de vue technique, le Mighty Plus peut \u00e9galement \u00eatre charg\u00e9 avec un c\u00e2ble de chargement USB-C vers USB-C.<\/div>\n<div>Nopein latausnopeus saavutetaan verkkosovittimella, joka tarjoaa Mighty Plus -laitteen tukemat latausnopeudet (45 W:n verkkosovitin, jossa on 15 V 3A, Power Delivery -tuki).<\/div>\n<\/div>\n<\/div>","protected":false},"excerpt":{"rendered":"<p><strong>Storz und Bickel Mighty Plus<\/strong><\/p>\n<p>Parempi, nopeampi, vahvempi. Tunne uuden, parannetun MIGHTY Plus -mallin voima.<\/p>\n<p>Julkaisustaan l\u00e4htien MIGHTY on ollut omaa luokkaansa.<\/p>\n<p>Aujourd&rsquo;hui, le MIGHTY Plus place la barre encore plus haut gr\u00e2ce \u00e0 ces nouvelles fonctionnalit\u00e9s \u00e9tonnantes :<\/p>\n<ul>\n<li>USB-C-liit\u00e4nt\u00e4<\/li>\n<li>Supercharge-toiminto: lataa 80 %:t\u00e4 40 minuutissa.<\/li>\n<li>L\u00e4mpi\u00e4\u00e4 noin 60 sekunnissa<\/li>\n<li>Keraamisesti p\u00e4\u00e4llystetty t\u00e4ytt\u00f6kammio<\/li>\n<li>Optimoitu rakenne lis\u00e4\u00e4 vakautta<\/li>\n<li>Esiasetettu superbooster-l\u00e4mp\u00f6tila<\/li>\n<li>Kodin parantaminen<\/li>\n<li>2 ans de garantie + 1 an \u00e0 l&rsquo;enregistrement<\/li>\n<\/ul>","protected":false},"featured_media":11855,"comment_status":"open","ping_status":"closed","template":"","meta":{"inline_featured_image":false},"product_brand":[249],"product_cat":[248],"product_tag":[],"class_list":{"0":"post-11858","1":"product","2":"type-product","3":"status-publish","4":"has-post-thumbnail","6":"product_brand-storz-und-bickel","7":"product_cat-vaporisateurs","9":"first","10":"instock","11":"taxable","12":"shipping-taxable","13":"purchasable","14":"product-type-simple"},"jetpack_sharing_enabled":true,"_links":{"self":[{"href":"https:\/\/laverteshop.fr\/fi\/wp-json\/wp\/v2\/product\/11858","targetHints":{"allow":["GET"]}}],"collection":[{"href":"https:\/\/laverteshop.fr\/fi\/wp-json\/wp\/v2\/product"}],"about":[{"href":"https:\/\/laverteshop.fr\/fi\/wp-json\/wp\/v2\/types\/product"}],"replies":[{"embeddable":true,"href":"https:\/\/laverteshop.fr\/fi\/wp-json\/wp\/v2\/comments?post=11858"}],"wp:featuredmedia":[{"embeddable":true,"href":"https:\/\/laverteshop.fr\/fi\/wp-json\/wp\/v2\/media\/11855"}],"wp:attachment":[{"href":"https:\/\/laverteshop.fr\/fi\/wp-json\/wp\/v2\/media?parent=11858"}],"wp:term":[{"taxonomy":"product_brand","embeddable":true,"href":"https:\/\/laverteshop.fr\/fi\/wp-json\/wp\/v2\/product_brand?post=11858"},{"taxonomy":"product_cat","embeddable":true,"href":"https:\/\/laverteshop.fr\/fi\/wp-json\/wp\/v2\/product_cat?post=11858"},{"taxonomy":"product_tag","embeddable":true,"href":"https:\/\/laverteshop.fr\/fi\/wp-json\/wp\/v2\/product_tag?post=11858"}],"curies":[{"name":"wp","href":"https:\/\/api.w.org\/{rel}","templated":true}]}}