{"id":9752,"date":"2021-11-12T09:28:56","date_gmt":"2021-11-12T08:28:56","guid":{"rendered":"https:\/\/laverteshop.fr\/?post_type=product&#038;p=9752"},"modified":"2025-07-15T15:04:12","modified_gmt":"2025-07-15T13:04:12","slug":"gizeh-extra-fino-talla-grande","status":"publish","type":"product","link":"https:\/\/laverteshop.fr\/es\/producto\/gizeh-extra-fino-talla-grande\/","title":{"rendered":"Giza extra fina King size slim"},"content":{"rendered":"<p>Hojas extrafinas king size de GIZEH con cierre de im\u00e1n.<\/p>\n<p>Estas hojas de Giza se distinguen por su exclusivo papel fino y su combusti\u00f3n lenta.<\/p>\n<p>Est\u00e1n hechas de celulosa y tienen una gran superficie adhesiva. El cierre magn\u00e9tico ofrece una protecci\u00f3n \u00f3ptima para sus s\u00e1banas.<\/p>","protected":false},"excerpt":{"rendered":"<p>Hojas extrafinas king size de GIZEH con cierre de im\u00e1n.<\/p>\n<p>Estas hojas Gizeh se caracterizan por un papel fino \u00fanico y una combusti\u00f3n lenta. Est\u00e1n hechas de celulosa y tienen una gran superficie pegajosa. El cierre magn\u00e9tico ofrece una protecci\u00f3n \u00f3ptima para sus s\u00e1banas.<\/p>\n<ul>\n<li>Tama\u00f1o: 107*44 mm<\/li>\n<li>Gramaje: 14g\/qm2<\/li>\n<li>33 hojas por paquete<\/li>\n<\/ul>","protected":false},"featured_media":9771,"comment_status":"open","ping_status":"closed","template":"","meta":{"inline_featured_image":false},"product_brand":[212],"product_cat":[196],"product_tag":[217],"class_list":{"0":"post-9752","1":"product","2":"type-product","3":"status-publish","4":"has-post-thumbnail","6":"product_brand-gizeh","7":"product_cat-feuilles-a-rouler","8":"product_tag-feuilles","10":"first","11":"instock","12":"taxable","13":"shipping-taxable","14":"purchasable","15":"product-type-simple"},"jetpack_sharing_enabled":true,"_links":{"self":[{"href":"https:\/\/laverteshop.fr\/es\/wp-json\/wp\/v2\/product\/9752","targetHints":{"allow":["GET"]}}],"collection":[{"href":"https:\/\/laverteshop.fr\/es\/wp-json\/wp\/v2\/product"}],"about":[{"href":"https:\/\/laverteshop.fr\/es\/wp-json\/wp\/v2\/types\/product"}],"replies":[{"embeddable":true,"href":"https:\/\/laverteshop.fr\/es\/wp-json\/wp\/v2\/comments?post=9752"}],"wp:featuredmedia":[{"embeddable":true,"href":"https:\/\/laverteshop.fr\/es\/wp-json\/wp\/v2\/media\/9771"}],"wp:attachment":[{"href":"https:\/\/laverteshop.fr\/es\/wp-json\/wp\/v2\/media?parent=9752"}],"wp:term":[{"taxonomy":"product_brand","embeddable":true,"href":"https:\/\/laverteshop.fr\/es\/wp-json\/wp\/v2\/product_brand?post=9752"},{"taxonomy":"product_cat","embeddable":true,"href":"https:\/\/laverteshop.fr\/es\/wp-json\/wp\/v2\/product_cat?post=9752"},{"taxonomy":"product_tag","embeddable":true,"href":"https:\/\/laverteshop.fr\/es\/wp-json\/wp\/v2\/product_tag?post=9752"}],"curies":[{"name":"wp","href":"https:\/\/api.w.org\/{rel}","templated":true}]}}