{"id":9608,"date":"2021-10-28T15:09:03","date_gmt":"2021-10-28T13:09:03","guid":{"rendered":"https:\/\/laverteshop.fr\/?post_type=product&#038;p=9608"},"modified":"2025-07-15T15:04:15","modified_gmt":"2025-07-15T13:04:15","slug":"hojas-de-un-rollo-caballo-oscuro-negro-tamano-gigante-34-hojas","status":"publish","type":"product","link":"https:\/\/laverteshop.fr\/es\/producto\/hojas-de-un-rollo-caballo-oscuro-negro-tamano-gigante-34-hojas\/","title":{"rendered":"S\u00e1banas enrollables - Dark Horse Black - King Size Slim - 34 hojas"},"content":{"rendered":"","protected":false},"excerpt":{"rendered":"<p>Caja de 25 paquetes de hojas para enrollar - Dark Horse Black - King Size Slim.<\/p>\n<p>No s\u00f3lo para los amantes de los caballos, sino para todos aquellos a los que les gusta fumar papeles King Size.<\/p>\n<p>Estos papeles largos y finos son de la edici\u00f3n negra de Dark Horse y ofrecen una combusti\u00f3n lenta y uniforme. La l\u00ednea de goma est\u00e1 hecha de goma ar\u00e1biga natural 100%.<\/p>\n<ul>\n<li>Dimensiones: aprox. 44 x 109 mm.<\/li>\n<li>Peso: 14 gramos por m\u00b2.<\/li>\n<li>34 hojas por paquete.<\/li>\n<li>25 paquetes por caja.<\/li>\n<\/ul>","protected":false},"featured_media":9607,"comment_status":"open","ping_status":"closed","template":"","meta":{"inline_featured_image":false},"product_brand":[221],"product_cat":[196,61],"product_tag":[217,218,222],"class_list":{"0":"post-9608","1":"product","2":"type-product","3":"status-publish","4":"has-post-thumbnail","6":"product_brand-dark-horse","7":"product_cat-feuilles-a-rouler","8":"product_cat-accessoires","9":"product_tag-feuilles","10":"product_tag-filtres","11":"product_tag-king-size-slim","13":"first","14":"instock","15":"taxable","16":"shipping-taxable","17":"purchasable","18":"product-type-simple"},"jetpack_sharing_enabled":true,"_links":{"self":[{"href":"https:\/\/laverteshop.fr\/es\/wp-json\/wp\/v2\/product\/9608","targetHints":{"allow":["GET"]}}],"collection":[{"href":"https:\/\/laverteshop.fr\/es\/wp-json\/wp\/v2\/product"}],"about":[{"href":"https:\/\/laverteshop.fr\/es\/wp-json\/wp\/v2\/types\/product"}],"replies":[{"embeddable":true,"href":"https:\/\/laverteshop.fr\/es\/wp-json\/wp\/v2\/comments?post=9608"}],"wp:featuredmedia":[{"embeddable":true,"href":"https:\/\/laverteshop.fr\/es\/wp-json\/wp\/v2\/media\/9607"}],"wp:attachment":[{"href":"https:\/\/laverteshop.fr\/es\/wp-json\/wp\/v2\/media?parent=9608"}],"wp:term":[{"taxonomy":"product_brand","embeddable":true,"href":"https:\/\/laverteshop.fr\/es\/wp-json\/wp\/v2\/product_brand?post=9608"},{"taxonomy":"product_cat","embeddable":true,"href":"https:\/\/laverteshop.fr\/es\/wp-json\/wp\/v2\/product_cat?post=9608"},{"taxonomy":"product_tag","embeddable":true,"href":"https:\/\/laverteshop.fr\/es\/wp-json\/wp\/v2\/product_tag?post=9608"}],"curies":[{"name":"wp","href":"https:\/\/api.w.org\/{rel}","templated":true}]}}