{"id":9605,"date":"2021-10-28T14:47:29","date_gmt":"2021-10-28T12:47:29","guid":{"rendered":"https:\/\/laverteshop.fr\/?post_type=product&#038;p=9605"},"modified":"2025-07-15T15:04:16","modified_gmt":"2025-07-15T13:04:16","slug":"caja-de-25-paquetes-de-hojas-un-rollo-caballo-oscuro-caballo-negro-talla-gorda-delgada","status":"publish","type":"product","link":"https:\/\/laverteshop.fr\/es\/producto\/caja-de-25-paquetes-de-hojas-un-rollo-caballo-oscuro-caballo-negro-talla-gorda-delgada\/","title":{"rendered":"Caja de 25 paquetes de hojas para enrollar - Dark Horse Black - King Size Slim"},"content":{"rendered":"","protected":false},"excerpt":{"rendered":"<p>Caja de 25 paquetes de hojas para enrollar - Dark Horse Black - King Size Slim.<\/p>\n<p>No s\u00f3lo para los amantes de los caballos, sino para todos aquellos a los que les gusta fumar papeles King Size.<\/p>\n<p>Estos papeles largos y finos son de la edici\u00f3n negra de Dark Horse y ofrecen una combusti\u00f3n lenta y uniforme. La l\u00ednea de goma est\u00e1 hecha de goma ar\u00e1biga natural 100%.<\/p>\n<ul>\n<li>Dimensiones: aprox. 44 x 109 mm.<\/li>\n<li>Peso: 14 gramos por m\u00b2.<\/li>\n<li>34 hojas por paquete.<\/li>\n<li>25 paquetes por caja.<\/li>\n<\/ul>","protected":false},"featured_media":9606,"comment_status":"open","ping_status":"closed","template":"","meta":{"inline_featured_image":false},"product_brand":[221],"product_cat":[196],"product_tag":[217,218,222],"class_list":{"0":"post-9605","1":"product","2":"type-product","3":"status-publish","4":"has-post-thumbnail","6":"product_brand-dark-horse","7":"product_cat-feuilles-a-rouler","8":"product_tag-feuilles","9":"product_tag-filtres","10":"product_tag-king-size-slim","12":"first","13":"instock","14":"taxable","15":"shipping-taxable","16":"purchasable","17":"product-type-simple"},"jetpack_sharing_enabled":true,"_links":{"self":[{"href":"https:\/\/laverteshop.fr\/es\/wp-json\/wp\/v2\/product\/9605","targetHints":{"allow":["GET"]}}],"collection":[{"href":"https:\/\/laverteshop.fr\/es\/wp-json\/wp\/v2\/product"}],"about":[{"href":"https:\/\/laverteshop.fr\/es\/wp-json\/wp\/v2\/types\/product"}],"replies":[{"embeddable":true,"href":"https:\/\/laverteshop.fr\/es\/wp-json\/wp\/v2\/comments?post=9605"}],"wp:featuredmedia":[{"embeddable":true,"href":"https:\/\/laverteshop.fr\/es\/wp-json\/wp\/v2\/media\/9606"}],"wp:attachment":[{"href":"https:\/\/laverteshop.fr\/es\/wp-json\/wp\/v2\/media?parent=9605"}],"wp:term":[{"taxonomy":"product_brand","embeddable":true,"href":"https:\/\/laverteshop.fr\/es\/wp-json\/wp\/v2\/product_brand?post=9605"},{"taxonomy":"product_cat","embeddable":true,"href":"https:\/\/laverteshop.fr\/es\/wp-json\/wp\/v2\/product_cat?post=9605"},{"taxonomy":"product_tag","embeddable":true,"href":"https:\/\/laverteshop.fr\/es\/wp-json\/wp\/v2\/product_tag?post=9605"}],"curies":[{"name":"wp","href":"https:\/\/api.w.org\/{rel}","templated":true}]}}