{"id":9235,"date":"2021-09-24T08:41:14","date_gmt":"2021-09-24T06:41:14","guid":{"rendered":"https:\/\/laverteshop.fr\/?post_type=product&#038;p=9235"},"modified":"2026-03-09T07:16:26","modified_gmt":"2026-03-09T06:16:26","slug":"aceite-ecologico-verde-20-cbd","status":"publish","type":"product","link":"https:\/\/laverteshop.fr\/es\/producto\/aceite-ecologico-verde-20-cbd\/","title":{"rendered":"Aceite de CBD org\u00e1nico - La Verte - 20% CBD"},"content":{"rendered":"<p>Este Aceite de CBD Org\u00e1nico - La Verte - 20% CBD es perfecto si tienes dolor cr\u00f3nico, o problemas de sue\u00f1o.<\/p>\n<p>Nuestro aceite de CBD tiene la calidad certificada de Swiss CBD. Lo que m\u00e1s nos importa es poder ofrecerle aceites de excelente calidad, asequibles y aceptables, y dentro de los niveles permitidos por el TJUE (0% THC).<\/p>\n<p>Le aconsejamos que consulte a su m\u00e9dico, que podr\u00e1 aconsejarle sobre el mejor uso de su CBD.<\/p>","protected":false},"excerpt":{"rendered":"<p>Nuestro Aceite de CBD Org\u00e1nico - La Verte - 20% CBD ha sido desarrollado en Suiza por cient\u00edficos e investigadores que desean producir el mejor aceite para tu bienestar.<\/p>\n<p>Este aceite de CBD 20% es perfecto para dormir, as\u00ed como si tienes que lidiar con dolores recurrentes.<\/p>\n<p>Ses 20% de CBD agiront rapidement sur votre corps pour vous procurer le bien \u00eatre cherch\u00e9. C&rsquo;est une huile MCT, ce qui signifie qu&rsquo;elle est faite \u00e0 base d&rsquo;huile de coco, ce qui la rend plus l\u00e9g\u00e8re et donc parfait pour son utilisation.<\/p>","protected":false},"featured_media":9229,"comment_status":"open","ping_status":"closed","template":"","meta":{"inline_featured_image":false},"product_brand":[75],"product_cat":[60,243],"product_tag":[215,216],"class_list":{"0":"post-9235","1":"product","2":"type-product","3":"status-publish","4":"has-post-thumbnail","6":"product_brand-la-verte","7":"product_cat-bien-etre","8":"product_cat-huiles-cbd","9":"product_tag-bio","10":"product_tag-huile-cbd","12":"first","13":"outofstock","14":"taxable","15":"shipping-taxable","16":"purchasable","17":"product-type-simple"},"jetpack_sharing_enabled":true,"_links":{"self":[{"href":"https:\/\/laverteshop.fr\/es\/wp-json\/wp\/v2\/product\/9235","targetHints":{"allow":["GET"]}}],"collection":[{"href":"https:\/\/laverteshop.fr\/es\/wp-json\/wp\/v2\/product"}],"about":[{"href":"https:\/\/laverteshop.fr\/es\/wp-json\/wp\/v2\/types\/product"}],"replies":[{"embeddable":true,"href":"https:\/\/laverteshop.fr\/es\/wp-json\/wp\/v2\/comments?post=9235"}],"wp:featuredmedia":[{"embeddable":true,"href":"https:\/\/laverteshop.fr\/es\/wp-json\/wp\/v2\/media\/9229"}],"wp:attachment":[{"href":"https:\/\/laverteshop.fr\/es\/wp-json\/wp\/v2\/media?parent=9235"}],"wp:term":[{"taxonomy":"product_brand","embeddable":true,"href":"https:\/\/laverteshop.fr\/es\/wp-json\/wp\/v2\/product_brand?post=9235"},{"taxonomy":"product_cat","embeddable":true,"href":"https:\/\/laverteshop.fr\/es\/wp-json\/wp\/v2\/product_cat?post=9235"},{"taxonomy":"product_tag","embeddable":true,"href":"https:\/\/laverteshop.fr\/es\/wp-json\/wp\/v2\/product_tag?post=9235"}],"curies":[{"name":"wp","href":"https:\/\/api.w.org\/{rel}","templated":true}]}}