{"id":8850,"date":"2021-08-31T09:32:02","date_gmt":"2021-08-31T07:32:02","guid":{"rendered":"https:\/\/laverteshop.fr\/?post_type=product&#038;p=8850"},"modified":"2025-07-15T15:04:20","modified_gmt":"2025-07-15T13:04:20","slug":"filtros-gizeh-slim","status":"publish","type":"product","link":"https:\/\/laverteshop.fr\/es\/producto\/filtros-gizeh-slim\/","title":{"rendered":"Filtros GIZEH Slim"},"content":{"rendered":"<p>Gizeh est une marque allemande sp\u00e9cialis\u00e9e dans tous les articles pour fumeurs. Leur pr\u00e9sence sur le march\u00e9 depuis des d\u00e9cennies leur a permis d&rsquo;acqu\u00e9rir un savoir-faire in\u00e9galable dans ce domaine.<\/p>\n<p>Para garantizarle la mejor experiencia posible, s\u00f3lo vendemos productos de la m\u00e1xima calidad. Son mundialmente conocidos por su estructura y, sobre todo, est\u00e1n fabricados con materiales y materias primas de primera calidad.<\/p>\n<p>Los precios aplicados son tambi\u00e9n muy interesantes para este tipo de productos, \u00a1as\u00ed que no lo dudes y a\u00f1\u00e1delos a tu pedido!<\/p>","protected":false},"excerpt":{"rendered":"<p>- Medidas: 20 x 60 mm<br \/>\n- Perforado<br \/>\n- Sin cloro ni productos qu\u00edmicos<br \/>\n- 35 filtros \/ paquete<\/p>","protected":false},"featured_media":9092,"comment_status":"open","ping_status":"closed","template":"","meta":{"inline_featured_image":false},"product_brand":[212],"product_cat":[61,197],"product_tag":[217,218],"class_list":{"0":"post-8850","1":"product","2":"type-product","3":"status-publish","4":"has-post-thumbnail","6":"product_brand-gizeh","7":"product_cat-accessoires","8":"product_cat-filtres","9":"product_tag-feuilles","10":"product_tag-filtres","12":"first","13":"instock","14":"taxable","15":"shipping-taxable","16":"purchasable","17":"product-type-simple"},"jetpack_sharing_enabled":true,"_links":{"self":[{"href":"https:\/\/laverteshop.fr\/es\/wp-json\/wp\/v2\/product\/8850","targetHints":{"allow":["GET"]}}],"collection":[{"href":"https:\/\/laverteshop.fr\/es\/wp-json\/wp\/v2\/product"}],"about":[{"href":"https:\/\/laverteshop.fr\/es\/wp-json\/wp\/v2\/types\/product"}],"replies":[{"embeddable":true,"href":"https:\/\/laverteshop.fr\/es\/wp-json\/wp\/v2\/comments?post=8850"}],"wp:featuredmedia":[{"embeddable":true,"href":"https:\/\/laverteshop.fr\/es\/wp-json\/wp\/v2\/media\/9092"}],"wp:attachment":[{"href":"https:\/\/laverteshop.fr\/es\/wp-json\/wp\/v2\/media?parent=8850"}],"wp:term":[{"taxonomy":"product_brand","embeddable":true,"href":"https:\/\/laverteshop.fr\/es\/wp-json\/wp\/v2\/product_brand?post=8850"},{"taxonomy":"product_cat","embeddable":true,"href":"https:\/\/laverteshop.fr\/es\/wp-json\/wp\/v2\/product_cat?post=8850"},{"taxonomy":"product_tag","embeddable":true,"href":"https:\/\/laverteshop.fr\/es\/wp-json\/wp\/v2\/product_tag?post=8850"}],"curies":[{"name":"wp","href":"https:\/\/api.w.org\/{rel}","templated":true}]}}