{"id":8847,"date":"2021-08-31T09:16:13","date_gmt":"2021-08-31T07:16:13","guid":{"rendered":"https:\/\/laverteshop.fr\/?post_type=product&#038;p=8847"},"modified":"2025-07-15T15:10:42","modified_gmt":"2025-07-15T13:10:42","slug":"filtros-a-carbono-activo-actitube-extra-delgado-6mm","status":"publish","type":"product","link":"https:\/\/laverteshop.fr\/es\/producto\/filtros-a-carbono-activo-actitube-extra-delgado-6mm\/","title":{"rendered":"Actitube| Filtros de carb\u00f3n activado Extra Slim de 6mm"},"content":{"rendered":"<p>- Dimensiones del filtro: 6 x 27 mm<br \/>\n- Tapas de cer\u00e1mica en ambos lados<br \/>\n- 50 filtros por paquete<\/p>\n<p><strong>Consejos para el invierno :<\/strong><\/p>\n<p>A temperaturas inferiores a 5\u00b0 C, el filtro puede obstruirse. La causa es la condensaci\u00f3n del humo dentro del filtro.<\/p>\n<p>Por eso es aconsejable fumar en el interior durante la temporada de fr\u00edo o mantener el\u00a0<a href=\"https:\/\/laverteshop.fr\/es\/categoria-de-producto\/accesorios\/filtros\/\">filtrar<\/a>\u00a0caliente hasta que lo enciendas.<\/p>\n<p>Para garantizarle la mejor experiencia posible, s\u00f3lo vendemos productos de la m\u00e1xima calidad. Para su fabricaci\u00f3n se utilizan materiales de primera calidad y son reconocidos en todo el mundo.<\/p>\n<p>\u00a1Los precios aplicados son tambi\u00e9n muy interesantes para este tipo de productos as\u00ed que no lo dudes y a\u00f1\u00e1delos a tu pedido!<\/p>","protected":false},"excerpt":{"rendered":"<p>El\u00a0<strong>filtros\u00a0<\/strong><a href=\"https:\/\/laverteshop.fr\/es\/producto\/filtres-a-charbon-active-actitube-slim-compact-travel-size\/\"><strong>ActiTube<\/strong><\/a> <strong>Extra<\/strong> <strong>Slim<\/strong>\u00a0han sido dise\u00f1ados para filtrar una gran proporci\u00f3n de sustancias nocivas mediante el uso de carb\u00f3n activado.<\/p>\n<p>Para estos filtros, actiTube ha reducido el grado de llenado. Como resultado, se reduce la protecci\u00f3n de las v\u00edas respiratorias, pero se obtiene el SABOR PLENO al fumar sus roll-ups.<\/p>\n<p>Tiene la particularidad de retener ciertos elementos como la nicotina y el alquitr\u00e1n que se forman durante la combusti\u00f3n de los cigarrillos y otras sustancias nocivas.<\/p>\n<p>Cuando el humo pasa por un filtro de carb\u00f3n activado, gran parte del alquitr\u00e1n nocivo del humo se adhiere al carb\u00f3n activado.<\/p>\n<p>La fum\u00e9e est moins n\u00e9faste, elle est refroidie par un embout en c\u00e9ramique, ce qui l&rsquo;a rend plus douce, le go\u00fbt du tabac est att\u00e9nu\u00e9 mais pas celui de l\u2019herbe et l\u2019effet du \u00ab hit \u00bb n\u2019est pas alt\u00e9r\u00e9.<\/p>","protected":false},"featured_media":9974,"comment_status":"open","ping_status":"closed","template":"","meta":{"inline_featured_image":false},"product_brand":[211],"product_cat":[197,61],"product_tag":[217,218],"class_list":{"0":"post-8847","1":"product","2":"type-product","3":"status-publish","4":"has-post-thumbnail","6":"product_brand-actitube","7":"product_cat-filtres","8":"product_cat-accessoires","9":"product_tag-feuilles","10":"product_tag-filtres","12":"first","13":"instock","14":"taxable","15":"shipping-taxable","16":"purchasable","17":"product-type-simple"},"jetpack_sharing_enabled":true,"_links":{"self":[{"href":"https:\/\/laverteshop.fr\/es\/wp-json\/wp\/v2\/product\/8847","targetHints":{"allow":["GET"]}}],"collection":[{"href":"https:\/\/laverteshop.fr\/es\/wp-json\/wp\/v2\/product"}],"about":[{"href":"https:\/\/laverteshop.fr\/es\/wp-json\/wp\/v2\/types\/product"}],"replies":[{"embeddable":true,"href":"https:\/\/laverteshop.fr\/es\/wp-json\/wp\/v2\/comments?post=8847"}],"wp:featuredmedia":[{"embeddable":true,"href":"https:\/\/laverteshop.fr\/es\/wp-json\/wp\/v2\/media\/9974"}],"wp:attachment":[{"href":"https:\/\/laverteshop.fr\/es\/wp-json\/wp\/v2\/media?parent=8847"}],"wp:term":[{"taxonomy":"product_brand","embeddable":true,"href":"https:\/\/laverteshop.fr\/es\/wp-json\/wp\/v2\/product_brand?post=8847"},{"taxonomy":"product_cat","embeddable":true,"href":"https:\/\/laverteshop.fr\/es\/wp-json\/wp\/v2\/product_cat?post=8847"},{"taxonomy":"product_tag","embeddable":true,"href":"https:\/\/laverteshop.fr\/es\/wp-json\/wp\/v2\/product_tag?post=8847"}],"curies":[{"name":"wp","href":"https:\/\/api.w.org\/{rel}","templated":true}]}}