{"id":8844,"date":"2021-08-31T09:16:07","date_gmt":"2021-08-31T07:16:07","guid":{"rendered":"https:\/\/laverteshop.fr\/?post_type=product&#038;p=8844"},"modified":"2025-07-15T15:10:43","modified_gmt":"2025-07-15T13:10:43","slug":"filtros-a-charbon-active-actitube-slim-compact-travel-size","status":"publish","type":"product","link":"https:\/\/laverteshop.fr\/es\/producto\/filtros-a-charbon-active-actitube-slim-compact-travel-size\/","title":{"rendered":"GIZEH Bio C\u00e1\u00f1amo slim filtros de carb\u00f3n de tama\u00f1o 6 mm"},"content":{"rendered":"<div>El filtro de carb\u00f3n activo y el pr\u00e1ctico embalaje est\u00e1n fabricados con papel de filtro de c\u00e1\u00f1amo natural.<\/div>\n<div>Esto las hace especialmente sostenibles y respetuosas con el medio ambiente, ya que su procesamiento requiere mucha menos energ\u00eda y agua.<\/div>\n<div>Por ello, este producto natural tiene un tacto, un color y un acabado superficial especiales.<\/div>\n<div><\/div>\n<div>Propiedades:<\/div>\n<div><\/div>\n<div>- 6 mm de di\u00e1metro<\/div>\n<div>- 27 mm de largo<\/div>\n<div>- Tapas de cer\u00e1mica en ambos lados<\/div>\n<div>- 10 filtros por paquete<\/div>\n<div>- Fabricado en Alemania<\/div>","protected":false},"excerpt":{"rendered":"<p>Los filtros activos GIZEH Bio Hemp se han desarrollado especialmente para el placer de los king-size.<\/p>\n<p>Le charbon actif nettoy\u00e9 \u00e0 l&rsquo;int\u00e9rieur des filtres est fabriqu\u00e9 \u00e0 partir de coques de noix de coco et garantit une exp\u00e9rience gustative \u00e9quilibr\u00e9e tout en r\u00e9duisant la charge polluante sur les voies respiratoires.<\/p>\n<p>De peque\u00f1o tama\u00f1o, estos filtros de carb\u00f3n GIZEH BIO HEMP le encantar\u00e1n y mejorar\u00e1n la calidad de su humo.<\/p>","protected":false},"featured_media":18071,"comment_status":"open","ping_status":"closed","template":"","meta":{"inline_featured_image":false},"product_brand":[211],"product_cat":[197],"product_tag":[217,218],"class_list":{"0":"post-8844","1":"product","2":"type-product","3":"status-publish","4":"has-post-thumbnail","6":"product_brand-actitube","7":"product_cat-filtres","8":"product_tag-feuilles","9":"product_tag-filtres","11":"first","12":"instock","13":"taxable","14":"shipping-taxable","15":"purchasable","16":"product-type-simple"},"jetpack_sharing_enabled":true,"_links":{"self":[{"href":"https:\/\/laverteshop.fr\/es\/wp-json\/wp\/v2\/product\/8844","targetHints":{"allow":["GET"]}}],"collection":[{"href":"https:\/\/laverteshop.fr\/es\/wp-json\/wp\/v2\/product"}],"about":[{"href":"https:\/\/laverteshop.fr\/es\/wp-json\/wp\/v2\/types\/product"}],"replies":[{"embeddable":true,"href":"https:\/\/laverteshop.fr\/es\/wp-json\/wp\/v2\/comments?post=8844"}],"wp:featuredmedia":[{"embeddable":true,"href":"https:\/\/laverteshop.fr\/es\/wp-json\/wp\/v2\/media\/18071"}],"wp:attachment":[{"href":"https:\/\/laverteshop.fr\/es\/wp-json\/wp\/v2\/media?parent=8844"}],"wp:term":[{"taxonomy":"product_brand","embeddable":true,"href":"https:\/\/laverteshop.fr\/es\/wp-json\/wp\/v2\/product_brand?post=8844"},{"taxonomy":"product_cat","embeddable":true,"href":"https:\/\/laverteshop.fr\/es\/wp-json\/wp\/v2\/product_cat?post=8844"},{"taxonomy":"product_tag","embeddable":true,"href":"https:\/\/laverteshop.fr\/es\/wp-json\/wp\/v2\/product_tag?post=8844"}],"curies":[{"name":"wp","href":"https:\/\/api.w.org\/{rel}","templated":true}]}}