{"id":8829,"date":"2021-08-30T14:59:40","date_gmt":"2021-08-30T12:59:40","guid":{"rendered":"https:\/\/laverteshop.fr\/?post_type=product&#038;p=8829"},"modified":"2025-07-15T15:10:44","modified_gmt":"2025-07-15T13:10:44","slug":"blunt-wrap-double-platinum-pink-bubble-gum-2","status":"publish","type":"product","link":"https:\/\/laverteshop.fr\/es\/producto\/blunt-wrap-double-platinum-pink-bubble-gum-2\/","title":{"rendered":"Blunt Wrap Doble Platino Rosa | Bubble Gum"},"content":{"rendered":"<p>Blunt es un\u00a0<b>tipo de papel de fumar<\/b>\u00a0y un t\u00e9rmino utilizado para describir la<i>\u00a0grandes articulaciones.\u00a0<\/i>Una hoja roma es una\u00a0<b><a href=\"https:\/\/laverteshop.fr\/es\/producto\/blunt-wrap-double-platinum-purple\/\">hoja de tabaco natural<\/a>,\u00a0<\/b>que se puede aromatizar para dar sabor a nuestro <a href=\"https:\/\/laverteshop.fr\/es\/7808-2\/\">cannabis<\/a>.<\/p>\n<p>Los raperos y cantantes de hip-hop estadounidenses fueron los primeros en utilizar esta<b>\u00a0Papel de lija para hacer los empalmes.<\/b>\u00a0Esta era una buena manera de pasar desapercibido, ya que<i>\u00a0se parec\u00eda m\u00e1s a un cigarro Cohiba producido en Cuba<\/i>.<\/p>","protected":false},"excerpt":{"rendered":"<p><strong>2 cigarrillos por paquete<\/strong><br \/>\n<strong>Saveur \u00ab\u00a0Bubble Gum\u00a0\u00bb<\/strong><br \/>\nDisfruta tambi\u00e9n de nuestros otros sabores de <a href=\"https:\/\/laverteshop.fr\/es\/producto\/blunt-wrap-doble-platino-verde-manzana-martini\/\">Envoltura roma<\/a>.<br \/>\nAfrutado, <a href=\"https:\/\/laverteshop.fr\/es\/producto\/blunt-wrap-double-platinum-blue-blueberry-burst\/\">ex\u00f3tico<\/a>dulce: \u00a1hay para todos los gustos!<br \/>\nUn aut\u00e9ntico placer caribe\u00f1o para fumar, hecho en la Rep\u00fablica Dominicana.<\/p>","protected":false},"featured_media":8792,"comment_status":"open","ping_status":"closed","template":"","meta":{"inline_featured_image":false},"product_brand":[210],"product_cat":[206,61],"product_tag":[217,218],"class_list":{"0":"post-8829","1":"product","2":"type-product","3":"status-publish","4":"has-post-thumbnail","6":"product_brand-blunt-wrap-double-platinum","7":"product_cat-blunt","8":"product_cat-accessoires","9":"product_tag-feuilles","10":"product_tag-filtres","12":"first","13":"outofstock","14":"taxable","15":"shipping-taxable","16":"purchasable","17":"product-type-variable"},"jetpack_sharing_enabled":true,"_links":{"self":[{"href":"https:\/\/laverteshop.fr\/es\/wp-json\/wp\/v2\/product\/8829","targetHints":{"allow":["GET"]}}],"collection":[{"href":"https:\/\/laverteshop.fr\/es\/wp-json\/wp\/v2\/product"}],"about":[{"href":"https:\/\/laverteshop.fr\/es\/wp-json\/wp\/v2\/types\/product"}],"replies":[{"embeddable":true,"href":"https:\/\/laverteshop.fr\/es\/wp-json\/wp\/v2\/comments?post=8829"}],"wp:featuredmedia":[{"embeddable":true,"href":"https:\/\/laverteshop.fr\/es\/wp-json\/wp\/v2\/media\/8792"}],"wp:attachment":[{"href":"https:\/\/laverteshop.fr\/es\/wp-json\/wp\/v2\/media?parent=8829"}],"wp:term":[{"taxonomy":"product_brand","embeddable":true,"href":"https:\/\/laverteshop.fr\/es\/wp-json\/wp\/v2\/product_brand?post=8829"},{"taxonomy":"product_cat","embeddable":true,"href":"https:\/\/laverteshop.fr\/es\/wp-json\/wp\/v2\/product_cat?post=8829"},{"taxonomy":"product_tag","embeddable":true,"href":"https:\/\/laverteshop.fr\/es\/wp-json\/wp\/v2\/product_tag?post=8829"}],"curies":[{"name":"wp","href":"https:\/\/api.w.org\/{rel}","templated":true}]}}