{"id":8826,"date":"2021-08-30T14:56:20","date_gmt":"2021-08-30T12:56:20","guid":{"rendered":"https:\/\/laverteshop.fr\/?post_type=product&#038;p=8826"},"modified":"2025-12-21T20:45:20","modified_gmt":"2025-12-21T19:45:20","slug":"filtros-the-bulldog-natural-marron-slim","status":"publish","type":"product","link":"https:\/\/laverteshop.fr\/es\/producto\/filtros-the-bulldog-natural-marron-slim\/","title":{"rendered":"Los filtros Bulldog Natural Brown Slim"},"content":{"rendered":"<p>Para garantizarle la mejor experiencia posible, s\u00f3lo vendemos productos de la m\u00e1xima calidad. Son mundialmente conocidos por su estructura y, sobre todo, est\u00e1n fabricados con materiales y materias primas de primera calidad.<\/p>\n<p>Los precios aplicados son tambi\u00e9n muy interesantes para este tipo de productos, \u00a1as\u00ed que no lo dudes y a\u00f1\u00e1delos a tu pedido!<\/p>","protected":false},"excerpt":{"rendered":"<p>Ces filtres de la marque culte du coffeshop n\u00e9erlandais \u00ab\u00a0The Bulldog\u00a0\u00bb sont \u00e9crus et ont donc une couleur brune naturelle. Ils sont \u00e9galement perfor\u00e9s, ce qui les rend tr\u00e8s faciles \u00e0 rouler. Pour un plaisir de fumer respectueux de l&rsquo;environnement !<\/p>\n<p><strong>Medidas: 59x20mm<\/strong><\/p>\n<p><strong>33 filtros \/ folleto<\/strong><\/p>","protected":false},"featured_media":9094,"comment_status":"open","ping_status":"closed","template":"","meta":{"inline_featured_image":false},"product_brand":[203],"product_cat":[197,61],"product_tag":[217,218],"class_list":{"0":"post-8826","1":"product","2":"type-product","3":"status-publish","4":"has-post-thumbnail","6":"product_brand-bulldog","7":"product_cat-filtres","8":"product_cat-accessoires","9":"product_tag-feuilles","10":"product_tag-filtres","12":"first","13":"instock","14":"taxable","15":"shipping-taxable","16":"purchasable","17":"product-type-simple"},"jetpack_sharing_enabled":true,"_links":{"self":[{"href":"https:\/\/laverteshop.fr\/es\/wp-json\/wp\/v2\/product\/8826","targetHints":{"allow":["GET"]}}],"collection":[{"href":"https:\/\/laverteshop.fr\/es\/wp-json\/wp\/v2\/product"}],"about":[{"href":"https:\/\/laverteshop.fr\/es\/wp-json\/wp\/v2\/types\/product"}],"replies":[{"embeddable":true,"href":"https:\/\/laverteshop.fr\/es\/wp-json\/wp\/v2\/comments?post=8826"}],"wp:featuredmedia":[{"embeddable":true,"href":"https:\/\/laverteshop.fr\/es\/wp-json\/wp\/v2\/media\/9094"}],"wp:attachment":[{"href":"https:\/\/laverteshop.fr\/es\/wp-json\/wp\/v2\/media?parent=8826"}],"wp:term":[{"taxonomy":"product_brand","embeddable":true,"href":"https:\/\/laverteshop.fr\/es\/wp-json\/wp\/v2\/product_brand?post=8826"},{"taxonomy":"product_cat","embeddable":true,"href":"https:\/\/laverteshop.fr\/es\/wp-json\/wp\/v2\/product_cat?post=8826"},{"taxonomy":"product_tag","embeddable":true,"href":"https:\/\/laverteshop.fr\/es\/wp-json\/wp\/v2\/product_tag?post=8826"}],"curies":[{"name":"wp","href":"https:\/\/api.w.org\/{rel}","templated":true}]}}