{"id":8462,"date":"2021-08-10T16:40:54","date_gmt":"2021-08-10T14:40:54","guid":{"rendered":"https:\/\/laverteshop.fr\/?post_type=product&#038;p=8462"},"modified":"2025-07-15T15:10:53","modified_gmt":"2025-07-15T13:10:53","slug":"hojas-rodillo-estandar","status":"publish","type":"product","link":"https:\/\/laverteshop.fr\/es\/producto\/hojas-rodillo-estandar\/","title":{"rendered":"Hojas de rodillo | Bulldog Standard"},"content":{"rendered":"<p>Les feuilles \u00e0 rouler Bulldog, de la c\u00e9l\u00e8bre marque de coffeshops d&rsquo;Amsterdam.<\/p>\n<p>Un producto sencillo pero eficaz.<\/p>\n<p>Para garantizarle la mejor experiencia posible, s\u00f3lo vendemos productos de la m\u00e1xima calidad. Son mundialmente conocidos por su estructura y, sobre todo, est\u00e1n fabricados con materiales y materias primas de primera calidad.<\/p>\n<p>Los precios aplicados son tambi\u00e9n muy interesantes para este tipo de productos, \u00a1as\u00ed que no lo dudes y a\u00f1\u00e1delos a tu pedido!<\/p>","protected":false},"excerpt":{"rendered":"<p>Los originales papeles de liar largos de Bulldog Coffeeshops.<br \/>\nTama\u00f1o: Est\u00e1ndar<br \/>\n32 hojas por paquete<\/p>","protected":false},"featured_media":8463,"comment_status":"open","ping_status":"closed","template":"","meta":{"inline_featured_image":false},"product_brand":[203],"product_cat":[196,61],"product_tag":[217,218],"class_list":{"0":"post-8462","1":"product","2":"type-product","3":"status-publish","4":"has-post-thumbnail","6":"product_brand-bulldog","7":"product_cat-feuilles-a-rouler","8":"product_cat-accessoires","9":"product_tag-feuilles","10":"product_tag-filtres","12":"first","13":"outofstock","14":"taxable","15":"shipping-taxable","16":"purchasable","17":"product-type-simple"},"jetpack_sharing_enabled":true,"_links":{"self":[{"href":"https:\/\/laverteshop.fr\/es\/wp-json\/wp\/v2\/product\/8462","targetHints":{"allow":["GET"]}}],"collection":[{"href":"https:\/\/laverteshop.fr\/es\/wp-json\/wp\/v2\/product"}],"about":[{"href":"https:\/\/laverteshop.fr\/es\/wp-json\/wp\/v2\/types\/product"}],"replies":[{"embeddable":true,"href":"https:\/\/laverteshop.fr\/es\/wp-json\/wp\/v2\/comments?post=8462"}],"wp:featuredmedia":[{"embeddable":true,"href":"https:\/\/laverteshop.fr\/es\/wp-json\/wp\/v2\/media\/8463"}],"wp:attachment":[{"href":"https:\/\/laverteshop.fr\/es\/wp-json\/wp\/v2\/media?parent=8462"}],"wp:term":[{"taxonomy":"product_brand","embeddable":true,"href":"https:\/\/laverteshop.fr\/es\/wp-json\/wp\/v2\/product_brand?post=8462"},{"taxonomy":"product_cat","embeddable":true,"href":"https:\/\/laverteshop.fr\/es\/wp-json\/wp\/v2\/product_cat?post=8462"},{"taxonomy":"product_tag","embeddable":true,"href":"https:\/\/laverteshop.fr\/es\/wp-json\/wp\/v2\/product_tag?post=8462"}],"curies":[{"name":"wp","href":"https:\/\/api.w.org\/{rel}","templated":true}]}}