{"id":8455,"date":"2021-08-10T16:21:44","date_gmt":"2021-08-10T14:21:44","guid":{"rendered":"https:\/\/laverteshop.fr\/?post_type=product&#038;p=8455"},"modified":"2026-03-02T20:10:48","modified_gmt":"2026-03-02T19:10:48","slug":"hojas-un-rollo-verde-sin-blanquear-rollos-slim","status":"publish","type":"product","link":"https:\/\/laverteshop.fr\/es\/producto\/hojas-un-rollo-verde-sin-blanquear-rollos-slim\/","title":{"rendered":"Rollos finos no blanqueados de Greengo"},"content":{"rendered":"<p>Los rollos Greengo Slim no est\u00e1n blanqueados, no tienen cloro y est\u00e1n hechos de celulosa.<br \/>\nCada rollo contiene 4 metros de papel continuo, que se puede rasgar a la longitud deseada.<br \/>\nAncho: 44 mm.<br \/>\nLongitud: 4 m<br \/>\nFabriqu\u00e9 dans l&rsquo;UE.<\/p>\n<p>Para garantizarle la mejor experiencia posible, s\u00f3lo vendemos productos de la m\u00e1xima calidad. Son mundialmente conocidos por su fina estructura y, sobre todo, est\u00e1n fabricados con materiales y materias primas de primera calidad.<\/p>\n<p>Los precios aplicados son tambi\u00e9n muy interesantes para este tipo de productos, \u00a1as\u00ed que no lo dudes y a\u00f1\u00e1delos a tu pedido!<\/p>","protected":false},"excerpt":{"rendered":"<p>Los rollos Greengo Slim no est\u00e1n blanqueados, no tienen cloro y est\u00e1n hechos de celulosa.<br \/>\nCada rollo contiene 4 metros de papel continuo, que se puede rasgar a la longitud deseada.<br \/>\nAncho: 44 mm.<br \/>\nLongitud: 4 m<br \/>\nFabriqu\u00e9 dans l&rsquo;UE.<\/p>","protected":false},"featured_media":8456,"comment_status":"open","ping_status":"closed","template":"","meta":{"inline_featured_image":false},"product_brand":[201],"product_cat":[61,196],"product_tag":[217,218],"class_list":{"0":"post-8455","1":"product","2":"type-product","3":"status-publish","4":"has-post-thumbnail","6":"product_brand-greengo","7":"product_cat-accessoires","8":"product_cat-feuilles-a-rouler","9":"product_tag-feuilles","10":"product_tag-filtres","12":"first","13":"instock","14":"taxable","15":"shipping-taxable","16":"purchasable","17":"product-type-simple"},"jetpack_sharing_enabled":true,"_links":{"self":[{"href":"https:\/\/laverteshop.fr\/es\/wp-json\/wp\/v2\/product\/8455","targetHints":{"allow":["GET"]}}],"collection":[{"href":"https:\/\/laverteshop.fr\/es\/wp-json\/wp\/v2\/product"}],"about":[{"href":"https:\/\/laverteshop.fr\/es\/wp-json\/wp\/v2\/types\/product"}],"replies":[{"embeddable":true,"href":"https:\/\/laverteshop.fr\/es\/wp-json\/wp\/v2\/comments?post=8455"}],"wp:featuredmedia":[{"embeddable":true,"href":"https:\/\/laverteshop.fr\/es\/wp-json\/wp\/v2\/media\/8456"}],"wp:attachment":[{"href":"https:\/\/laverteshop.fr\/es\/wp-json\/wp\/v2\/media?parent=8455"}],"wp:term":[{"taxonomy":"product_brand","embeddable":true,"href":"https:\/\/laverteshop.fr\/es\/wp-json\/wp\/v2\/product_brand?post=8455"},{"taxonomy":"product_cat","embeddable":true,"href":"https:\/\/laverteshop.fr\/es\/wp-json\/wp\/v2\/product_cat?post=8455"},{"taxonomy":"product_tag","embeddable":true,"href":"https:\/\/laverteshop.fr\/es\/wp-json\/wp\/v2\/product_tag?post=8455"}],"curies":[{"name":"wp","href":"https:\/\/api.w.org\/{rel}","templated":true}]}}