{"id":8393,"date":"2021-08-10T14:33:25","date_gmt":"2021-08-10T12:33:25","guid":{"rendered":"https:\/\/laverteshop.fr\/?post_type=product&#038;p=8393"},"modified":"2025-07-15T15:10:56","modified_gmt":"2025-07-15T13:10:56","slug":"filtros-finos-para-fumadores","status":"publish","type":"product","link":"https:\/\/laverteshop.fr\/es\/producto\/filtros-finos-para-fumadores\/","title":{"rendered":"Smoking Thinnest King Size Slim + Filtros"},"content":{"rendered":"<p>Las s\u00e1banas Slim Tuxedo King Size le satisfar\u00e1n. Un papel m\u00e1s fino que la versi\u00f3n original, y ligeramente opaco.<\/p>\n<p>Para garantizar la mejor experiencia de degustaci\u00f3n posible, s\u00f3lo vendemos productos de la m\u00e1s alta calidad, conocidos en todo el mundo por su fina estructura y, sobre todo, elaborados con materiales y materias primas de primera calidad.<\/p>\n<p>Los precios aplicados son tambi\u00e9n muy interesantes para este tipo de productos, \u00a1as\u00ed que no lo dudes y a\u00f1\u00e1delos a tu pedido!<\/p>","protected":false},"excerpt":{"rendered":"<p>La serie m\u00e1s fina de Smoking ofrece 20 hojas % m\u00e1s finas que los papeles Smoking Deluxe. La filigrana de su funda de cena asegura que su rodillo de mano se queme bien, uniformemente y lentamente.<br \/>\nEsta versi\u00f3n viene incluso con las puntas, para que siempre tengas todo a mano.<\/p>\n<p>- Dimensiones: 108 x 44 mm<br \/>\n- 33 hojas + filtros por paquete<br \/>\n- Papel con certificaci\u00f3n FSC<br \/>\n- Goma vegetal pura<\/p>","protected":false},"featured_media":8394,"comment_status":"open","ping_status":"closed","template":"","meta":{"inline_featured_image":false},"product_brand":[200],"product_cat":[196,61],"product_tag":[217,218],"class_list":{"0":"post-8393","1":"product","2":"type-product","3":"status-publish","4":"has-post-thumbnail","6":"product_brand-smoking","7":"product_cat-feuilles-a-rouler","8":"product_cat-accessoires","9":"product_tag-feuilles","10":"product_tag-filtres","12":"first","13":"instock","14":"taxable","15":"shipping-taxable","16":"purchasable","17":"product-type-simple"},"jetpack_sharing_enabled":true,"_links":{"self":[{"href":"https:\/\/laverteshop.fr\/es\/wp-json\/wp\/v2\/product\/8393","targetHints":{"allow":["GET"]}}],"collection":[{"href":"https:\/\/laverteshop.fr\/es\/wp-json\/wp\/v2\/product"}],"about":[{"href":"https:\/\/laverteshop.fr\/es\/wp-json\/wp\/v2\/types\/product"}],"replies":[{"embeddable":true,"href":"https:\/\/laverteshop.fr\/es\/wp-json\/wp\/v2\/comments?post=8393"}],"wp:featuredmedia":[{"embeddable":true,"href":"https:\/\/laverteshop.fr\/es\/wp-json\/wp\/v2\/media\/8394"}],"wp:attachment":[{"href":"https:\/\/laverteshop.fr\/es\/wp-json\/wp\/v2\/media?parent=8393"}],"wp:term":[{"taxonomy":"product_brand","embeddable":true,"href":"https:\/\/laverteshop.fr\/es\/wp-json\/wp\/v2\/product_brand?post=8393"},{"taxonomy":"product_cat","embeddable":true,"href":"https:\/\/laverteshop.fr\/es\/wp-json\/wp\/v2\/product_cat?post=8393"},{"taxonomy":"product_tag","embeddable":true,"href":"https:\/\/laverteshop.fr\/es\/wp-json\/wp\/v2\/product_tag?post=8393"}],"curies":[{"name":"wp","href":"https:\/\/api.w.org\/{rel}","templated":true}]}}