{"id":8391,"date":"2021-08-10T14:21:10","date_gmt":"2021-08-10T12:21:10","guid":{"rendered":"https:\/\/laverteshop.fr\/?post_type=product&#038;p=8391"},"modified":"2025-07-15T15:10:57","modified_gmt":"2025-07-15T13:10:57","slug":"feuilles-a-rouler-raw-1-1-4","status":"publish","type":"product","link":"https:\/\/laverteshop.fr\/es\/producto\/feuilles-a-rouler-raw-1-1-4\/","title":{"rendered":"Papel de fumar | Raw 1 1\/4"},"content":{"rendered":"<p>RAW\u00a9 Classic 1 1\/4 contient 50 feuilles de papier \u00e0 combustion lente et r\u00e9guli\u00e8re. Une bo\u00eete contient 24 paquets. Lorsque le King Size est peut-\u00eatre de trop, ces papiers RAW sont juste la bonne taille pour ce moment parfait. Am\u00e9liorez votre exp\u00e9rience de fumeur avec les meilleurs papiers \u00e0 fumer, quelle que soit leur taille, c&rsquo;est le bon choix !<\/p>\n<p>Il s&rsquo;agit d&rsquo;une fum\u00e9e au go\u00fbt pur et net, que l&rsquo;on peut d\u00e9crire comme naturelle, l\u00e9g\u00e8re et pure. Il contient un m\u00e9lange hybride de fibres non blanchies (pas blanchies au chlore), le papier est d&rsquo;une couleur naturelle translucide brun clair. RAW a \u00e9galement son propre filigrane exclusif \u00e0 motif crois\u00e9, qui minimise les coulures et les br\u00fblures irr\u00e9guli\u00e8res des papiers pour une exp\u00e9rience de fumage plus uniforme. Tenez ces magnifiques papiers translucides \u00e0 la lumi\u00e8re et vous verrez la couleur naturelle et la finesse de ces papiers \u00e0 rouler ! Un v\u00e9ritable papier \u00e0 rouler artisanal dans tous les sens du terme, avec plus de 100 ans d&rsquo;histoire vers\u00e9s avec amour dans chaque paquet de papier \u00e0 rouler naturel produit.<\/p>\n<p>RAW Classic Hemp 1 1\/4 Tama\u00f1o<\/p>","protected":false},"excerpt":{"rendered":"<p><strong>50 hojas por paquete<\/strong><br \/>\nPapel de c\u00e1\u00f1amo puro y goma de c\u00e1\u00f1amo natural.<br \/>\nCompletamente natural, sin aditivos, vegano 100%.<br \/>\nPapel de liar ultrafino y transl\u00facido<\/p>","protected":false},"featured_media":8392,"comment_status":"open","ping_status":"closed","template":"","meta":{"inline_featured_image":false},"product_brand":[198],"product_cat":[196,61],"product_tag":[217,218],"class_list":{"0":"post-8391","1":"product","2":"type-product","3":"status-publish","4":"has-post-thumbnail","6":"product_brand-raw","7":"product_cat-feuilles-a-rouler","8":"product_cat-accessoires","9":"product_tag-feuilles","10":"product_tag-filtres","12":"first","13":"outofstock","14":"taxable","15":"shipping-taxable","16":"purchasable","17":"product-type-simple"},"jetpack_sharing_enabled":true,"_links":{"self":[{"href":"https:\/\/laverteshop.fr\/es\/wp-json\/wp\/v2\/product\/8391","targetHints":{"allow":["GET"]}}],"collection":[{"href":"https:\/\/laverteshop.fr\/es\/wp-json\/wp\/v2\/product"}],"about":[{"href":"https:\/\/laverteshop.fr\/es\/wp-json\/wp\/v2\/types\/product"}],"replies":[{"embeddable":true,"href":"https:\/\/laverteshop.fr\/es\/wp-json\/wp\/v2\/comments?post=8391"}],"wp:featuredmedia":[{"embeddable":true,"href":"https:\/\/laverteshop.fr\/es\/wp-json\/wp\/v2\/media\/8392"}],"wp:attachment":[{"href":"https:\/\/laverteshop.fr\/es\/wp-json\/wp\/v2\/media?parent=8391"}],"wp:term":[{"taxonomy":"product_brand","embeddable":true,"href":"https:\/\/laverteshop.fr\/es\/wp-json\/wp\/v2\/product_brand?post=8391"},{"taxonomy":"product_cat","embeddable":true,"href":"https:\/\/laverteshop.fr\/es\/wp-json\/wp\/v2\/product_cat?post=8391"},{"taxonomy":"product_tag","embeddable":true,"href":"https:\/\/laverteshop.fr\/es\/wp-json\/wp\/v2\/product_tag?post=8391"}],"curies":[{"name":"wp","href":"https:\/\/api.w.org\/{rel}","templated":true}]}}