{"id":8388,"date":"2021-08-10T14:11:27","date_gmt":"2021-08-10T12:11:27","guid":{"rendered":"https:\/\/laverteshop.fr\/?post_type=product&#038;p=8388"},"modified":"2025-07-15T15:10:58","modified_gmt":"2025-07-15T13:10:58","slug":"hojas-en-rollo-rips-organic-rolls-4m","status":"publish","type":"product","link":"https:\/\/laverteshop.fr\/es\/producto\/hojas-en-rollo-rips-organic-rolls-4m\/","title":{"rendered":"Rips Organic Rolls 5m"},"content":{"rendered":"<p>Estos rollos org\u00e1nicos RIPS est\u00e1n fabricados con materiales org\u00e1nicos 100%.<\/p>\n<p>Para garantizarle la mejor experiencia posible, s\u00f3lo vendemos productos de la m\u00e1xima calidad. Conocidos en todo el mundo por su fina estructura y, sobre todo, fabricados con materiales y materias primas de primera calidad.<\/p>\n<p>Los precios aplicados son tambi\u00e9n muy interesantes para este tipo de productos, \u00a1as\u00ed que no lo dudes y a\u00f1\u00e1delos a tu pedido!<\/p>","protected":false},"excerpt":{"rendered":"<p>Estos rollos de papel de fumar son de alta calidad y tienen un precio razonable. Perfecto para los entendidos.<\/p>\n<p>Gustos y sabores: Natural<\/p>\n<p>Anchura: 44 mm<\/p>\n<p>Longitud: 5m<\/p>","protected":false},"featured_media":8390,"comment_status":"open","ping_status":"closed","template":"","meta":{"inline_featured_image":false},"product_brand":[199],"product_cat":[196,61],"product_tag":[217,218],"class_list":{"0":"post-8388","1":"product","2":"type-product","3":"status-publish","4":"has-post-thumbnail","6":"product_brand-rips","7":"product_cat-feuilles-a-rouler","8":"product_cat-accessoires","9":"product_tag-feuilles","10":"product_tag-filtres","12":"first","13":"outofstock","14":"taxable","15":"shipping-taxable","16":"purchasable","17":"product-type-simple"},"jetpack_sharing_enabled":true,"_links":{"self":[{"href":"https:\/\/laverteshop.fr\/es\/wp-json\/wp\/v2\/product\/8388","targetHints":{"allow":["GET"]}}],"collection":[{"href":"https:\/\/laverteshop.fr\/es\/wp-json\/wp\/v2\/product"}],"about":[{"href":"https:\/\/laverteshop.fr\/es\/wp-json\/wp\/v2\/types\/product"}],"replies":[{"embeddable":true,"href":"https:\/\/laverteshop.fr\/es\/wp-json\/wp\/v2\/comments?post=8388"}],"wp:featuredmedia":[{"embeddable":true,"href":"https:\/\/laverteshop.fr\/es\/wp-json\/wp\/v2\/media\/8390"}],"wp:attachment":[{"href":"https:\/\/laverteshop.fr\/es\/wp-json\/wp\/v2\/media?parent=8388"}],"wp:term":[{"taxonomy":"product_brand","embeddable":true,"href":"https:\/\/laverteshop.fr\/es\/wp-json\/wp\/v2\/product_brand?post=8388"},{"taxonomy":"product_cat","embeddable":true,"href":"https:\/\/laverteshop.fr\/es\/wp-json\/wp\/v2\/product_cat?post=8388"},{"taxonomy":"product_tag","embeddable":true,"href":"https:\/\/laverteshop.fr\/es\/wp-json\/wp\/v2\/product_tag?post=8388"}],"curies":[{"name":"wp","href":"https:\/\/api.w.org\/{rel}","templated":true}]}}