{"id":8386,"date":"2021-08-10T13:55:54","date_gmt":"2021-08-10T11:55:54","guid":{"rendered":"https:\/\/laverteshop.fr\/?post_type=product&#038;p=8386"},"modified":"2025-07-15T15:10:59","modified_gmt":"2025-07-15T13:10:59","slug":"pull-papel-rolls-3m","status":"publish","type":"product","link":"https:\/\/laverteshop.fr\/es\/producto\/pull-papel-rolls-3m\/","title":{"rendered":"Rollos de papel en bruto 3m"},"content":{"rendered":"<p>Papel de liar Raw Rolls X 1 \u00a1Con el papel Raw Rolls elige el tama\u00f1o de tu cigarrillo! Ultra corto o super largo, ruede a su gusto.<\/p>\n<ul>\n<li>\u00a0Papel ecol\u00f3gico sin blanquear, ligeramente refinado<\/li>\n<li>\u00a0Extrafino y transl\u00facido<\/li>\n<li>\u00a0Pegamento a base de az\u00facar<\/li>\n<li>\u00a0Sin aditivos, con fibras org\u00e1nicas puras<\/li>\n<li>\u00a0Longitud de la hoja: 3 metros<\/li>\n<li>\u00a0Ancho de la hoja: 5,3 cm<\/li>\n<\/ul>\n<p>Para garantizar la mejor experiencia de degustaci\u00f3n posible, s\u00f3lo vendemos productos de la m\u00e1s alta calidad, conocidos en todo el mundo por su fina estructura y, sobre todo, elaborados con materiales y materias primas de primera calidad.<\/p>\n<p>Los precios aplicados son tambi\u00e9n muy interesantes para este tipo de productos, \u00a1as\u00ed que no lo dudes y a\u00f1\u00e1delos a tu pedido!<\/p>","protected":false},"excerpt":{"rendered":"<p>Papel de liar Raw Rolls X 1 \u00a1Con el papel Raw Rolls elige el tama\u00f1o de tu cigarrillo! Ultra corto o super largo, ruede a su gusto.<\/p>\n<ul>\n<li>\u00a0Papel ecol\u00f3gico sin blanquear, ligeramente refinado<\/li>\n<li>\u00a0Extrafino y transl\u00facido<\/li>\n<li>\u00a0Pegamento a base de az\u00facar<\/li>\n<li>\u00a0Sin aditivos, con fibras org\u00e1nicas puras<\/li>\n<li>\u00a0Longitud de la hoja: 3 metros<\/li>\n<li>\u00a0Ancho de la hoja: 5,3 cm<\/li>\n<\/ul>\n<p>&nbsp;<\/p>","protected":false},"featured_media":8387,"comment_status":"open","ping_status":"closed","template":"","meta":{"inline_featured_image":false},"product_brand":[198],"product_cat":[61,196],"product_tag":[217,218],"class_list":{"0":"post-8386","1":"product","2":"type-product","3":"status-publish","4":"has-post-thumbnail","6":"product_brand-raw","7":"product_cat-accessoires","8":"product_cat-feuilles-a-rouler","9":"product_tag-feuilles","10":"product_tag-filtres","12":"first","13":"outofstock","14":"taxable","15":"shipping-taxable","16":"purchasable","17":"product-type-simple"},"jetpack_sharing_enabled":true,"_links":{"self":[{"href":"https:\/\/laverteshop.fr\/es\/wp-json\/wp\/v2\/product\/8386","targetHints":{"allow":["GET"]}}],"collection":[{"href":"https:\/\/laverteshop.fr\/es\/wp-json\/wp\/v2\/product"}],"about":[{"href":"https:\/\/laverteshop.fr\/es\/wp-json\/wp\/v2\/types\/product"}],"replies":[{"embeddable":true,"href":"https:\/\/laverteshop.fr\/es\/wp-json\/wp\/v2\/comments?post=8386"}],"wp:featuredmedia":[{"embeddable":true,"href":"https:\/\/laverteshop.fr\/es\/wp-json\/wp\/v2\/media\/8387"}],"wp:attachment":[{"href":"https:\/\/laverteshop.fr\/es\/wp-json\/wp\/v2\/media?parent=8386"}],"wp:term":[{"taxonomy":"product_brand","embeddable":true,"href":"https:\/\/laverteshop.fr\/es\/wp-json\/wp\/v2\/product_brand?post=8386"},{"taxonomy":"product_cat","embeddable":true,"href":"https:\/\/laverteshop.fr\/es\/wp-json\/wp\/v2\/product_cat?post=8386"},{"taxonomy":"product_tag","embeddable":true,"href":"https:\/\/laverteshop.fr\/es\/wp-json\/wp\/v2\/product_tag?post=8386"}],"curies":[{"name":"wp","href":"https:\/\/api.w.org\/{rel}","templated":true}]}}