{"id":8380,"date":"2021-08-10T13:38:38","date_gmt":"2021-08-10T11:38:38","guid":{"rendered":"https:\/\/laverteshop.fr\/?post_type=product&#038;p=8380"},"modified":"2026-03-19T18:48:04","modified_gmt":"2026-03-19T17:48:04","slug":"filtros-finos-organicos-crudos","status":"publish","type":"product","link":"https:\/\/laverteshop.fr\/es\/producto\/filtros-finos-organicos-crudos\/","title":{"rendered":"Raw Organic King Size Slim + Filtros"},"content":{"rendered":"<p>RAW presenta el primer papel de fumar completamente org\u00e1nico y vegano. Fabricado con m\u00e9todos sostenibles y ecol\u00f3gicos.<\/p>\n<p>Un papel que arde lentamente, para garantizar una degustaci\u00f3n de calidad y una excelente relajaci\u00f3n.<\/p>\n<p>Para garantizarle la mejor experiencia posible, s\u00f3lo vendemos productos de la m\u00e1xima calidad. Conocidos en todo el mundo por su fina estructura y, sobre todo, fabricados con materiales y materias primas de primera calidad.<\/p>\n<p>Los precios aplicados son tambi\u00e9n muy interesantes para este tipo de productos, \u00a1as\u00ed que no lo dudes y a\u00f1\u00e1delos a tu pedido!<\/p>","protected":false},"excerpt":{"rendered":"<p>RAW presenta los primeros papeles de liar completamente org\u00e1nicos y veganos. Fabricado con m\u00e9todos sostenibles y ecol\u00f3gicos. Un papel que arde con suavidad, para garantizar un disfrute de calidad y una excelente relajaci\u00f3n.<\/p>","protected":false},"featured_media":8382,"comment_status":"open","ping_status":"closed","template":"","meta":{"inline_featured_image":false},"product_brand":[198],"product_cat":[196],"product_tag":[217,218],"class_list":{"0":"post-8380","1":"product","2":"type-product","3":"status-publish","4":"has-post-thumbnail","6":"product_brand-raw","7":"product_cat-feuilles-a-rouler","8":"product_tag-feuilles","9":"product_tag-filtres","11":"first","12":"instock","13":"taxable","14":"shipping-taxable","15":"purchasable","16":"product-type-simple"},"jetpack_sharing_enabled":true,"_links":{"self":[{"href":"https:\/\/laverteshop.fr\/es\/wp-json\/wp\/v2\/product\/8380","targetHints":{"allow":["GET"]}}],"collection":[{"href":"https:\/\/laverteshop.fr\/es\/wp-json\/wp\/v2\/product"}],"about":[{"href":"https:\/\/laverteshop.fr\/es\/wp-json\/wp\/v2\/types\/product"}],"replies":[{"embeddable":true,"href":"https:\/\/laverteshop.fr\/es\/wp-json\/wp\/v2\/comments?post=8380"}],"wp:featuredmedia":[{"embeddable":true,"href":"https:\/\/laverteshop.fr\/es\/wp-json\/wp\/v2\/media\/8382"}],"wp:attachment":[{"href":"https:\/\/laverteshop.fr\/es\/wp-json\/wp\/v2\/media?parent=8380"}],"wp:term":[{"taxonomy":"product_brand","embeddable":true,"href":"https:\/\/laverteshop.fr\/es\/wp-json\/wp\/v2\/product_brand?post=8380"},{"taxonomy":"product_cat","embeddable":true,"href":"https:\/\/laverteshop.fr\/es\/wp-json\/wp\/v2\/product_cat?post=8380"},{"taxonomy":"product_tag","embeddable":true,"href":"https:\/\/laverteshop.fr\/es\/wp-json\/wp\/v2\/product_tag?post=8380"}],"curies":[{"name":"wp","href":"https:\/\/api.w.org\/{rel}","templated":true}]}}