{"id":8283,"date":"2021-08-05T14:11:16","date_gmt":"2021-08-05T12:11:16","guid":{"rendered":"https:\/\/laverteshop.fr\/?post_type=product&#038;p=8283"},"modified":"2025-07-15T16:56:49","modified_gmt":"2025-07-15T14:56:49","slug":"moon-rock-60","status":"publish","type":"product","link":"https:\/\/laverteshop.fr\/es\/producto\/moon-rock-60\/","title":{"rendered":"Moon Rock 60%"},"content":{"rendered":"<p>Ce moon rock CBD 60% vous ravira par son haut taux de CBD, qui garantit une excellente relaxation. Un go\u00fbt tr\u00e8s fruit\u00e9 au nez. Nous utilisons une de nos Kush sous serre, qui est ensuite tremp\u00e9 dans de l&rsquo;huile de CBD.<\/p>\n<p>Nuestros productos tienen la calidad certificada del CBD suizo. Lo que m\u00e1s nos importa es poder ofrecerle flores y p\u00f3lenes de excelente calidad, a precios asequibles y aceptables, y dentro de los niveles permitidos por el TJUE (&lt;0,2% de THC).<\/p>\n<p>\u00bfQu\u00e9 se puede hacer con estos productos? Infusiones relajantes, para mejorar tu sue\u00f1o, popurr\u00ed para impregnar tu casa de un aroma natural, o puedes utilizarlas en tu comida si lo deseas (ensaladas, salsas, condimentos).<\/p>\n<p>Le aconsejamos que consulte a su m\u00e9dico, que podr\u00e1 aconsejarle sobre el mejor uso de su CBD.<\/p>","protected":false},"excerpt":{"rendered":"<p>Ce moon rock provient d&rsquo;une vari\u00e9t\u00e9 Kush cultiv\u00e9e sous serre, et tremp\u00e9e dans de l&rsquo;huile de CBD, ce qui donne ce taux \u00e9lev\u00e9 de CBD. Un produit phare qui peut \u00eatre utilis\u00e9 sous plusieurs formes (compl\u00e9ment alimentaire, infusions, etc). Son go\u00fbt fruit\u00e9 au nez vous ravira et vous rappeler des odeurs de barbapapa et de bonbons. C&rsquo;est un produit \u00e0 ne pas manquer, qui assurera une excellente relaxation.<\/p>\n<table style=\"border-collapse: collapse; width: 305px; height: 211px;\" border=\"1\">\n<tbody>\n<tr>\n<td style=\"width: 50%; text-align: center;\"><strong>THC<\/strong><\/td>\n<td style=\"width: 50%; text-align: center;\"><strong>0.12%<\/strong><\/td>\n<\/tr>\n<tr>\n<td style=\"width: 50%; text-align: center;\"><strong>CBD<\/strong><\/td>\n<td style=\"width: 50%; text-align: center;\"><strong>60%<\/strong><\/td>\n<\/tr>\n<tr>\n<td style=\"width: 50%; text-align: center;\"><strong>CBG<\/strong><\/td>\n<td style=\"width: 50%; text-align: center;\"><strong>0.02%<\/strong><\/td>\n<\/tr>\n<tr>\n<td style=\"width: 50%; text-align: center;\"><strong>Cultura<\/strong><\/td>\n<td style=\"width: 50%; text-align: center;\"><strong>Interior<\/strong><\/td>\n<\/tr>\n<\/tbody>\n<\/table>\n<p>&nbsp;<\/p>","protected":false},"featured_media":9707,"comment_status":"open","ping_status":"closed","template":"","meta":{"inline_featured_image":false},"product_brand":[75],"product_cat":[189],"product_tag":[76],"class_list":{"0":"post-8283","1":"product","2":"type-product","3":"status-publish","4":"has-post-thumbnail","6":"product_brand-la-verte","7":"product_cat-rock","8":"product_tag-indoor","10":"first","11":"instock","12":"taxable","13":"shipping-taxable","14":"purchasable","15":"product-type-variable"},"jetpack_sharing_enabled":true,"_links":{"self":[{"href":"https:\/\/laverteshop.fr\/es\/wp-json\/wp\/v2\/product\/8283","targetHints":{"allow":["GET"]}}],"collection":[{"href":"https:\/\/laverteshop.fr\/es\/wp-json\/wp\/v2\/product"}],"about":[{"href":"https:\/\/laverteshop.fr\/es\/wp-json\/wp\/v2\/types\/product"}],"replies":[{"embeddable":true,"href":"https:\/\/laverteshop.fr\/es\/wp-json\/wp\/v2\/comments?post=8283"}],"wp:featuredmedia":[{"embeddable":true,"href":"https:\/\/laverteshop.fr\/es\/wp-json\/wp\/v2\/media\/9707"}],"wp:attachment":[{"href":"https:\/\/laverteshop.fr\/es\/wp-json\/wp\/v2\/media?parent=8283"}],"wp:term":[{"taxonomy":"product_brand","embeddable":true,"href":"https:\/\/laverteshop.fr\/es\/wp-json\/wp\/v2\/product_brand?post=8283"},{"taxonomy":"product_cat","embeddable":true,"href":"https:\/\/laverteshop.fr\/es\/wp-json\/wp\/v2\/product_cat?post=8283"},{"taxonomy":"product_tag","embeddable":true,"href":"https:\/\/laverteshop.fr\/es\/wp-json\/wp\/v2\/product_tag?post=8283"}],"curies":[{"name":"wp","href":"https:\/\/api.w.org\/{rel}","templated":true}]}}