{"id":7690,"date":"2021-06-13T11:48:51","date_gmt":"2021-06-13T09:48:51","guid":{"rendered":"https:\/\/laverteshop.fr\/?post_type=product&#038;p=7690"},"modified":"2025-07-15T15:11:04","modified_gmt":"2025-07-15T13:11:04","slug":"sour-tsunami-greenhouse","status":"publish","type":"product","link":"https:\/\/laverteshop.fr\/es\/producto\/sour-tsunami-greenhouse\/","title":{"rendered":"Invernadero Sour Tsunami"},"content":{"rendered":"<p>Este es nuestro Greenhouse Sour Tsunami. A diferencia del Tsunami original, tiene un sabor un poco \u00e1cido. Bonitos cogollos de tama\u00f1o medio y un bonito color verde oscuro. Su olor relativamente terpenizado le recordar\u00e1 su lado terroso. Muy buena relaci\u00f3n calidad-precio.<\/p>\n<p>Con el invernadero Sour Tsunami, tienes un buen producto, en oferta especial por el momento.<\/p>\n<p>Nuestros productos tienen la calidad certificada del CBD suizo. Lo que m\u00e1s nos importa es poder ofrecerle flores y p\u00f3lenes de excelente calidad, a precios asequibles y aceptables, y dentro de los niveles permitidos por el TJUE (&lt;0,2% de THC).<\/p>\n<p>\u00bfQu\u00e9 se puede hacer con estos productos? Infusiones relajantes, para mejorar tu sue\u00f1o, popurr\u00ed para impregnar tu casa de un aroma natural, o puedes utilizarlas en tu comida si lo deseas (ensaladas, salsas, condimentos).<\/p>\n<p>Le aconsejamos que consulte a su m\u00e9dico, que podr\u00e1 aconsejarle sobre el mejor uso de su CBD.<\/p>\n<p><em>Tambi\u00e9n te gustar\u00e1:<\/em><\/p>\n<ul>\n<li data-wpmeteor-mouseover=\"true\"><a href=\"https:\/\/laverteshop.fr\/es\/producto\/kush\/\">Kush forestal<\/a><\/li>\n<li data-wpmeteor-mouseover=\"true\"><a href=\"https:\/\/laverteshop.fr\/es\/top-5-most-popular-cbd-variants-of-2021\/\">Las 5 mejores variedades de CBD<\/a><\/li>\n<li data-wpmeteor-mouseover=\"true\"><a href=\"https:\/\/laverteshop.fr\/es\/producto\/white-cbg\/\">Blanco CBG<\/a><\/li>\n<li data-wpmeteor-mouseover=\"true\"><a href=\"https:\/\/laverteshop.fr\/es\/el-cannabis-medicinal-cultivado-en-alemania-esta-disponible-por-primera-vez\/\">El cannabis cultivado en Alemania...<\/a><\/li>\n<\/ul>","protected":false},"excerpt":{"rendered":"<p>Notre Sour Tsunami Greenhouse est une vari\u00e9t\u00e9 qui est devenue c\u00e9l\u00e8bre parce qu&rsquo;elle est l&rsquo;une des premi\u00e8res \u00e0 avoir \u00e9t\u00e9 s\u00e9lectionn\u00e9e pour sa forte <a href=\"https:\/\/laverteshop.fr\/es\/the-cbd-and-sex\/\">Contenido de CBD<\/a> plut\u00f4t qu&rsquo;en THC.<\/p>\n<p>Le r\u00e9sultat est une vari\u00e9t\u00e9 efficace pour traiter la douleur et l&rsquo;inflammation<a href=\"https:\/\/laverteshop.fr\/es\/por-que-tomar-cbd-trabajar\/\"> sans produire un \u00ab\u00a0high\u00a0\u00bb<\/a> relacionados con el alto contenido de THC.<\/p>\n<p>Esta flor fue creada cruzando plantas de Sour Diesel con NYC Diesel. Este <a href=\"https:\/\/laverteshop.fr\/es\/producto\/hawaiian-haze\/\">h\u00edbrido<\/a> La sativa-dominante florece en 9 semanas, produciendo cogollos densos y de color verde oscuro con hojas de color verde oscuro y con matices p\u00farpura. Los cogollos tienen un olor almizclado familiar a diesel con matices dulces.<\/p>\n<table style=\"border-collapse: collapse; width: 305px; height: 211px;\" border=\"1\">\n<tbody>\n<tr>\n<td style=\"width: 50%; text-align: center;\"><strong>THC<\/strong><\/td>\n<td style=\"width: 50%; text-align: center;\"><strong>0.18%<\/strong><\/td>\n<\/tr>\n<tr>\n<td style=\"width: 50%; text-align: center;\"><strong>CBD<\/strong><\/td>\n<td style=\"width: 50%; text-align: center;\"><strong>7.8%<\/strong><\/td>\n<\/tr>\n<tr>\n<td style=\"width: 50%; text-align: center;\"><strong>CBG<\/strong><\/td>\n<td style=\"width: 50%; text-align: center;\"><strong>0.18%<\/strong><\/td>\n<\/tr>\n<tr>\n<td style=\"width: 50%; text-align: center;\"><strong>Cultura<\/strong><\/td>\n<td style=\"width: 50%; text-align: center;\"><strong>H\u00edbrido<\/strong><\/td>\n<\/tr>\n<\/tbody>\n<\/table>","protected":false},"featured_media":8303,"comment_status":"open","ping_status":"closed","template":"","meta":{"inline_featured_image":false},"product_brand":[75],"product_cat":[58],"product_tag":[74],"class_list":{"0":"post-7690","1":"product","2":"type-product","3":"status-publish","4":"has-post-thumbnail","6":"product_brand-la-verte","7":"product_cat-fleurs","8":"product_tag-sous-serre","10":"first","11":"outofstock","12":"sale","13":"taxable","14":"shipping-taxable","15":"purchasable","16":"product-type-variable","17":"has-default-attributes"},"jetpack_sharing_enabled":true,"_links":{"self":[{"href":"https:\/\/laverteshop.fr\/es\/wp-json\/wp\/v2\/product\/7690","targetHints":{"allow":["GET"]}}],"collection":[{"href":"https:\/\/laverteshop.fr\/es\/wp-json\/wp\/v2\/product"}],"about":[{"href":"https:\/\/laverteshop.fr\/es\/wp-json\/wp\/v2\/types\/product"}],"replies":[{"embeddable":true,"href":"https:\/\/laverteshop.fr\/es\/wp-json\/wp\/v2\/comments?post=7690"}],"wp:featuredmedia":[{"embeddable":true,"href":"https:\/\/laverteshop.fr\/es\/wp-json\/wp\/v2\/media\/8303"}],"wp:attachment":[{"href":"https:\/\/laverteshop.fr\/es\/wp-json\/wp\/v2\/media?parent=7690"}],"wp:term":[{"taxonomy":"product_brand","embeddable":true,"href":"https:\/\/laverteshop.fr\/es\/wp-json\/wp\/v2\/product_brand?post=7690"},{"taxonomy":"product_cat","embeddable":true,"href":"https:\/\/laverteshop.fr\/es\/wp-json\/wp\/v2\/product_cat?post=7690"},{"taxonomy":"product_tag","embeddable":true,"href":"https:\/\/laverteshop.fr\/es\/wp-json\/wp\/v2\/product_tag?post=7690"}],"curies":[{"name":"wp","href":"https:\/\/api.w.org\/{rel}","templated":true}]}}