{"id":7685,"date":"2021-06-13T11:46:21","date_gmt":"2021-06-13T09:46:21","guid":{"rendered":"https:\/\/laverteshop.fr\/?post_type=product&#038;p=7685"},"modified":"2025-07-15T15:11:05","modified_gmt":"2025-07-15T13:11:05","slug":"blanco-cbg-invernadero","status":"publish","type":"product","link":"https:\/\/laverteshop.fr\/es\/producto\/blanco-cbg-invernadero\/","title":{"rendered":"Invernadero CBG Blanco"},"content":{"rendered":"<p>Voici un de nos produit int\u00e9ressant. Cette White CBG Greenhouse vous procurera la d\u00e9tente d\u00e9sir\u00e9e, encore davantage que nos fleurs de CBD normales. la CBG a de fortes vertus th\u00e9rapeutique, et donc cette White CBG peut \u00eatre recommand\u00e9e si vous avez des douleurs chroniques. C&rsquo;est la diff\u00e9rence principale entre la CBD et la CBG. Son odeur rappelle un cot\u00e9 assez terreux et bois\u00e9, donc une vari\u00e9t\u00e9 plut\u00f4t assez terpenis\u00e9e.<\/p>\n<p>El invernadero CBG blanco es un gran producto.<\/p>\n<p>Nuestros productos tienen la calidad certificada del CBD suizo. Lo que m\u00e1s nos importa es poder ofrecerle flores y p\u00f3lenes de excelente calidad, a precios asequibles y aceptables, y dentro de los niveles permitidos por el TJUE (&lt;0,2% de THC).<\/p>\n<p>\u00bfQu\u00e9 se puede hacer con estos productos? Infusiones relajantes, para mejorar tu sue\u00f1o, popurr\u00ed para impregnar tu casa de un aroma natural, o puedes utilizarlas en tu comida si lo deseas (ensaladas, salsas, condimentos).<\/p>\n<p>Le aconsejamos que consulte a su m\u00e9dico, que podr\u00e1 aconsejarle sobre el mejor uso de su CBD.<\/p>\n<p><em>Tambi\u00e9n te gustar\u00e1:<\/em><\/p>\n<p><a href=\"https:\/\/laverteshop.fr\/es\/cbg-vs-cbd\/\">CBG vs CBD<\/a><br \/>\n<a href=\"https:\/\/laverteshop.fr\/es\/producto\/lemon-tonic\/\">T\u00f3nico de lim\u00f3n<\/a><br \/>\n<a href=\"https:\/\/laverteshop.fr\/es\/cbda-y-cbd-cuidado-con-los-anarquistas\/\">CBDa y CBD<\/a><\/p>","protected":false},"excerpt":{"rendered":"<p>White CBG Greenhouse le deleitar\u00e1 con su alto contenido en CBG.<\/p>\n<p>Le CBG s&rsquo;est beaucoup d\u00e9velopp\u00e9 dans les pays qui ont l\u00e9galis\u00e9 le THC, et donc cette fleur aura des effets apaisants un peu plus cons\u00e9quents que certaines de nos vari\u00e9t\u00e9s CBD.<\/p>\n<p>Una nariz m\u00e1s bien <a href=\"https:\/\/laverteshop.fr\/es\/producto\/nepal-hash\/\">terpeno<\/a> y orientada a la madera y natural, y muy hermosa, brotes bien cuidados, un color blanquecino y sobre todo un gran n\u00famero de <a href=\"https:\/\/laverteshop.fr\/es\/producto\/banana-kush\/\">tricomas anaranjados<\/a>Esta variedad ser\u00e1 claramente un descubrimiento que no querr\u00e1 perderse.<\/p>\n<table style=\"border-collapse: collapse; width: 305px; height: 211px;\" border=\"1\">\n<tbody>\n<tr>\n<td style=\"width: 50%; text-align: center;\"><strong>THC<\/strong><\/td>\n<td style=\"width: 50%; text-align: center;\"><strong>0.10%<\/strong><\/td>\n<\/tr>\n<tr>\n<td style=\"width: 50%; text-align: center;\"><strong>CBD<\/strong><\/td>\n<td style=\"width: 50%; text-align: center;\"><strong>6.5%<\/strong><\/td>\n<\/tr>\n<tr>\n<td style=\"width: 50%; text-align: center;\"><strong>CBG<\/strong><\/td>\n<td style=\"width: 50%; text-align: center;\"><strong>18%<\/strong><\/td>\n<\/tr>\n<tr>\n<td style=\"width: 50%; text-align: center;\"><strong>Cultura<\/strong><\/td>\n<td style=\"width: 50%; text-align: center;\"><strong>Bajo invernadero<\/strong><\/td>\n<\/tr>\n<\/tbody>\n<\/table>","protected":false},"featured_media":8302,"comment_status":"open","ping_status":"closed","template":"","meta":{"inline_featured_image":false},"product_brand":[75],"product_cat":[58],"product_tag":[74],"class_list":{"0":"post-7685","1":"product","2":"type-product","3":"status-publish","4":"has-post-thumbnail","6":"product_brand-la-verte","7":"product_cat-fleurs","8":"product_tag-sous-serre","10":"first","11":"outofstock","12":"taxable","13":"shipping-taxable","14":"purchasable","15":"product-type-variable","16":"has-default-attributes"},"jetpack_sharing_enabled":true,"_links":{"self":[{"href":"https:\/\/laverteshop.fr\/es\/wp-json\/wp\/v2\/product\/7685","targetHints":{"allow":["GET"]}}],"collection":[{"href":"https:\/\/laverteshop.fr\/es\/wp-json\/wp\/v2\/product"}],"about":[{"href":"https:\/\/laverteshop.fr\/es\/wp-json\/wp\/v2\/types\/product"}],"replies":[{"embeddable":true,"href":"https:\/\/laverteshop.fr\/es\/wp-json\/wp\/v2\/comments?post=7685"}],"wp:featuredmedia":[{"embeddable":true,"href":"https:\/\/laverteshop.fr\/es\/wp-json\/wp\/v2\/media\/8302"}],"wp:attachment":[{"href":"https:\/\/laverteshop.fr\/es\/wp-json\/wp\/v2\/media?parent=7685"}],"wp:term":[{"taxonomy":"product_brand","embeddable":true,"href":"https:\/\/laverteshop.fr\/es\/wp-json\/wp\/v2\/product_brand?post=7685"},{"taxonomy":"product_cat","embeddable":true,"href":"https:\/\/laverteshop.fr\/es\/wp-json\/wp\/v2\/product_cat?post=7685"},{"taxonomy":"product_tag","embeddable":true,"href":"https:\/\/laverteshop.fr\/es\/wp-json\/wp\/v2\/product_tag?post=7685"}],"curies":[{"name":"wp","href":"https:\/\/api.w.org\/{rel}","templated":true}]}}