{"id":19177,"date":"2025-01-17T15:05:57","date_gmt":"2025-01-17T14:05:57","guid":{"rendered":"https:\/\/laverteshop.fr\/?post_type=product&#038;p=19177"},"modified":"2026-04-17T14:08:52","modified_gmt":"2026-04-17T12:08:52","slug":"marron-espumoso-cpm","status":"publish","type":"product","link":"https:\/\/laverteshop.fr\/es\/producto\/marron-espumoso-cpm\/","title":{"rendered":"Marr\u00f3n chispeante CPM"},"content":{"rendered":"<p>Un nuevo producto molecular Mousseux Marr\u00f3n CPM<\/p>\n<p>Qu&rsquo;est ce que le CPM ? Le CPM est un n\u00e9o cannabino\u00efde tout r\u00e9cent, et trouv\u00e9 par des chimistes qui travaillent depuis plusieurs ann\u00e9es sur les mol\u00e9cules de cannabis et de chanvre. Apr\u00e8s le HHC, le THCP,le H4CBD, le HHCPO, et le 10-OH-HHC, tous interdits, le CPM est LA SEULE MOL\u00c9CULE l\u00e9gale du march\u00e9, et qui donne un effet euphorisant lors de la consommation.<\/p>\n<p>Cette mol\u00e9cule vous relaxera davantage que le CBD normal, et vous procurera des effets euphorisants rapides et courts. C&rsquo;est clairement la meilleure alternative au THC possible.<\/p>\n<p>Le Mousseux Brown CPM est un hash issu d&rsquo;une base de pollen CBD indoor pur, c&rsquo;est donc une r\u00e9sine moelleuse, facile \u00e0 utiliser et \u00e0 manier. Un ajout de 10% de distillat CPM lors de la pr\u00e9paration, et qui vous procurera une excellente relaxation et un \u00ab\u00a0high\u00a0\u00bb int\u00e9ressant.<\/p>\n<p>Lo que m\u00e1s nos importa es que podemos proporcionarle flores y resinas de excelente valor a precios asequibles y aceptables, y dentro de los niveles permitidos por el TJUE (&lt;0,3% de THC).<\/p>\n<p>\u00bfQu\u00e9 se puede hacer con estos productos? Infusiones relajantes, para mejorar tu sue\u00f1o, popurr\u00ed para impregnar tu casa de un aroma natural, o puedes utilizarlas en tu comida si lo deseas (ensaladas, salsas, condimentos).<\/p>\n<p>Nous vous conseillons de consulter l\u2019avis votre m\u00e9decin, qui pourra vous conseiller le meilleur usage pour votre CBD. De plus, nous vous rappelons qu&rsquo;il est strictement interdit de consommer du CPM avant de conduire.<\/p>\n<p><strong>NOTA IMPORTANTE:<\/strong> Nos r\u00e9sines et hash sont pr\u00e9par\u00e9s dans des laboratoires certifi\u00e9s, avec des proc\u00e9d\u00e9s et techniques qui appartiennent seulement aux producteurs avec qui nous travaillons. La texture et l&rsquo;odeur des produits peuvent donc changer d&rsquo;une r\u00e9colte \u00e0 une autre, d\u00e9pendant aussi de la fleur utilis\u00e9e. Si vous avez un probl\u00e8me avec un produit, contactez nous \u00e0 <a href=\"mailto:contact@laverteshop.fr\">contact@laverteshop.fr<\/a> y encontraremos una soluci\u00f3n para su satisfacci\u00f3n. Gracias por su comprensi\u00f3n.<\/p>","protected":false},"excerpt":{"rendered":"<p>La mol\u00e9cule CPM est LA nouvelle mol\u00e9cule euphorisante et 100% l\u00e9gale ! Cr\u00e9e par des chimistes professionnels du chanvre et du cannabis, c&rsquo;est une mol\u00e9cule qui procure un \u00ab\u00a0high\u00a0\u00bb non n\u00e9gligeable.<\/p>\n<p>Ce Mousseux Brown CPM est un hash tr\u00e8s soft et fin, que nous avions pr\u00e9c\u00e9demment dans une autre mol\u00e9cule, et ainsi qu&rsquo;en CBD (<a href=\"https:\/\/laverteshop.fr\/es\/producto\/swiss-premium-black-hash-bio-4\/\">Hach\u00eds espumoso TGV, <\/a><a href=\"https:\/\/laverteshop.fr\/es\/producto\/le-mousseux-t-p\/\">CBD espumoso<\/a>). Moelleux, facile \u00e0 utiliser, et tr\u00e8s floral lors de la consommation, c&rsquo;est une r\u00e9sine qui vous ravira par ses saveurs d&rsquo;antan, et son effet int\u00e9ressant.<\/p>\n<ul>\n<li>Fuente: Polen de flores de interior<\/li>\n<li>Efectos: Potente y euf\u00f3rico<\/li>\n<\/ul>\n<table style=\"border-collapse: collapse; width: 192px; height: 205px;\" border=\"1\">\n<tbody>\n<tr>\n<td style=\"width: 50%; text-align: center;\"><strong>THC<\/strong><\/td>\n<td style=\"width: 50%; text-align: center;\"><strong>0.28 %<\/strong><\/td>\n<\/tr>\n<tr>\n<td style=\"width: 50%; text-align: center;\"><strong>CBD<\/strong><\/td>\n<td style=\"width: 50%; text-align: center;\"><strong>25 %<\/strong><\/td>\n<\/tr>\n<tr>\n<td style=\"width: 50%; text-align: center;\"><b>CPM<\/b><\/td>\n<td style=\"width: 50%; text-align: center;\"><strong>10 %<\/strong><\/td>\n<\/tr>\n<tr>\n<td style=\"width: 50%; text-align: center;\"><b>Cultura<\/b><\/td>\n<td style=\"width: 50%; text-align: center;\"><strong>Interior<\/strong><\/td>\n<\/tr>\n<\/tbody>\n<\/table>\n<p>&nbsp;<\/p>","protected":false},"featured_media":19181,"comment_status":"open","ping_status":"closed","template":"","meta":{"inline_featured_image":false},"product_brand":[75],"product_cat":[304,59],"product_tag":[303,244,230],"class_list":{"0":"post-19177","1":"product","2":"type-product","3":"status-publish","4":"has-post-thumbnail","6":"product_brand-la-verte","7":"product_cat-produits-puissants","8":"product_cat-pollens","9":"product_tag-cpm","10":"product_tag-hash","11":"product_tag-resines","13":"first","14":"instock","15":"taxable","16":"shipping-taxable","17":"purchasable","18":"product-type-variable"},"jetpack_sharing_enabled":true,"_links":{"self":[{"href":"https:\/\/laverteshop.fr\/es\/wp-json\/wp\/v2\/product\/19177","targetHints":{"allow":["GET"]}}],"collection":[{"href":"https:\/\/laverteshop.fr\/es\/wp-json\/wp\/v2\/product"}],"about":[{"href":"https:\/\/laverteshop.fr\/es\/wp-json\/wp\/v2\/types\/product"}],"replies":[{"embeddable":true,"href":"https:\/\/laverteshop.fr\/es\/wp-json\/wp\/v2\/comments?post=19177"}],"wp:featuredmedia":[{"embeddable":true,"href":"https:\/\/laverteshop.fr\/es\/wp-json\/wp\/v2\/media\/19181"}],"wp:attachment":[{"href":"https:\/\/laverteshop.fr\/es\/wp-json\/wp\/v2\/media?parent=19177"}],"wp:term":[{"taxonomy":"product_brand","embeddable":true,"href":"https:\/\/laverteshop.fr\/es\/wp-json\/wp\/v2\/product_brand?post=19177"},{"taxonomy":"product_cat","embeddable":true,"href":"https:\/\/laverteshop.fr\/es\/wp-json\/wp\/v2\/product_cat?post=19177"},{"taxonomy":"product_tag","embeddable":true,"href":"https:\/\/laverteshop.fr\/es\/wp-json\/wp\/v2\/product_tag?post=19177"}],"curies":[{"name":"wp","href":"https:\/\/api.w.org\/{rel}","templated":true}]}}