{"id":18934,"date":"2024-10-22T11:41:11","date_gmt":"2024-10-22T09:41:11","guid":{"rendered":"https:\/\/laverteshop.fr\/?post_type=product&#038;p=18934"},"modified":"2025-08-26T10:49:49","modified_gmt":"2025-08-26T08:49:49","slug":"swiss-premium-black-hash-bio-5","status":"publish","type":"product","link":"https:\/\/laverteshop.fr\/es\/producto\/swiss-premium-black-hash-bio-5\/","title":{"rendered":"Charas Noir TGV"},"content":{"rendered":"<p>\u00a1Nuevo producto mol\u00e9cula! El Charas Noir TGV<\/p>\n<p>Qu&rsquo;est ce que le TGV ? C&rsquo;est un m\u00e9lange d&rsquo;isolats (forme poudreuse du CBD, et donc tr\u00e8s concentr\u00e9 en CBD) de CBN, de CBC ainsi qu&rsquo;un isolat naturel et l\u00e9g\u00e8rement euphorisant. Ce m\u00e9lange d&rsquo;isolats est ensuite inclus dans la presse des r\u00e9sines, et ajout\u00e9 sur les fleurs gr\u00e2ce a un ajout de pollens. Les fleurs sont donc plus claires, plus fortes, plus relaxantes et euphorisantes, mais non psychotropes, et beaucoup moins fort que d&rsquo;autre anciennes n\u00e9o-mol\u00e9cules (THCP, HHCPO, etc). Produit 100% naturel et l\u00e9gal !<\/p>\n<p>Cette mol\u00e9cule vous relaxera davantage que le CBD normal, mais ne vous donnera pas de gros \u00ab\u00a0high\u00a0\u00bb, c&rsquo;est un produit plut\u00f4t naturel.<\/p>\n<p>Le Charas Noir TGV est un hash moelleux, plut\u00f4t fonc\u00e9, et tr\u00e8s facile \u00e0 utiliser. Cette r\u00e9sine huileuse se caract\u00e9rise par une odeur poivr\u00e9e prononc\u00e9e, proche des hash d&rsquo;antan. Grace \u00e0 son ajout de TGV, elle procurera une belle d\u00e9tente, tout en \u00e9vitant des effets pychotropes n\u00e9fastes. Clairement un hash parfait en fin de journ\u00e9e.<\/p>\n<p>Lo que m\u00e1s nos importa es que podemos proporcionarle flores y resinas de excelente valor a precios asequibles y aceptables, y dentro de los niveles permitidos por el TJUE (&lt;0,3% de THC).<\/p>\n<p>\u00bfQu\u00e9 se puede hacer con estos productos? Infusiones relajantes, para mejorar tu sue\u00f1o, popurr\u00ed para impregnar tu casa de un aroma natural, o puedes utilizarlas en tu comida si lo deseas (ensaladas, salsas, condimentos).<\/p>\n<p>Le aconsejamos que consulte a su m\u00e9dico, que podr\u00e1 aconsejarle sobre el mejor uso de su CBD.<\/p>\n<p><strong>NOTA IMPORTANTE:<\/strong> Nos r\u00e9sines et hash sont pr\u00e9par\u00e9s dans des laboratoires certifi\u00e9s, avec des proc\u00e9d\u00e9s et techniques qui appartiennent seulement aux producteurs avec qui nous travaillons. La texture et l&rsquo;odeur des produits peuvent donc changer d&rsquo;une r\u00e9colte \u00e0 une autre, d\u00e9pendant aussi de la fleur utilis\u00e9e. Si vous avez un probl\u00e8me avec un produit, contactez nous \u00e0 <a href=\"mailto:contact@laverteshop.fr\">contact@laverteshop.fr<\/a> y encontraremos una soluci\u00f3n para su satisfacci\u00f3n. Gracias por su comprensi\u00f3n.<\/p>","protected":false},"excerpt":{"rendered":"<p>La mol\u00e9cule TGV (voir d\u00e9tails ci dessous dans la description longue) vous relaxera davantage que le CBD normal, mais ne vous donnera pas de gros \u00ab\u00a0high\u00a0\u00bb. Produit 100% naturel et l\u00e9gal !<\/p>\n<p>Le Charas Noir TGV est une r\u00e9sine fonc\u00e9e, moelleuse et l\u00e9g\u00e8rement huileuse. Des notes poivr\u00e9es tr\u00e8s reconnaissantes, et lors de l&rsquo;ouverture du sachet, vous vous sentirez comme \u00e0 l&rsquo;\u00e9poque des hash d&rsquo;antan.<\/p>\n<ul>\n<li>Origen : Bio Suisse<\/li>\n<li>Efectos: ligeramente potente<\/li>\n<\/ul>\n<table style=\"border-collapse: collapse; width: 192px; height: 205px;\" border=\"1\">\n<tbody>\n<tr>\n<td style=\"width: 50%; text-align: center;\"><strong>THC<\/strong><\/td>\n<td style=\"width: 50%; text-align: center;\"><strong>0.28 %<\/strong><\/td>\n<\/tr>\n<tr>\n<td style=\"width: 50%; text-align: center;\"><strong>CBD<\/strong><\/td>\n<td style=\"width: 50%; text-align: center;\"><strong>25 %<\/strong><\/td>\n<\/tr>\n<tr>\n<td style=\"width: 50%; text-align: center;\"><b>TGV<\/b><\/td>\n<td style=\"width: 50%; text-align: center;\"><strong>10 %<\/strong><\/td>\n<\/tr>\n<tr>\n<td style=\"width: 50%; text-align: center;\"><b>Cultura<\/b><\/td>\n<td style=\"width: 50%; text-align: center;\"><strong>Interior<\/strong><\/td>\n<\/tr>\n<\/tbody>\n<\/table>\n<p>&nbsp;<\/p>","protected":false},"featured_media":18939,"comment_status":"open","ping_status":"closed","template":"","meta":{"inline_featured_image":false},"product_brand":[75],"product_cat":[59,304],"product_tag":[244,230],"class_list":{"0":"post-18934","1":"product","2":"type-product","3":"status-publish","4":"has-post-thumbnail","6":"product_brand-la-verte","7":"product_cat-pollens","8":"product_cat-produits-puissants","9":"product_tag-hash","10":"product_tag-resines","12":"first","13":"outofstock","14":"taxable","15":"shipping-taxable","16":"purchasable","17":"product-type-variable"},"jetpack_sharing_enabled":true,"_links":{"self":[{"href":"https:\/\/laverteshop.fr\/es\/wp-json\/wp\/v2\/product\/18934","targetHints":{"allow":["GET"]}}],"collection":[{"href":"https:\/\/laverteshop.fr\/es\/wp-json\/wp\/v2\/product"}],"about":[{"href":"https:\/\/laverteshop.fr\/es\/wp-json\/wp\/v2\/types\/product"}],"replies":[{"embeddable":true,"href":"https:\/\/laverteshop.fr\/es\/wp-json\/wp\/v2\/comments?post=18934"}],"wp:featuredmedia":[{"embeddable":true,"href":"https:\/\/laverteshop.fr\/es\/wp-json\/wp\/v2\/media\/18939"}],"wp:attachment":[{"href":"https:\/\/laverteshop.fr\/es\/wp-json\/wp\/v2\/media?parent=18934"}],"wp:term":[{"taxonomy":"product_brand","embeddable":true,"href":"https:\/\/laverteshop.fr\/es\/wp-json\/wp\/v2\/product_brand?post=18934"},{"taxonomy":"product_cat","embeddable":true,"href":"https:\/\/laverteshop.fr\/es\/wp-json\/wp\/v2\/product_cat?post=18934"},{"taxonomy":"product_tag","embeddable":true,"href":"https:\/\/laverteshop.fr\/es\/wp-json\/wp\/v2\/product_tag?post=18934"}],"curies":[{"name":"wp","href":"https:\/\/api.w.org\/{rel}","templated":true}]}}