{"id":18664,"date":"2024-09-03T10:53:04","date_gmt":"2024-09-03T08:53:04","guid":{"rendered":"https:\/\/laverteshop.fr\/?post_type=product&#038;p=18664"},"modified":"2025-11-10T16:44:11","modified_gmt":"2025-11-10T15:44:11","slug":"blueberry-indoor-mini-buds-4","status":"publish","type":"product","link":"https:\/\/laverteshop.fr\/es\/producto\/blueberry-indoor-mini-buds-4\/","title":{"rendered":"TGV interior Kannatonic"},"content":{"rendered":"<p>Nuevo producto mol\u00e9cula<\/p>\n<p>Qu&rsquo;est ce que le TGV ? C&rsquo;est un m\u00e9lange d&rsquo;isolats (forme poudreuse du CBD, et donc tr\u00e8s concentr\u00e9 en CBD) de CBN, de CBC ainsi qu&rsquo;un isolat naturel et l\u00e9g\u00e8rement euphorisant. Ce m\u00e9lange d&rsquo;isolats est ensuite inclus dans la presse des r\u00e9sines, et ajout\u00e9 sur les fleurs gr\u00e2ce a un ajout de pollens. Les fleurs sont donc plus claires, plus fortes, plus relaxantes et euphorisantes, mais non psychotropes, et beaucoup moins fort que d&rsquo;autre anciennes n\u00e9o-mol\u00e9cules (THCP, HHCPO, etc). Produit 100% naturel et l\u00e9gal !<\/p>\n<p>Cette mol\u00e9cule vous relaxera davantage que le CBD normal, mais ne vous donnera pas de gros \u00ab\u00a0high\u00a0\u00bb, c&rsquo;est un produit plut\u00f4t naturel.<\/p>\n<p>Esta Kannatonic Indoor TGV es una variedad h\u00edbrida derivada de 2 cepas, Cannatonic y Harlequin, y cultivada en interior en perfectas condiciones de temperatura, humedad y luz.<\/p>\n<p>Verte plut\u00f4t claire, et tr\u00e8s fruit\u00e9e \u00e0 l&rsquo;odeur (le c\u00f4t\u00e9 Cannatonic), cette fleur vous surprendra par sa puissance en go\u00fbt, tout en \u00e9tant tr\u00e8s facile \u00e0 consommer.<\/p>\n<p>Lo que m\u00e1s nos importa es que podemos proporcionarle flores y resinas de excelente valor a precios asequibles y aceptables, y dentro de los niveles permitidos por el TJUE (&lt;0,3% de THC).<\/p>\n<p>\u00bfQu\u00e9 se puede hacer con estos productos? Infusiones relajantes, para mejorar tu sue\u00f1o, popurr\u00ed para impregnar tu casa de un aroma natural, o puedes utilizarlas en tu comida si lo deseas (ensaladas, salsas, condimentos).<\/p>\n<p>Le aconsejamos que consulte a su m\u00e9dico, que podr\u00e1 aconsejarle sobre el mejor uso de su CBD.<\/p>\n<p>&nbsp;<\/p>\n<p>&nbsp;<\/p>\n<p>&nbsp;<\/p>\n<h6><\/h6>","protected":false},"excerpt":{"rendered":"<p>La mol\u00e9cule TGV (voir d\u00e9tails ci dessous dans la description longue) vous relaxera davantage que le CBD normal, mais ne vous donnera pas de gros \u00ab\u00a0high\u00a0\u00bb. Produit 100% naturel et l\u00e9gal !<\/p>\n<p>Esta Kannatonic Indoor TGV es una variedad h\u00edbrida derivada de 2 conocidas cepas, Cannatonic y Harlequin, y cultivada en interior en perfectas condiciones de temperatura, humedad y luz.<\/p>\n<p>Verte plut\u00f4t claire, et tr\u00e8s fruit\u00e9e \u00e0 l&rsquo;odeur (le c\u00f4t\u00e9 Cannatonic), cette fleur vous surprendra par sa puissance en go\u00fbt, tout en \u00e9tant tr\u00e8s facile \u00e0 consommer.<\/p>\n<ul>\n<li>Origen: Suiza<\/li>\n<li>Variedad: H\u00edbrido Harlequin Cannatonic<\/li>\n<\/ul>\n<table style=\"border-collapse: collapse; width: 192px; height: 205px;\" border=\"1\">\n<tbody>\n<tr>\n<td style=\"width: 50%; text-align: center;\"><strong>THC<\/strong><\/td>\n<td style=\"width: 50%; text-align: center;\"><strong>0.23 %<\/strong><\/td>\n<\/tr>\n<tr>\n<td style=\"width: 50%; text-align: center;\"><strong>CBD<\/strong><\/td>\n<td style=\"width: 50%; text-align: center;\"><strong>19 %<\/strong><\/td>\n<\/tr>\n<tr>\n<td style=\"width: 50%; text-align: center;\"><strong>CBN<\/strong><\/td>\n<td style=\"width: 50%; text-align: center;\"><strong>5%<\/strong><\/td>\n<\/tr>\n<tr>\n<td style=\"width: 50%; text-align: center;\"><b>Cultura<\/b><\/td>\n<td style=\"width: 50%; text-align: center;\"><strong>Interior<\/strong><\/td>\n<\/tr>\n<\/tbody>\n<\/table>","protected":false},"featured_media":18638,"comment_status":"open","ping_status":"closed","template":"","meta":{"inline_featured_image":false},"product_brand":[75],"product_cat":[304,58,253],"product_tag":[220,76,301],"class_list":{"0":"post-18664","1":"product","2":"type-product","3":"status-publish","4":"has-post-thumbnail","6":"product_brand-la-verte","7":"product_cat-produits-puissants","8":"product_cat-fleurs","9":"product_cat-indoor","10":"product_tag-fleurs-cbd","11":"product_tag-indoor","12":"product_tag-tgv","14":"first","15":"outofstock","16":"taxable","17":"shipping-taxable","18":"purchasable","19":"product-type-variable"},"jetpack_sharing_enabled":true,"_links":{"self":[{"href":"https:\/\/laverteshop.fr\/es\/wp-json\/wp\/v2\/product\/18664","targetHints":{"allow":["GET"]}}],"collection":[{"href":"https:\/\/laverteshop.fr\/es\/wp-json\/wp\/v2\/product"}],"about":[{"href":"https:\/\/laverteshop.fr\/es\/wp-json\/wp\/v2\/types\/product"}],"replies":[{"embeddable":true,"href":"https:\/\/laverteshop.fr\/es\/wp-json\/wp\/v2\/comments?post=18664"}],"wp:featuredmedia":[{"embeddable":true,"href":"https:\/\/laverteshop.fr\/es\/wp-json\/wp\/v2\/media\/18638"}],"wp:attachment":[{"href":"https:\/\/laverteshop.fr\/es\/wp-json\/wp\/v2\/media?parent=18664"}],"wp:term":[{"taxonomy":"product_brand","embeddable":true,"href":"https:\/\/laverteshop.fr\/es\/wp-json\/wp\/v2\/product_brand?post=18664"},{"taxonomy":"product_cat","embeddable":true,"href":"https:\/\/laverteshop.fr\/es\/wp-json\/wp\/v2\/product_cat?post=18664"},{"taxonomy":"product_tag","embeddable":true,"href":"https:\/\/laverteshop.fr\/es\/wp-json\/wp\/v2\/product_tag?post=18664"}],"curies":[{"name":"wp","href":"https:\/\/api.w.org\/{rel}","templated":true}]}}