{"id":18438,"date":"2024-07-23T16:51:43","date_gmt":"2024-07-23T14:51:43","guid":{"rendered":"https:\/\/laverteshop.fr\/?post_type=product&#038;p=18438"},"modified":"2025-07-15T15:50:15","modified_gmt":"2025-07-15T13:50:15","slug":"blueberry-indoor-mini-buds-2","status":"publish","type":"product","link":"https:\/\/laverteshop.fr\/es\/producto\/blueberry-indoor-mini-buds-2\/","title":{"rendered":"Queen Purple Mini cogollos de interior"},"content":{"rendered":"<p>Lo mejor del CBD suizo.<\/p>\n<p>Avis \u00e0 tous nos amateurs de mini buds et popcorn buds, voici notre nouvelle arriv\u00e9e, et c&rsquo;est une p\u00e9pite ! Cette Queen Purple Indoor mini buds, provient de la culture de la Queen Purple indoor, v\u00e9ritable bijou de fleur de CBD. Des minis buds claires, avec de jolis notes purple qui ressortent, et un go\u00fbt l\u00e9g\u00e8rement fruit\u00e9.<\/p>\n<p>Cultivada en interior, es una flor brillante y hermosa con un aroma muy fuerte. Ideal para todos nuestros fans de los mini cogollos, \u00a1ven y pru\u00e9bala!<\/p>\n<p>Lo que m\u00e1s nos importa es que podemos proporcionarle flores y resinas de excelente valor a precios asequibles y aceptables, y dentro de los niveles permitidos por el TJUE (&lt;0,3% de THC).<\/p>\n<p>\u00bfQu\u00e9 se puede hacer con estos productos? Infusiones relajantes, para mejorar tu sue\u00f1o, popurr\u00ed para impregnar tu casa de un aroma natural, o puedes utilizarlas en tu comida si lo deseas (ensaladas, salsas, condimentos).<\/p>\n<p>Le aconsejamos que consulte a su m\u00e9dico, que podr\u00e1 aconsejarle sobre el mejor uso de su CBD.<\/p>\n<p>&nbsp;<\/p>\n<p>&nbsp;<\/p>\n<p>&nbsp;<\/p>\n<h6><\/h6>","protected":false},"excerpt":{"rendered":"<p>La fleur de CBD Queen Purple Indoor mini buds provient d&rsquo;une culture en int\u00e9rieur, et est \u00e9labor\u00e9e par des producteurs passionn\u00e9s et investis, pour assurer la plus haute qualit\u00e9 possible.<\/p>\n<p>Bonitos cogollos peque\u00f1os, de color ligeramente violeta, y flores que huelen fuerte y bien. Al quemarse, las notas son bastante afrutadas, y los 16% de CBD hacen que el efecto sea muy relajante.<\/p>\n<p>Si te gustan nuestros mini cogollos, y nuestras novedades de los \u00faltimos meses, \u00a1esta es tu flor! \u00a1Barata y excelente!<\/p>\n<ul>\n<li>Origen: Suiza<\/li>\n<li>Variedad: Queen Purple<\/li>\n<\/ul>\n<table style=\"border-collapse: collapse; width: 192px; height: 205px;\" border=\"1\">\n<tbody>\n<tr>\n<td style=\"width: 50%; text-align: center;\"><strong>THC<\/strong><\/td>\n<td style=\"width: 50%; text-align: center;\"><strong>0.23 %<\/strong><\/td>\n<\/tr>\n<tr>\n<td style=\"width: 50%; text-align: center;\"><strong>CBD<\/strong><\/td>\n<td style=\"width: 50%; text-align: center;\"><strong>16 %<\/strong><\/td>\n<\/tr>\n<tr>\n<td style=\"width: 50%; text-align: center;\"><strong>CBG<\/strong><\/td>\n<td style=\"width: 50%; text-align: center;\"><strong>n.n<\/strong><\/td>\n<\/tr>\n<tr>\n<td style=\"width: 50%; text-align: center;\"><b>Cultura<\/b><\/td>\n<td style=\"width: 50%; text-align: center;\"><strong>Interior<\/strong><\/td>\n<\/tr>\n<\/tbody>\n<\/table>","protected":false},"featured_media":18443,"comment_status":"open","ping_status":"closed","template":"","meta":{"inline_featured_image":false},"product_brand":[75],"product_cat":[58,253,258],"product_tag":[220,76,252],"class_list":{"0":"post-18438","1":"product","2":"type-product","3":"status-publish","4":"has-post-thumbnail","6":"product_brand-la-verte","7":"product_cat-fleurs","8":"product_cat-indoor","9":"product_cat-trim-minibuds-cbd","10":"product_tag-fleurs-cbd","11":"product_tag-indoor","12":"product_tag-mini-buds","14":"first","15":"outofstock","16":"taxable","17":"shipping-taxable","18":"purchasable","19":"product-type-variable"},"jetpack_sharing_enabled":true,"_links":{"self":[{"href":"https:\/\/laverteshop.fr\/es\/wp-json\/wp\/v2\/product\/18438","targetHints":{"allow":["GET"]}}],"collection":[{"href":"https:\/\/laverteshop.fr\/es\/wp-json\/wp\/v2\/product"}],"about":[{"href":"https:\/\/laverteshop.fr\/es\/wp-json\/wp\/v2\/types\/product"}],"replies":[{"embeddable":true,"href":"https:\/\/laverteshop.fr\/es\/wp-json\/wp\/v2\/comments?post=18438"}],"wp:featuredmedia":[{"embeddable":true,"href":"https:\/\/laverteshop.fr\/es\/wp-json\/wp\/v2\/media\/18443"}],"wp:attachment":[{"href":"https:\/\/laverteshop.fr\/es\/wp-json\/wp\/v2\/media?parent=18438"}],"wp:term":[{"taxonomy":"product_brand","embeddable":true,"href":"https:\/\/laverteshop.fr\/es\/wp-json\/wp\/v2\/product_brand?post=18438"},{"taxonomy":"product_cat","embeddable":true,"href":"https:\/\/laverteshop.fr\/es\/wp-json\/wp\/v2\/product_cat?post=18438"},{"taxonomy":"product_tag","embeddable":true,"href":"https:\/\/laverteshop.fr\/es\/wp-json\/wp\/v2\/product_tag?post=18438"}],"curies":[{"name":"wp","href":"https:\/\/api.w.org\/{rel}","templated":true}]}}