{"id":18433,"date":"2024-07-23T16:35:22","date_gmt":"2024-07-23T14:35:22","guid":{"rendered":"https:\/\/laverteshop.fr\/?post_type=product&#038;p=18433"},"modified":"2025-07-15T15:51:53","modified_gmt":"2025-07-15T13:51:53","slug":"kannacheese-greenhouse-t-p-12","status":"publish","type":"product","link":"https:\/\/laverteshop.fr\/es\/producto\/kannacheese-greenhouse-t-p-12\/","title":{"rendered":"Lemon Skunk Interior"},"content":{"rendered":"<p>\u00bfM\u00e1s neomol\u00e9culas? No hay problema. Nos comprometemos a ofrecerle lo mejor en CBD suizo<\/p>\n<p>Comme l&rsquo;\u00eendique son nom, la Lemon Skunk Indoor provient d&rsquo;une culture en int\u00e9rieur, qui garantit les meilleurs niveaux de temp\u00e9rature, luminosit\u00e9 et humidit\u00e9. Elle provient d&rsquo;un m\u00e9lange de 2 g\u00e9n\u00e9tiques \u00e0 fort caract\u00e8re terp\u00e9nique, la Lemon Haze et la Super Skunk. Cela vous offre donc une fleur tr\u00e8s citronn\u00e9e, mais \u00e9galement avec un arri\u00e8re go\u00fbt bois\u00e9 qui la rend particuli\u00e8re et attirante.<\/p>\n<p>Flores compactas, llenas de pistilos polinizados de color blanco, y un aroma que atraer\u00e1 a todos los amantes de las flores afrutadas tipo Lim\u00f3n. \u00a1No se la pierda!<\/p>\n<p>Nuestros productos tienen la calidad certificada del CBD suizo. Lo que m\u00e1s nos importa es poder ofrecerte flores y resinas de excelente calidad, a precios asequibles y aceptables, y dentro de los niveles permitidos por el TJUE (&lt;0,3% de THC).<\/p>\n<p>\u00bfQu\u00e9 se puede hacer con estos productos? Infusiones relajantes, para mejorar tu sue\u00f1o, popurr\u00ed para impregnar tu casa de un aroma natural, o puedes utilizarlas en tu comida si lo deseas (ensaladas, salsas, condimentos).<\/p>\n<p>Le aconsejamos que consulte a su m\u00e9dico, que podr\u00e1 aconsejarle sobre el mejor uso de su CBD.<\/p>","protected":false},"excerpt":{"rendered":"<p>Pour pallier \u00e0 l&rsquo;interdiction des n\u00e9o mol\u00e9cules, nous avons d\u00e9cid\u00e9 de vous proposer le meilleur du CBD Suisse. Cette Lemon Skunk Indoor, comme l&rsquo;indique son nom, est un m\u00e9lange des g\u00e9n\u00e9tiques Lemon Haze et Super Skunk. Une culture en int\u00e9rieur, par des professionnels de la culture, qui assure une top qualit\u00e9.<\/p>\n<p>Esta flor te deleitar\u00e1 con sus fuertes notas alimonadas y sus grandes cogollos. Si te gustan las flores de lim\u00f3n, entonces te enamorar\u00e1s de esta nueva Lemon Skunk Indoor. Con un contenido de CBD de 18%, te encantar\u00e1.<\/p>\n<p>Y si ha disfrutado de nuestros \u00faltimos lanzamientos, ver\u00e1 que la calidad sigue siendo alta.<\/p>\n<table style=\"border-collapse: collapse; width: 192px; height: 205px;\" border=\"1\">\n<tbody>\n<tr>\n<td style=\"width: 50%; text-align: center;\"><strong>THC<\/strong><\/td>\n<td style=\"width: 50%; text-align: center;\"><strong>0.28 %<\/strong><\/td>\n<\/tr>\n<tr>\n<td style=\"width: 50%; text-align: center;\"><b>CBD<\/b><\/td>\n<td style=\"width: 50%; text-align: center;\"><strong>18 %<\/strong><\/td>\n<\/tr>\n<tr>\n<td style=\"width: 50%; text-align: center;\"><b>CBG<\/b><\/td>\n<td style=\"width: 50%; text-align: center;\"><strong>n.n<\/strong><\/td>\n<\/tr>\n<tr>\n<td style=\"width: 50%; text-align: center;\"><b>Cultura<\/b><\/td>\n<td style=\"width: 50%; text-align: center;\"><strong>Invernadero<\/strong><\/td>\n<\/tr>\n<\/tbody>\n<\/table>","protected":false},"featured_media":18437,"comment_status":"open","ping_status":"closed","template":"","meta":{"inline_featured_image":false},"product_brand":[75],"product_cat":[58,253],"product_tag":[220,299],"class_list":{"0":"post-18433","1":"product","2":"type-product","3":"status-publish","4":"has-post-thumbnail","6":"product_brand-la-verte","7":"product_cat-fleurs","8":"product_cat-indoor","9":"product_tag-fleurs-cbd","10":"product_tag-fleurs-indoor","12":"first","13":"outofstock","14":"taxable","15":"shipping-taxable","16":"purchasable","17":"product-type-variable"},"jetpack_sharing_enabled":true,"_links":{"self":[{"href":"https:\/\/laverteshop.fr\/es\/wp-json\/wp\/v2\/product\/18433","targetHints":{"allow":["GET"]}}],"collection":[{"href":"https:\/\/laverteshop.fr\/es\/wp-json\/wp\/v2\/product"}],"about":[{"href":"https:\/\/laverteshop.fr\/es\/wp-json\/wp\/v2\/types\/product"}],"replies":[{"embeddable":true,"href":"https:\/\/laverteshop.fr\/es\/wp-json\/wp\/v2\/comments?post=18433"}],"wp:featuredmedia":[{"embeddable":true,"href":"https:\/\/laverteshop.fr\/es\/wp-json\/wp\/v2\/media\/18437"}],"wp:attachment":[{"href":"https:\/\/laverteshop.fr\/es\/wp-json\/wp\/v2\/media?parent=18433"}],"wp:term":[{"taxonomy":"product_brand","embeddable":true,"href":"https:\/\/laverteshop.fr\/es\/wp-json\/wp\/v2\/product_brand?post=18433"},{"taxonomy":"product_cat","embeddable":true,"href":"https:\/\/laverteshop.fr\/es\/wp-json\/wp\/v2\/product_cat?post=18433"},{"taxonomy":"product_tag","embeddable":true,"href":"https:\/\/laverteshop.fr\/es\/wp-json\/wp\/v2\/product_tag?post=18433"}],"curies":[{"name":"wp","href":"https:\/\/api.w.org\/{rel}","templated":true}]}}