{"id":18428,"date":"2024-07-23T16:18:25","date_gmt":"2024-07-23T14:18:25","guid":{"rendered":"https:\/\/laverteshop.fr\/?post_type=product&#038;p=18428"},"modified":"2026-01-19T08:40:35","modified_gmt":"2026-01-19T07:40:35","slug":"kannacheese-greenhouse-t-p-11","status":"publish","type":"product","link":"https:\/\/laverteshop.fr\/es\/producto\/kannacheese-greenhouse-t-p-11\/","title":{"rendered":"Invernadero de queso suizo"},"content":{"rendered":"<p>Pour pallier \u00e0 l&rsquo;interdiction des n\u00e9o-mol\u00e9cules, nous vous offrons le meilleur du CBD Suisse.<\/p>\n<p>Reci\u00e9n llegada a la secci\u00f3n de flores de invernadero, Swiss Cheese Greenhouse es una flor compacta, larga y tupida, pero magn\u00edficamente bien cuidada. Es de color verde oscuro y se presenta en cogollos grandes.<\/p>\n<p>Lors de l&rsquo;ouverture du pochon, c&rsquo;est un cot\u00e9 plus terreux qui se reconnaitra, provenant de la culture sous serre. Les conditions \u00e9tant plus fraiches en Suisse, on ressent une fraicheur lors de la consommation, et un ar\u00f4me plut\u00f4t bois\u00e9. Clairement une fleur qui plaira aux amateurs de fleurs de culture sous serre. Une top Greenhouse \u00e0 tr\u00e8s bon prix.<\/p>\n<p>Nuestros productos tienen la calidad certificada del CBD suizo. Lo que m\u00e1s nos importa es poder ofrecerte flores y resinas de excelente calidad, a precios asequibles y aceptables, y dentro de los niveles permitidos por el TJUE (&lt;0,3% de THC).<\/p>\n<p>\u00bfQu\u00e9 se puede hacer con estos productos? Infusiones relajantes, para mejorar tu sue\u00f1o, popurr\u00ed para impregnar tu casa de un aroma natural, o puedes utilizarlas en tu comida si lo deseas (ensaladas, salsas, condimentos).<\/p>\n<p>Le aconsejamos que consulte a su m\u00e9dico, que podr\u00e1 aconsejarle sobre el mejor uso de su CBD.<\/p>","protected":false},"excerpt":{"rendered":"<p>Pour pallier \u00e0 l&rsquo;interdiction des n\u00e9o mol\u00e9cules, nous avons d\u00e9cid\u00e9 de vous proposer les meilleurs fleurs suisses possible. Cette Swiss Cheese greenhouse, comme l&rsquo;indique son nom, provient d&rsquo;une culture sous serre du canton de Berne. Des conditions fraiches, une terre propre et bien entretenue, et des serres nouvelles g\u00e9n\u00e9rations.<\/p>\n<p>Esta flor le encantar\u00e1 por su frescura, sus grandes capullos y su color verde ligeramente oscuro. Un sabor muy reconocible de la naturaleza, esta flor tiene una excelente relaci\u00f3n calidad-precio.<\/p>\n<p>Si le han gustado nuestras \u00faltimas novedades, esta flor de calidad le conquistar\u00e1.<\/p>\n<table style=\"border-collapse: collapse; width: 192px; height: 205px;\" border=\"1\">\n<tbody>\n<tr>\n<td style=\"width: 50%; text-align: center;\"><strong>THC<\/strong><\/td>\n<td style=\"width: 50%; text-align: center;\"><strong>0.22 %<\/strong><\/td>\n<\/tr>\n<tr>\n<td style=\"width: 50%; text-align: center;\"><b>CBD<\/b><\/td>\n<td style=\"width: 50%; text-align: center;\"><strong>14-16 %<\/strong><\/td>\n<\/tr>\n<tr>\n<td style=\"width: 50%; text-align: center;\"><b>CBG<\/b><\/td>\n<td style=\"width: 50%; text-align: center;\"><strong>n.n<\/strong><\/td>\n<\/tr>\n<tr>\n<td style=\"width: 50%; text-align: center;\"><b>Cultura<\/b><\/td>\n<td style=\"width: 50%; text-align: center;\"><strong>Invernadero<\/strong><\/td>\n<\/tr>\n<\/tbody>\n<\/table>","protected":false},"featured_media":19539,"comment_status":"open","ping_status":"closed","template":"","meta":{"inline_featured_image":false},"product_brand":[75],"product_cat":[58,255],"product_tag":[220,298],"class_list":{"0":"post-18428","1":"product","2":"type-product","3":"status-publish","4":"has-post-thumbnail","6":"product_brand-la-verte","7":"product_cat-fleurs","8":"product_cat-greenhouse","9":"product_tag-fleurs-cbd","10":"product_tag-fleurs-greenhouse","12":"first","13":"instock","14":"taxable","15":"shipping-taxable","16":"purchasable","17":"product-type-variable"},"jetpack_sharing_enabled":true,"_links":{"self":[{"href":"https:\/\/laverteshop.fr\/es\/wp-json\/wp\/v2\/product\/18428","targetHints":{"allow":["GET"]}}],"collection":[{"href":"https:\/\/laverteshop.fr\/es\/wp-json\/wp\/v2\/product"}],"about":[{"href":"https:\/\/laverteshop.fr\/es\/wp-json\/wp\/v2\/types\/product"}],"replies":[{"embeddable":true,"href":"https:\/\/laverteshop.fr\/es\/wp-json\/wp\/v2\/comments?post=18428"}],"wp:featuredmedia":[{"embeddable":true,"href":"https:\/\/laverteshop.fr\/es\/wp-json\/wp\/v2\/media\/19539"}],"wp:attachment":[{"href":"https:\/\/laverteshop.fr\/es\/wp-json\/wp\/v2\/media?parent=18428"}],"wp:term":[{"taxonomy":"product_brand","embeddable":true,"href":"https:\/\/laverteshop.fr\/es\/wp-json\/wp\/v2\/product_brand?post=18428"},{"taxonomy":"product_cat","embeddable":true,"href":"https:\/\/laverteshop.fr\/es\/wp-json\/wp\/v2\/product_cat?post=18428"},{"taxonomy":"product_tag","embeddable":true,"href":"https:\/\/laverteshop.fr\/es\/wp-json\/wp\/v2\/product_tag?post=18428"}],"curies":[{"name":"wp","href":"https:\/\/api.w.org\/{rel}","templated":true}]}}