{"id":18101,"date":"2024-05-30T17:16:59","date_gmt":"2024-05-30T15:16:59","guid":{"rendered":"https:\/\/laverteshop.fr\/?post_type=product&#038;p=18101"},"modified":"2026-04-03T21:26:48","modified_gmt":"2026-04-03T19:26:48","slug":"kannacheese-greenhouse-t-p-7","status":"publish","type":"product","link":"https:\/\/laverteshop.fr\/es\/producto\/kannacheese-greenhouse-t-p-7\/","title":{"rendered":"H\u00edbrido de tibur\u00f3n blanco"},"content":{"rendered":"<p>El h\u00edbrido de tibur\u00f3n blanco, un nuevo descubrimiento de nuestro equipo de I+D<\/p>\n<p>Cette fleur provient d&rsquo;une culture sous serre mais avec des lampes, ce qui rend la fleur plus compacte, et donc qui ressemble \u00e0 une fleur indoor. C&rsquo;est une hybride car elle est faite \u00e0 partir d&rsquo;une bouture de la vari\u00e9t\u00e9 great white shark, accoupl\u00e9e \u00e0 une white widow<\/p>\n<p>Es bastante clara y est\u00e1 llena de tricomas anaranjados y blancos. Una flor bastante picante, tiene un sabor potente cuando se come, donde destacar\u00e1n las notas a pimienta. Una flor asequible que ofrece una buena relaci\u00f3n calidad-precio.<\/p>\n<p>Nuestros productos tienen la calidad certificada del CBD suizo. Lo que m\u00e1s nos importa es poder ofrecerte flores y resinas de excelente calidad, a precios asequibles y aceptables, y dentro de los niveles permitidos por el TJUE (&lt;0,3% de THC).<\/p>\n<p>\u00bfQu\u00e9 se puede hacer con estos productos? Infusiones relajantes, para mejorar tu sue\u00f1o, popurr\u00ed para impregnar tu casa de un aroma natural, o puedes utilizarlas en tu comida si lo deseas (ensaladas, salsas, condimentos).<\/p>\n<p>Le aconsejamos que consulte a su m\u00e9dico, que podr\u00e1 aconsejarle sobre el mejor uso de su CBD.<\/p>","protected":false},"excerpt":{"rendered":"<p>Great White Shark Hybrid es la \u00faltima incorporaci\u00f3n a nuestro cat\u00e1logo. Una variedad muy conocida en el mundo cann\u00e1bico.<\/p>\n<p>Esta flor compacta de color verde claro est\u00e1 repleta de tricomas naranjas y blancos. Se ha cultivado como h\u00edbrido, \u00a1por lo que no encontrar\u00e1s una flor similar!<\/p>\n<p>Excelente relaci\u00f3n calidad-precio para una flor muy fragante e intrigante.<\/p>\n<table style=\"border-collapse: collapse; width: 192px; height: 205px;\" border=\"1\">\n<tbody>\n<tr>\n<td style=\"width: 50%; text-align: center;\"><strong>THC<\/strong><\/td>\n<td style=\"width: 50%; text-align: center;\"><strong>0.26 %<\/strong><\/td>\n<\/tr>\n<tr>\n<td style=\"width: 50%; text-align: center;\"><b>CBD<\/b><\/td>\n<td style=\"width: 50%; text-align: center;\"><strong>17 %<\/strong><\/td>\n<\/tr>\n<tr>\n<td style=\"width: 50%; text-align: center;\"><b>CBG<\/b><\/td>\n<td style=\"width: 50%; text-align: center;\"><strong>n.n<\/strong><\/td>\n<\/tr>\n<tr>\n<td style=\"width: 50%; text-align: center;\"><b>Cultura<\/b><\/td>\n<td style=\"width: 50%; text-align: center;\"><strong>l\u00e1mpara bajo cristal<\/strong><\/td>\n<\/tr>\n<\/tbody>\n<\/table>","protected":false},"featured_media":18112,"comment_status":"open","ping_status":"closed","template":"","meta":{"inline_featured_image":false},"product_brand":[75],"product_cat":[58,255],"product_tag":[220,300],"class_list":{"0":"post-18101","1":"product","2":"type-product","3":"status-publish","4":"has-post-thumbnail","6":"product_brand-la-verte","7":"product_cat-fleurs","8":"product_cat-greenhouse","9":"product_tag-fleurs-cbd","10":"product_tag-fleurs-hybride","12":"first","13":"instock","14":"taxable","15":"shipping-taxable","16":"purchasable","17":"product-type-variable"},"jetpack_sharing_enabled":true,"_links":{"self":[{"href":"https:\/\/laverteshop.fr\/es\/wp-json\/wp\/v2\/product\/18101","targetHints":{"allow":["GET"]}}],"collection":[{"href":"https:\/\/laverteshop.fr\/es\/wp-json\/wp\/v2\/product"}],"about":[{"href":"https:\/\/laverteshop.fr\/es\/wp-json\/wp\/v2\/types\/product"}],"replies":[{"embeddable":true,"href":"https:\/\/laverteshop.fr\/es\/wp-json\/wp\/v2\/comments?post=18101"}],"wp:featuredmedia":[{"embeddable":true,"href":"https:\/\/laverteshop.fr\/es\/wp-json\/wp\/v2\/media\/18112"}],"wp:attachment":[{"href":"https:\/\/laverteshop.fr\/es\/wp-json\/wp\/v2\/media?parent=18101"}],"wp:term":[{"taxonomy":"product_brand","embeddable":true,"href":"https:\/\/laverteshop.fr\/es\/wp-json\/wp\/v2\/product_brand?post=18101"},{"taxonomy":"product_cat","embeddable":true,"href":"https:\/\/laverteshop.fr\/es\/wp-json\/wp\/v2\/product_cat?post=18101"},{"taxonomy":"product_tag","embeddable":true,"href":"https:\/\/laverteshop.fr\/es\/wp-json\/wp\/v2\/product_tag?post=18101"}],"curies":[{"name":"wp","href":"https:\/\/api.w.org\/{rel}","templated":true}]}}