{"id":18066,"date":"2024-05-23T16:29:53","date_gmt":"2024-05-23T14:29:53","guid":{"rendered":"https:\/\/laverteshop.fr\/?post_type=product&#038;p=18066"},"modified":"2025-07-11T10:22:20","modified_gmt":"2025-07-11T08:22:20","slug":"ocb-king-size-slim-organic-hemp-2","status":"publish","type":"product","link":"https:\/\/laverteshop.fr\/es\/producto\/ocb-king-size-slim-organic-hemp-2\/","title":{"rendered":"OCB Bamboo King Size Slim Papers"},"content":{"rendered":"<div>OCB presenta aqu\u00ed papel de fumar fabricado con bamb\u00fa 100%.<\/div>\n<div><\/div>\n<div>El bamb\u00fa es una de las materias primas m\u00e1s r\u00e1pidamente renovables, y el papel fabricado con \u00e9l se caracteriza tambi\u00e9n por su flexibilidad y resistencia al desgarro.<\/div>\n<div>Cada cuadernillo contiene 32 papeles de bamb\u00fa muy finos, sin blanquear, que arden uniformemente.<\/div>\n<div>Este producto es vegano y est\u00e1 fabricado en Francia.<\/div>\n<div><\/div>\n<div>Propiedades:<\/div>\n<div><\/div>\n<div>- Tama\u00f1o del papel: 44 x 109 mm<\/div>\n<div>- Sin blanquear y sin colorantes<\/div>\n<div>- 32 art\u00edculos por cuadernillo<\/div>\n<div>- 50 cuadernillos por caja (= 1 unidad)<\/div>\n<div>- 50 cajas por mastercase<\/div>\n<p>&nbsp;<\/p>","protected":false},"excerpt":{"rendered":"<h2>OCB Bamboo King Size Slim Papers<\/h2>\n<p>OCB presenta aqu\u00ed papel de fumar fabricado con bamb\u00fa 100%.<\/p>\n<p>Un producto vegano fabricado en Francia. Imprescindible para todos los aficionados a las hojas crudas de calidad.<\/p>\n<p>Est\u00e1n hechas de c\u00e1\u00f1amo org\u00e1nico sin blanquear y no contienen ning\u00fan producto qu\u00edmico (por ejemplo, cloruro).<\/p>\n<ul>\n<li>Tama\u00f1o del papel: 44 x 109 mm<\/li>\n<li>Sin blanquear y sin colorantes<\/li>\n<li>32 hojas por paquete<\/li>\n<\/ul>","protected":false},"featured_media":18068,"comment_status":"open","ping_status":"closed","template":"","meta":{"inline_featured_image":false},"product_brand":[224],"product_cat":[196,61],"product_tag":[217],"class_list":{"0":"post-18066","1":"product","2":"type-product","3":"status-publish","4":"has-post-thumbnail","6":"product_brand-ocb","7":"product_cat-feuilles-a-rouler","8":"product_cat-accessoires","9":"product_tag-feuilles","11":"first","12":"instock","13":"taxable","14":"shipping-taxable","15":"purchasable","16":"product-type-simple"},"jetpack_sharing_enabled":true,"_links":{"self":[{"href":"https:\/\/laverteshop.fr\/es\/wp-json\/wp\/v2\/product\/18066","targetHints":{"allow":["GET"]}}],"collection":[{"href":"https:\/\/laverteshop.fr\/es\/wp-json\/wp\/v2\/product"}],"about":[{"href":"https:\/\/laverteshop.fr\/es\/wp-json\/wp\/v2\/types\/product"}],"replies":[{"embeddable":true,"href":"https:\/\/laverteshop.fr\/es\/wp-json\/wp\/v2\/comments?post=18066"}],"wp:featuredmedia":[{"embeddable":true,"href":"https:\/\/laverteshop.fr\/es\/wp-json\/wp\/v2\/media\/18068"}],"wp:attachment":[{"href":"https:\/\/laverteshop.fr\/es\/wp-json\/wp\/v2\/media?parent=18066"}],"wp:term":[{"taxonomy":"product_brand","embeddable":true,"href":"https:\/\/laverteshop.fr\/es\/wp-json\/wp\/v2\/product_brand?post=18066"},{"taxonomy":"product_cat","embeddable":true,"href":"https:\/\/laverteshop.fr\/es\/wp-json\/wp\/v2\/product_cat?post=18066"},{"taxonomy":"product_tag","embeddable":true,"href":"https:\/\/laverteshop.fr\/es\/wp-json\/wp\/v2\/product_tag?post=18066"}],"curies":[{"name":"wp","href":"https:\/\/api.w.org\/{rel}","templated":true}]}}