{"id":17928,"date":"2024-05-02T15:44:24","date_gmt":"2024-05-02T13:44:24","guid":{"rendered":"https:\/\/laverteshop.fr\/?post_type=product&#038;p=17928"},"modified":"2025-10-13T08:32:57","modified_gmt":"2025-10-13T06:32:57","slug":"swiss-premium-black-hash-bio-2","status":"publish","type":"product","link":"https:\/\/laverteshop.fr\/es\/producto\/swiss-premium-black-hash-bio-2\/","title":{"rendered":"Swiss Premium Brown Hash Bio"},"content":{"rendered":"<p><span style=\"font-size: 14.4px;\">Swiss Premium Brown Hash Bio es la \u00faltima incorporaci\u00f3n a nuestro cat\u00e1logo de hach\u00eds. Procede del mismo productor que su ac\u00f3lito el <a href=\"https:\/\/laverteshop.fr\/es\/producto\/swiss-premium-black-hash-bio\/\">Swiss Premium Hach\u00eds negro<\/a>. Ambas se elaboran a partir de flores cultivadas en interior, tamizadas a muy pocas micras, para retener todos los terpenos de las flores y garantizar la mejor calidad de estas 2 resinas. Se cultivan org\u00e1nicamente a partir de las propias flores, de acuerdo con m\u00e9todos tradicionales libres de pesticidas, utilizando \u00fanicamente agua, luz y humedad.<\/span><\/p>\n<p><span style=\"font-size: 14.4px;\">Contrairement au Premium Black Bio Hash, le Premium Brown Hash Bio a un texture un petit peu plus molle, mais extr\u00eamement mall\u00e9able, et ne colle pas. Tr\u00e8s facile d&rsquo;utilisation, il se distingue par des notes plut\u00f4t fruit\u00e9es, qui s&rsquo;oppose au cot\u00e9 plus terreux et bois\u00e9 du Premium Black Hash. Lors de sa combustion, vous retrouverez les odeurs des bonnes r\u00e9sines puissantes.<\/span><\/p>\n<p>Le taux de CBD de 27% assure donc une bonne relaxation, il est donc conseill\u00e9 d&rsquo;utiliser ce Premium Black Hash en fin de journ\u00e9e, ou en soir\u00e9e.<\/p>\n<p>Nuestros productos tienen la calidad certificada del CBD suizo. Lo que m\u00e1s nos importa es poder ofrecerte flores y resinas de excelente calidad, a precios asequibles y aceptables, y dentro de los niveles permitidos por el TJUE (&lt;0,3% de THC).<\/p>\n<p>\u00bfQu\u00e9 se puede hacer con estos productos? Infusiones relajantes, para mejorar tu sue\u00f1o, popurr\u00ed para impregnar tu casa de un aroma natural, o puedes utilizarlas en tu comida si lo deseas (ensaladas, salsas, condimentos).<\/p>\n<p><strong>NOTA IMPORTANTE:<\/strong> Nos r\u00e9sines et hash sont pr\u00e9par\u00e9s dans des laboratoires certifi\u00e9s, avec des proc\u00e9d\u00e9s et techniques qui appartiennent seulement aux producteurs avec qui nous travaillons. La texture et l&rsquo;odeur des produits peuvent donc changer d&rsquo;une r\u00e9colte \u00e0 une autre, d\u00e9pendant aussi de la fleur utilis\u00e9e. Si vous avez un probl\u00e8me avec un produit, contactez nous \u00e0 <a href=\"mailto:contact@laverteshop.fr\">contact@laverteshop.fr<\/a> y encontraremos una soluci\u00f3n para su satisfacci\u00f3n. Gracias por su comprensi\u00f3n.<\/p>\n<p>Le aconsejamos que consulte a su m\u00e9dico, que podr\u00e1 aconsejarle sobre el mejor uso de su CBD.<\/p>","protected":false},"excerpt":{"rendered":"<p><span style=\"font-size: 14.4px;\">Le Swiss Premium Brown Hash BIO est la nouvelle cr\u00e9ation provenant de notre fournisseur de Premium Black Hash Bio. Cette r\u00e9sine est d&rsquo;un marron l\u00e9g\u00e8rement fonc\u00e9, mi-molle et surtout tr\u00e8s facile \u00e0 utiliser, sans salir les doigts. Son odeur plut\u00f4t sucr\u00e9e s&rsquo;oppose au Swiss Premium Black Hash Bio, mais son taux de CBD de 27% vous plaira a coup s\u00fbr !<\/span><\/p>\n<p>C&rsquo;est une r\u00e9sine plut\u00f4t relaxante, au go\u00fbt prononc\u00e9. Un must \u00e0 ne pas rater si vous \u00eates amateurs de bons hash. Culture Bio certifi\u00e9e.<\/p>\n<ul>\n<li>Origen : Bio Suisse<\/li>\n<li>Efectos: relajante<\/li>\n<\/ul>\n<table style=\"border-collapse: collapse; width: 192px; height: 205px;\" border=\"1\">\n<tbody>\n<tr>\n<td style=\"width: 50%; text-align: center;\"><strong>THC<\/strong><\/td>\n<td style=\"width: 50%; text-align: center;\"><strong>0.2 %<\/strong><\/td>\n<\/tr>\n<tr>\n<td style=\"width: 50%; text-align: center;\"><strong>CBD<\/strong><\/td>\n<td style=\"width: 50%; text-align: center;\"><strong>27 %<\/strong><\/td>\n<\/tr>\n<tr>\n<td style=\"width: 50%; text-align: center;\"><b>CBG<\/b><\/td>\n<td style=\"width: 50%; text-align: center;\"><strong>2 %<\/strong><\/td>\n<\/tr>\n<tr>\n<td style=\"width: 50%; text-align: center;\"><b>Cultura<\/b><\/td>\n<td style=\"width: 50%; text-align: center;\"><strong>Interior<\/strong><\/td>\n<\/tr>\n<\/tbody>\n<\/table>\n<p>&nbsp;<\/p>","protected":false},"featured_media":17945,"comment_status":"open","ping_status":"closed","template":"","meta":{"inline_featured_image":false},"product_brand":[75],"product_cat":[59],"product_tag":[244,230],"class_list":{"0":"post-17928","1":"product","2":"type-product","3":"status-publish","4":"has-post-thumbnail","6":"product_brand-la-verte","7":"product_cat-pollens","8":"product_tag-hash","9":"product_tag-resines","11":"first","12":"instock","13":"taxable","14":"shipping-taxable","15":"purchasable","16":"product-type-variable"},"jetpack_sharing_enabled":true,"_links":{"self":[{"href":"https:\/\/laverteshop.fr\/es\/wp-json\/wp\/v2\/product\/17928","targetHints":{"allow":["GET"]}}],"collection":[{"href":"https:\/\/laverteshop.fr\/es\/wp-json\/wp\/v2\/product"}],"about":[{"href":"https:\/\/laverteshop.fr\/es\/wp-json\/wp\/v2\/types\/product"}],"replies":[{"embeddable":true,"href":"https:\/\/laverteshop.fr\/es\/wp-json\/wp\/v2\/comments?post=17928"}],"wp:featuredmedia":[{"embeddable":true,"href":"https:\/\/laverteshop.fr\/es\/wp-json\/wp\/v2\/media\/17945"}],"wp:attachment":[{"href":"https:\/\/laverteshop.fr\/es\/wp-json\/wp\/v2\/media?parent=17928"}],"wp:term":[{"taxonomy":"product_brand","embeddable":true,"href":"https:\/\/laverteshop.fr\/es\/wp-json\/wp\/v2\/product_brand?post=17928"},{"taxonomy":"product_cat","embeddable":true,"href":"https:\/\/laverteshop.fr\/es\/wp-json\/wp\/v2\/product_cat?post=17928"},{"taxonomy":"product_tag","embeddable":true,"href":"https:\/\/laverteshop.fr\/es\/wp-json\/wp\/v2\/product_tag?post=17928"}],"curies":[{"name":"wp","href":"https:\/\/api.w.org\/{rel}","templated":true}]}}