{"id":16013,"date":"2023-08-03T10:00:34","date_gmt":"2023-08-03T08:00:34","guid":{"rendered":"https:\/\/laverteshop.fr\/?post_type=product&#038;p=16013"},"modified":"2025-07-15T16:36:31","modified_gmt":"2025-07-15T14:36:31","slug":"fresa-invernadero","status":"publish","type":"product","link":"https:\/\/laverteshop.fr\/es\/producto\/fresa-invernadero\/","title":{"rendered":"Invernadero de fresas"},"content":{"rendered":"<p>Voici notre nouvelle fleur de CBD Strawberry Greenhouse. Comme l&rsquo;indique son nom, elle provient d&rsquo;une g\u00e9n\u00e9tique Strawberry pure, et est cultiv\u00e9 sous serres dans le canton de Valais en Suisse.<\/p>\n<p>Une magnifique fleur, avec des buds de calibre plut\u00f4t gros. Elle est manucur\u00e9e \u00e0 la perfection pour une fleur sous serre, et pr\u00e9sente de jolis trichomes orang\u00e9s. A l&rsquo;ouverture du sachet, des notes sucr\u00e9es de fraise apparaissent tr\u00e8s clairement. C&rsquo;est une vari\u00e9t\u00e9 \u00e0 ne pas louper si vous aimez les fleurs au go\u00fbt fruit\u00e9.<\/p>\n<p>Lo que m\u00e1s nos importa es que podemos proporcionarle flores y resinas de excelente valor a precios asequibles y aceptables, y dentro de los niveles permitidos por el TJUE (&lt;0,3% de THC).<\/p>\n<p>\u00bfQu\u00e9 se puede hacer con estos productos? Infusiones relajantes, para mejorar tu sue\u00f1o, popurr\u00ed para impregnar tu casa de un aroma natural, o puedes utilizarlas en tu comida si lo deseas (ensaladas, salsas, condimentos).<\/p>\n<p>Le aconsejamos que consulte a su m\u00e9dico, que podr\u00e1 aconsejarle sobre el mejor uso de su CBD.<\/p>\n<p>&nbsp;<\/p>\n<p>&nbsp;<\/p>\n<p>&nbsp;<\/p>\n<h6><\/h6>","protected":false},"excerpt":{"rendered":"<p>CBD Strawberry flower es una gen\u00e9tica muy conocida y apreciada. Este cultivo es pura fresa, no combinada con ninguna otra gen\u00e9tica.<\/p>\n<p>Flores de color verde bastante oscuro con tricomas anaranjados, t\u00edpicos de esta variedad. Los cogollos son grandes y muy arom\u00e1ticos (fresa, frutos rojos, dulce). Si te gustan las flores con sabor dulce, \u00a1este es tu producto!<\/p>\n<p>Este \u00faltimo hallazgo har\u00e1 las delicias de todos nuestros amantes de las flores de calidad.<\/p>\n<ul>\n<li>Cultivo: En invernadero<\/li>\n<li>Origen: Valais<\/li>\n<\/ul>\n<table style=\"border-collapse: collapse; width: 192px; height: 205px;\" border=\"1\">\n<tbody>\n<tr>\n<td style=\"width: 50%; text-align: center;\"><strong>THC<\/strong><\/td>\n<td style=\"width: 50%; text-align: center;\"><strong>0.26%<\/strong><\/td>\n<\/tr>\n<tr>\n<td style=\"width: 50%; text-align: center;\"><strong>CBD<\/strong><\/td>\n<td style=\"width: 50%; text-align: center;\"><strong>17 %<\/strong><\/td>\n<\/tr>\n<tr>\n<td style=\"width: 50%; text-align: center;\"><strong>CBG<\/strong><\/td>\n<td style=\"width: 50%; text-align: center;\"><strong>n.n<\/strong><\/td>\n<\/tr>\n<tr>\n<td style=\"width: 50%; text-align: center;\"><b>Cultura<\/b><\/td>\n<td style=\"width: 50%; text-align: center;\"><strong>Invernadero<\/strong><\/td>\n<\/tr>\n<\/tbody>\n<\/table>","protected":false},"featured_media":16018,"comment_status":"open","ping_status":"closed","template":"","meta":{"inline_featured_image":false},"product_brand":[75],"product_cat":[58,255],"product_tag":[220,227],"class_list":{"0":"post-16013","1":"product","2":"type-product","3":"status-publish","4":"has-post-thumbnail","6":"product_brand-la-verte","7":"product_cat-fleurs","8":"product_cat-greenhouse","9":"product_tag-fleurs-cbd","10":"product_tag-greenhouse","12":"first","13":"instock","14":"taxable","15":"shipping-taxable","16":"purchasable","17":"product-type-variable"},"jetpack_sharing_enabled":true,"_links":{"self":[{"href":"https:\/\/laverteshop.fr\/es\/wp-json\/wp\/v2\/product\/16013","targetHints":{"allow":["GET"]}}],"collection":[{"href":"https:\/\/laverteshop.fr\/es\/wp-json\/wp\/v2\/product"}],"about":[{"href":"https:\/\/laverteshop.fr\/es\/wp-json\/wp\/v2\/types\/product"}],"replies":[{"embeddable":true,"href":"https:\/\/laverteshop.fr\/es\/wp-json\/wp\/v2\/comments?post=16013"}],"wp:featuredmedia":[{"embeddable":true,"href":"https:\/\/laverteshop.fr\/es\/wp-json\/wp\/v2\/media\/16018"}],"wp:attachment":[{"href":"https:\/\/laverteshop.fr\/es\/wp-json\/wp\/v2\/media?parent=16013"}],"wp:term":[{"taxonomy":"product_brand","embeddable":true,"href":"https:\/\/laverteshop.fr\/es\/wp-json\/wp\/v2\/product_brand?post=16013"},{"taxonomy":"product_cat","embeddable":true,"href":"https:\/\/laverteshop.fr\/es\/wp-json\/wp\/v2\/product_cat?post=16013"},{"taxonomy":"product_tag","embeddable":true,"href":"https:\/\/laverteshop.fr\/es\/wp-json\/wp\/v2\/product_tag?post=16013"}],"curies":[{"name":"wp","href":"https:\/\/api.w.org\/{rel}","templated":true}]}}