{"id":15797,"date":"2023-07-04T17:16:49","date_gmt":"2023-07-04T15:16:49","guid":{"rendered":"https:\/\/laverteshop.fr\/?post_type=product&#038;p=15797"},"modified":"2026-03-02T20:10:50","modified_gmt":"2026-03-02T19:10:50","slug":"charas-rouge","status":"publish","type":"product","link":"https:\/\/laverteshop.fr\/es\/producto\/charas-rouge\/","title":{"rendered":"Charas Organic Red Exclusivo"},"content":{"rendered":"<p><span style=\"font-size: 14.4px;\">Charas Rouge BIO es la \u00faltima incorporaci\u00f3n a nuestro cat\u00e1logo de hach\u00eds. Una resina magn\u00edfica y compacta, bastante h\u00fameda pero muy f\u00e1cil de consumir.<\/span><\/p>\n<p><span style=\"font-size: 14.4px;\">C&rsquo;est un hash tr\u00e8s aromatique, et extr\u00eamement mall\u00e9able. Il vous sera facile de le consommer, avec ou sans combustion lors de la pr\u00e9paration.<\/span><\/p>\n<p>Ce Charas Rouge a un taux de CBD de 25%. Ce qui n&rsquo;est pas n\u00e9gligeable et qui vous procurera une relaxation qui ne passera pas inaper\u00e7ue.<\/p>\n<p>Nuestros productos tienen la calidad certificada del CBD suizo. Lo que m\u00e1s nos importa es poder ofrecerte flores y resinas de excelente calidad, a precios asequibles y aceptables, y dentro de los niveles permitidos por el TJUE (&lt;0,3% de THC).<\/p>\n<p>\u00bfQu\u00e9 se puede hacer con estos productos? Infusiones relajantes, para mejorar tu sue\u00f1o, popurr\u00ed para impregnar tu casa de un aroma natural, o puedes utilizarlas en tu comida si lo deseas (ensaladas, salsas, condimentos).<\/p>\n<p><strong>NOTA IMPORTANTE:<\/strong> Nos r\u00e9sines et hash sont pr\u00e9par\u00e9s dans des laboratoires certifi\u00e9s, avec des proc\u00e9d\u00e9s et techniques qui appartiennent seulement aux producteurs avec qui nous travaillons. La texture et l&rsquo;odeur des produits peuvent donc changer d&rsquo;une r\u00e9colte \u00e0 une autre, d\u00e9pendant aussi de la fleur utilis\u00e9e. Si vous avez un probl\u00e8me avec un produit, contactez nous \u00e0 <a href=\"mailto:contact@laverteshop.fr\">contact@laverteshop.fr<\/a> y encontraremos una soluci\u00f3n para su satisfacci\u00f3n. Gracias por su comprensi\u00f3n.<\/p>\n<p>Le aconsejamos que consulte a su m\u00e9dico, que podr\u00e1 aconsejarle sobre el mejor uso de su CBD.<\/p>","protected":false},"excerpt":{"rendered":"<p>Descubra nuestro nuevo Charas Rouge BIO, una extraordinaria adici\u00f3n a nuestra gama de hach\u00eds. Esta resina excepcional, a la vez suave e intensamente arom\u00e1tica, supera los l\u00edmites de la perfecci\u00f3n. Elaborado a partir de flores org\u00e1nicas suizas de la m\u00e1s alta calidad (fresa, ar\u00e1ndano y CBG), este hach\u00eds se cultiva cuidadosamente en interior en el cant\u00f3n de Berna.<\/p>\n<p>Sum\u00e9rgete en una experiencia de relajaci\u00f3n absoluta con esta resina de incomparable poder relajante. Su pronunciado sabor la convierte en una elecci\u00f3n imprescindible para los amantes del buen hach\u00eds. No dejes pasar esta oportunidad, tu paladar te lo agradecer\u00e1.<\/p>\n<ul>\n<li>Origen: Suiza<\/li>\n<li>Efectos: relajante<\/li>\n<\/ul>\n<table style=\"border-collapse: collapse; width: 192px; height: 205px;\" border=\"1\">\n<tbody>\n<tr>\n<td style=\"width: 50%; text-align: center;\"><strong>THC<\/strong><\/td>\n<td style=\"width: 50%; text-align: center;\"><strong>0.3% &lt;<\/strong><\/td>\n<\/tr>\n<tr>\n<td style=\"width: 50%; text-align: center;\"><strong>CBD<\/strong><\/td>\n<td style=\"width: 50%; text-align: center;\"><strong>25 %<\/strong><\/td>\n<\/tr>\n<tr>\n<td style=\"width: 50%; text-align: center;\"><b>CBG<\/b><\/td>\n<td style=\"width: 50%; text-align: center;\"><strong>8%<\/strong><\/td>\n<\/tr>\n<tr>\n<td style=\"width: 50%; text-align: center;\"><b>Cultura<\/b><\/td>\n<td style=\"width: 50%; text-align: center;\"><strong>Interior<\/strong><\/td>\n<\/tr>\n<\/tbody>\n<\/table>\n<p>&nbsp;<\/p>","protected":false},"featured_media":17381,"comment_status":"open","ping_status":"closed","template":"","meta":{"inline_featured_image":false},"product_brand":[75],"product_cat":[59],"product_tag":[244,230],"class_list":{"0":"post-15797","1":"product","2":"type-product","3":"status-publish","4":"has-post-thumbnail","6":"product_brand-la-verte","7":"product_cat-pollens","8":"product_tag-hash","9":"product_tag-resines","11":"first","12":"instock","13":"taxable","14":"shipping-taxable","15":"purchasable","16":"product-type-variable"},"jetpack_sharing_enabled":true,"_links":{"self":[{"href":"https:\/\/laverteshop.fr\/es\/wp-json\/wp\/v2\/product\/15797","targetHints":{"allow":["GET"]}}],"collection":[{"href":"https:\/\/laverteshop.fr\/es\/wp-json\/wp\/v2\/product"}],"about":[{"href":"https:\/\/laverteshop.fr\/es\/wp-json\/wp\/v2\/types\/product"}],"replies":[{"embeddable":true,"href":"https:\/\/laverteshop.fr\/es\/wp-json\/wp\/v2\/comments?post=15797"}],"wp:featuredmedia":[{"embeddable":true,"href":"https:\/\/laverteshop.fr\/es\/wp-json\/wp\/v2\/media\/17381"}],"wp:attachment":[{"href":"https:\/\/laverteshop.fr\/es\/wp-json\/wp\/v2\/media?parent=15797"}],"wp:term":[{"taxonomy":"product_brand","embeddable":true,"href":"https:\/\/laverteshop.fr\/es\/wp-json\/wp\/v2\/product_brand?post=15797"},{"taxonomy":"product_cat","embeddable":true,"href":"https:\/\/laverteshop.fr\/es\/wp-json\/wp\/v2\/product_cat?post=15797"},{"taxonomy":"product_tag","embeddable":true,"href":"https:\/\/laverteshop.fr\/es\/wp-json\/wp\/v2\/product_tag?post=15797"}],"curies":[{"name":"wp","href":"https:\/\/api.w.org\/{rel}","templated":true}]}}