{"id":14253,"date":"2023-01-10T16:32:24","date_gmt":"2023-01-10T15:32:24","guid":{"rendered":"https:\/\/laverteshop.fr\/?post_type=product&#038;p=14253"},"modified":"2025-07-15T14:56:25","modified_gmt":"2025-07-15T12:56:25","slug":"raw-masterpiece-filter-roll","status":"publish","type":"product","link":"https:\/\/laverteshop.fr\/es\/producto\/raw-masterpiece-filter-roll\/","title":{"rendered":"Rollo RAW Masterpiece + filtros"},"content":{"rendered":"<p>RAW Masterpiece rollo + filtros proporciona 30 filtros pre-enrollados y un rollo de 3 metros de papel de fumar RAW sin refinar de alta calidad listo para usar.<\/p>\n<p>La pr\u00e1ctica caja de cart\u00f3n (dimensiones: aprox. 65 x 52 x 26 mm) es rellenable, se cierra con un pr\u00e1ctico broche magn\u00e9tico y tiene un borde rasgable integrado.<br \/>\nCombusti\u00f3n lenta y uniforme gracias al alambre cruzado RAW patentado.<\/p>\n<p>\u00a1El rollo RAW Masterpiece + caja de filtros te seguir\u00e1 a todas partes!<\/p>\n<p>Propiedades:<\/p>\n<p>- Ancho 54 mm (King Size) Borde<br \/>\n- 3 metros de largo<br \/>\n- Filtros: aprox. 19 \u00d7 7 mm<br \/>\n- Sin cloro, sin madera, biogen\u00e9tico, VEGANO<br \/>\n&#8211; Fabriqu\u00e9 avec de l&rsquo;\u00e9nergie \u00e9olienne \u00e9cologique<br \/>\n- 1x rollo de 3 metros + 30 clavos por paquete<\/p>","protected":false},"excerpt":{"rendered":"<p>\u00a1Esta caja RAW Masterpiece es \u00fanica! 30 filtros pre-enrollados, y un rollo de 3 metros de papel de aluminio king size.<\/p>\n<p>La boite se ferme avec un magnet, pour garder votre rouleau et vos filtres bien \u00e0 l&rsquo;abris.<\/p>\n<ul>\n<li>Ancho del rollo: 54 mm (King Size)<\/li>\n<li>30 filtros incluidos, con muesca central para una buena filtraci\u00f3n del humo<\/li>\n<li>3 metros de papel de liar<\/li>\n<li>Caja reutilizable y rellenable.<\/li>\n<li>Borde rasgable para cortar la hoja a la longitud que desee<\/li>\n<\/ul>\n<p>Cette bo\u00eete RAW Masterpiece rouleau + filtres est donc l&rsquo;accessoire ultime.<\/p>","protected":false},"featured_media":14254,"comment_status":"open","ping_status":"closed","template":"","meta":{"inline_featured_image":false},"product_brand":[198],"product_cat":[61,196],"product_tag":[217,218],"class_list":{"0":"post-14253","1":"product","2":"type-product","3":"status-publish","4":"has-post-thumbnail","6":"product_brand-raw","7":"product_cat-accessoires","8":"product_cat-feuilles-a-rouler","9":"product_tag-feuilles","10":"product_tag-filtres","12":"first","13":"instock","14":"taxable","15":"shipping-taxable","16":"purchasable","17":"product-type-simple"},"jetpack_sharing_enabled":true,"_links":{"self":[{"href":"https:\/\/laverteshop.fr\/es\/wp-json\/wp\/v2\/product\/14253","targetHints":{"allow":["GET"]}}],"collection":[{"href":"https:\/\/laverteshop.fr\/es\/wp-json\/wp\/v2\/product"}],"about":[{"href":"https:\/\/laverteshop.fr\/es\/wp-json\/wp\/v2\/types\/product"}],"replies":[{"embeddable":true,"href":"https:\/\/laverteshop.fr\/es\/wp-json\/wp\/v2\/comments?post=14253"}],"wp:featuredmedia":[{"embeddable":true,"href":"https:\/\/laverteshop.fr\/es\/wp-json\/wp\/v2\/media\/14254"}],"wp:attachment":[{"href":"https:\/\/laverteshop.fr\/es\/wp-json\/wp\/v2\/media?parent=14253"}],"wp:term":[{"taxonomy":"product_brand","embeddable":true,"href":"https:\/\/laverteshop.fr\/es\/wp-json\/wp\/v2\/product_brand?post=14253"},{"taxonomy":"product_cat","embeddable":true,"href":"https:\/\/laverteshop.fr\/es\/wp-json\/wp\/v2\/product_cat?post=14253"},{"taxonomy":"product_tag","embeddable":true,"href":"https:\/\/laverteshop.fr\/es\/wp-json\/wp\/v2\/product_tag?post=14253"}],"curies":[{"name":"wp","href":"https:\/\/api.w.org\/{rel}","templated":true}]}}