{"id":14251,"date":"2023-01-10T16:08:49","date_gmt":"2023-01-10T15:08:49","guid":{"rendered":"https:\/\/laverteshop.fr\/?post_type=product&#038;p=14251"},"modified":"2025-07-15T14:56:26","modified_gmt":"2025-07-15T12:56:26","slug":"raw-connoisseur-hojas-en-rollo-1-1-4-filtros","status":"publish","type":"product","link":"https:\/\/laverteshop.fr\/es\/producto\/raw-connoisseur-hojas-en-rollo-1-1-4-filtros\/","title":{"rendered":"Papel de liar RAW Connoisseur 1 1\/4 + filtros"},"content":{"rendered":"<p>RAW Connoisseur 1 1\/4 hojas para enrollar + filtros.<\/p>\n<p>Cada cuaderno contiene peque\u00f1as hojas para enrollar y filtros.<\/p>\n<p>La marque RAW est synonyme d&rsquo;une production respectueuse de l&rsquo;environnement.<br \/>\nTodos los productos son crudos y no contienen sustancias qu\u00edmicas.<br \/>\nLos papeles son de c\u00e1\u00f1amo puro, los filtros de cart\u00f3n alimentario.<\/p>\n<p>Sin cloro<br \/>\nVegano<br \/>\nSin organismos modificados gen\u00e9ticamente<br \/>\nProduit avec la puissance d&rsquo;un moulin \u00e0 vent<\/p>","protected":false},"excerpt":{"rendered":"<p>RAW Connoisseur 1 1\/4 hojas para enrollar + filtros<\/p>\n<p>Peque\u00f1as hojas RAW, con sus filtros en el mismo paquete.<\/p>\n<ul>\n<li>50 hojas por paquete<\/li>\n<li>50 filtros de cart\u00f3n incluidos<\/li>\n<li>banda el\u00e1stica para cerrar el paquete<\/li>\n<\/ul>\n<p>El producto perfecto para todos aquellos a los que les gustan las hojas peque\u00f1as para enrollar.<\/p>","protected":false},"featured_media":14252,"comment_status":"open","ping_status":"closed","template":"","meta":{"inline_featured_image":false},"product_brand":[198],"product_cat":[61,196],"product_tag":[217,218],"class_list":{"0":"post-14251","1":"product","2":"type-product","3":"status-publish","4":"has-post-thumbnail","6":"product_brand-raw","7":"product_cat-accessoires","8":"product_cat-feuilles-a-rouler","9":"product_tag-feuilles","10":"product_tag-filtres","12":"first","13":"instock","14":"taxable","15":"shipping-taxable","16":"purchasable","17":"product-type-simple"},"jetpack_sharing_enabled":true,"_links":{"self":[{"href":"https:\/\/laverteshop.fr\/es\/wp-json\/wp\/v2\/product\/14251","targetHints":{"allow":["GET"]}}],"collection":[{"href":"https:\/\/laverteshop.fr\/es\/wp-json\/wp\/v2\/product"}],"about":[{"href":"https:\/\/laverteshop.fr\/es\/wp-json\/wp\/v2\/types\/product"}],"replies":[{"embeddable":true,"href":"https:\/\/laverteshop.fr\/es\/wp-json\/wp\/v2\/comments?post=14251"}],"wp:featuredmedia":[{"embeddable":true,"href":"https:\/\/laverteshop.fr\/es\/wp-json\/wp\/v2\/media\/14252"}],"wp:attachment":[{"href":"https:\/\/laverteshop.fr\/es\/wp-json\/wp\/v2\/media?parent=14251"}],"wp:term":[{"taxonomy":"product_brand","embeddable":true,"href":"https:\/\/laverteshop.fr\/es\/wp-json\/wp\/v2\/product_brand?post=14251"},{"taxonomy":"product_cat","embeddable":true,"href":"https:\/\/laverteshop.fr\/es\/wp-json\/wp\/v2\/product_cat?post=14251"},{"taxonomy":"product_tag","embeddable":true,"href":"https:\/\/laverteshop.fr\/es\/wp-json\/wp\/v2\/product_tag?post=14251"}],"curies":[{"name":"wp","href":"https:\/\/api.w.org\/{rel}","templated":true}]}}