{"id":13599,"date":"2022-10-22T16:40:24","date_gmt":"2022-10-22T14:40:24","guid":{"rendered":"https:\/\/laverteshop.fr\/?post_type=product&#038;p=13599"},"modified":"2026-04-18T12:45:10","modified_gmt":"2026-04-18T10:45:10","slug":"ketama-noir-bio","status":"publish","type":"product","link":"https:\/\/laverteshop.fr\/es\/producto\/ketama-noir-bio\/","title":{"rendered":"Ketama negro org\u00e1nico"},"content":{"rendered":"<p><span style=\"font-size: 14.4px;\">Black Ketama BIO es la \u00faltima incorporaci\u00f3n a nuestra gama de hach\u00eds. Fabricado en Suiza a partir de flores de CBD de interior, cultivadas org\u00e1nicamente, por lo que es un hach\u00eds org\u00e1nico 100%. Una resina hermosa, suave y oscura. La resina es prensada en fr\u00edo para conservar todos los terpenos de esta Ketama negra org\u00e1nica.<\/span><\/p>\n<p>Des notes poivr\u00e9es et \u00e9pic\u00e9es ressortent lors de l&rsquo;ouverture du sachet ainsi qu&rsquo;a la combustion.<\/p>\n<p>Vous pouvez soit le r\u00e9chauffer, soit en faire un spaghetti fin, a froid. C&rsquo;est une r\u00e9sine top qualit\u00e9, qui ravira tous nos amateurs de hash \u00e0 bon rapport qualit\u00e9\/prix<\/p>\n<p>Nuestros productos tienen la calidad certificada del CBD suizo. Lo que m\u00e1s nos importa es poder ofrecerte flores y resinas de excelente calidad, a precios asequibles y aceptables, y dentro de los niveles permitidos por el TJUE (&lt;0,3% de THC).<\/p>\n<p>\u00bfQu\u00e9 se puede hacer con estos productos? Infusiones relajantes, para mejorar tu sue\u00f1o, popurr\u00ed para impregnar tu casa de un aroma natural, o puedes utilizarlas en tu comida si lo deseas (ensaladas, salsas, condimentos).<\/p>\n<p><strong>NOTA IMPORTANTE:<\/strong> Nos r\u00e9sines et hash sont pr\u00e9par\u00e9s dans des laboratoires certifi\u00e9s, avec des proc\u00e9d\u00e9s et techniques qui appartiennent seulement aux producteurs avec qui nous travaillons. La texture et l&rsquo;odeur des produits peuvent donc changer d&rsquo;une r\u00e9colte \u00e0 une autre, d\u00e9pendant aussi de la fleur utilis\u00e9e. Si vous avez un probl\u00e8me avec un produit, contactez nous \u00e0 <a href=\"mailto:contact@laverteshop.fr\">contact@laverteshop.fr<\/a> y encontraremos una soluci\u00f3n para su satisfacci\u00f3n. Gracias por su comprensi\u00f3n.<\/p>\n<p>Le aconsejamos que consulte a su m\u00e9dico, que podr\u00e1 aconsejarle sobre el mejor uso de su CBD.<\/p>","protected":false},"excerpt":{"rendered":"<p><span style=\"font-size: 14.4px;\">Ketama Black BIO se produce en Suiza a partir de flores de CBD de interior. <\/span><\/p>\n<p><span style=\"font-size: 14.4px;\">Una resina hermosa, suave y oscura. Durante su preparaci\u00f3n, esta resina es prensada en fr\u00edo, para conservar todos los terpenos.<\/span><\/p>\n<p>Des notes poivr\u00e9es et \u00e9pic\u00e9es ressortent lors de l&rsquo;ouverture du sachet ainsi qu&rsquo;a la combustion.<\/p>\n<ul>\n<li>Cultura : Interior<\/li>\n<li>Origen de las flores: Suiza, agricultura ecol\u00f3gica<\/li>\n<li>Efectos: relajante<\/li>\n<\/ul>\n<table style=\"border-collapse: collapse; width: 192px; height: 205px;\" border=\"1\">\n<tbody>\n<tr>\n<td style=\"width: 50%; text-align: center;\"><strong>THC<\/strong><\/td>\n<td style=\"width: 50%; text-align: center;\"><strong>0.2%<\/strong><\/td>\n<\/tr>\n<tr>\n<td style=\"width: 50%; text-align: center;\"><strong>CBD<\/strong><\/td>\n<td style=\"width: 50%; text-align: center;\"><strong>23 %<\/strong><\/td>\n<\/tr>\n<tr>\n<td style=\"width: 50%; text-align: center;\"><strong>CBG<\/strong><\/td>\n<td style=\"width: 50%; text-align: center;\"><strong>n.n<\/strong><\/td>\n<\/tr>\n<tr>\n<td style=\"width: 50%; text-align: center;\"><b>Cultura<\/b><\/td>\n<td style=\"width: 50%; text-align: center;\"><strong>Interior<\/strong><\/td>\n<\/tr>\n<\/tbody>\n<\/table>\n<p>&nbsp;<\/p>","protected":false},"featured_media":13594,"comment_status":"open","ping_status":"closed","template":"","meta":{"inline_featured_image":false},"product_brand":[75],"product_cat":[59],"product_tag":[244,76,230],"class_list":{"0":"post-13599","1":"product","2":"type-product","3":"status-publish","4":"has-post-thumbnail","6":"product_brand-la-verte","7":"product_cat-pollens","8":"product_tag-hash","9":"product_tag-indoor","10":"product_tag-resines","12":"first","13":"instock","14":"taxable","15":"shipping-taxable","16":"purchasable","17":"product-type-variable"},"jetpack_sharing_enabled":true,"_links":{"self":[{"href":"https:\/\/laverteshop.fr\/es\/wp-json\/wp\/v2\/product\/13599","targetHints":{"allow":["GET"]}}],"collection":[{"href":"https:\/\/laverteshop.fr\/es\/wp-json\/wp\/v2\/product"}],"about":[{"href":"https:\/\/laverteshop.fr\/es\/wp-json\/wp\/v2\/types\/product"}],"replies":[{"embeddable":true,"href":"https:\/\/laverteshop.fr\/es\/wp-json\/wp\/v2\/comments?post=13599"}],"wp:featuredmedia":[{"embeddable":true,"href":"https:\/\/laverteshop.fr\/es\/wp-json\/wp\/v2\/media\/13594"}],"wp:attachment":[{"href":"https:\/\/laverteshop.fr\/es\/wp-json\/wp\/v2\/media?parent=13599"}],"wp:term":[{"taxonomy":"product_brand","embeddable":true,"href":"https:\/\/laverteshop.fr\/es\/wp-json\/wp\/v2\/product_brand?post=13599"},{"taxonomy":"product_cat","embeddable":true,"href":"https:\/\/laverteshop.fr\/es\/wp-json\/wp\/v2\/product_cat?post=13599"},{"taxonomy":"product_tag","embeddable":true,"href":"https:\/\/laverteshop.fr\/es\/wp-json\/wp\/v2\/product_tag?post=13599"}],"curies":[{"name":"wp","href":"https:\/\/api.w.org\/{rel}","templated":true}]}}