{"id":12213,"date":"2022-06-14T14:43:04","date_gmt":"2022-06-14T12:43:04","guid":{"rendered":"https:\/\/laverteshop.fr\/?post_type=product&#038;p=12213"},"modified":"2026-03-05T12:35:05","modified_gmt":"2026-03-05T11:35:05","slug":"baya-vino-interior","status":"publish","type":"product","link":"https:\/\/laverteshop.fr\/es\/producto\/baya-vino-interior\/","title":{"rendered":"Vino de interior de bayas"},"content":{"rendered":"<p>Berry Wine Indoor es una variedad de flor dominante Sativa. Se hizo combinando Harlequin y Blueberry. Se cultiva en Suiza, en el cant\u00f3n de Valais.<\/p>\n<p>Magnifique fleur de culture indoor (donc \u00e0 temp\u00e9rature et humidit\u00e9 contr\u00f4l\u00e9es), elle est verte claire, et plein de pollen blanc qui l&rsquo;entoure.<\/p>\n<p><span style=\"font-size: 16px;\">Al abrir la bolsa, reconocer\u00e1 su olor afrutado, compuesto por notas de frutos rojos que emergen. Una mezcla de cogollos medianos y grandes. La berry wine indoor es una hermosa flor, con un contenido bastante alto de CBD.<\/span><\/p>\n<p>Nuestros productos tienen la calidad certificada del CBD suizo. Lo que m\u00e1s nos importa es poder ofrecerle flores y resinas de excelente valor, a precios asequibles y aceptables. Y por supuesto dentro de los niveles permitidos por el TJUE (&lt;0,2% de THC).<\/p>\n<p>\u00bfQu\u00e9 se puede hacer con estos productos? Infusiones relajantes, para mejorar tu sue\u00f1o, popurr\u00ed para impregnar tu casa de un aroma natural, o puedes utilizarlas en tu comida si lo deseas (ensaladas, salsas, condimentos).<\/p>\n<p>Le aconsejamos que consulte a su m\u00e9dico, que podr\u00e1 aconsejarle sobre el mejor uso de su CBD.<\/p>","protected":false},"excerpt":{"rendered":"<p>Nuestra Berry Wine Indoor es una variedad Sativa dominante, que se cultiva en el cant\u00f3n de Valais, Suiza.<\/p>\n<p>C&rsquo;est une magnifique fleur de culture indoor (donc \u00e0 temp\u00e9rature et humidit\u00e9 contr\u00f4l\u00e9es). Elle est verte claire, et pleine de pollen blanc qui l&rsquo;entoure. Un joli nez fruit\u00e9 lors de l&rsquo;ouverture du sachet<\/p>\n<ul>\n<li>Cultura : interior<\/li>\n<li>Origen: Suiza<\/li>\n<\/ul>\n<table style=\"border-collapse: collapse; width: 192px; height: 205px;\" border=\"1\">\n<tbody>\n<tr>\n<td style=\"width: 50%; text-align: center;\"><strong>THC<\/strong><\/td>\n<td style=\"width: 50%; text-align: center;\"><strong>0,2 %&lt;<\/strong><\/td>\n<\/tr>\n<tr>\n<td style=\"width: 50%; text-align: center;\"><strong>CBD<\/strong><\/td>\n<td style=\"width: 50%; text-align: center;\"><strong>17 %<\/strong><\/td>\n<\/tr>\n<tr>\n<td style=\"width: 50%; text-align: center;\"><strong>CBG<\/strong><\/td>\n<td style=\"width: 50%; text-align: center;\"><strong>n.n<\/strong><\/td>\n<\/tr>\n<tr>\n<td style=\"width: 50%; text-align: center;\"><b>Cultura<\/b><\/td>\n<td style=\"width: 50%; text-align: center;\"><strong>interior<\/strong><\/td>\n<\/tr>\n<\/tbody>\n<\/table>","protected":false},"featured_media":12521,"comment_status":"open","ping_status":"closed","template":"","meta":{"inline_featured_image":false},"product_brand":[75],"product_cat":[58,253],"product_tag":[220,76],"class_list":{"0":"post-12213","1":"product","2":"type-product","3":"status-publish","4":"has-post-thumbnail","6":"product_brand-la-verte","7":"product_cat-fleurs","8":"product_cat-indoor","9":"product_tag-fleurs-cbd","10":"product_tag-indoor","12":"first","13":"instock","14":"taxable","15":"shipping-taxable","16":"purchasable","17":"product-type-variable"},"jetpack_sharing_enabled":true,"_links":{"self":[{"href":"https:\/\/laverteshop.fr\/es\/wp-json\/wp\/v2\/product\/12213","targetHints":{"allow":["GET"]}}],"collection":[{"href":"https:\/\/laverteshop.fr\/es\/wp-json\/wp\/v2\/product"}],"about":[{"href":"https:\/\/laverteshop.fr\/es\/wp-json\/wp\/v2\/types\/product"}],"replies":[{"embeddable":true,"href":"https:\/\/laverteshop.fr\/es\/wp-json\/wp\/v2\/comments?post=12213"}],"wp:featuredmedia":[{"embeddable":true,"href":"https:\/\/laverteshop.fr\/es\/wp-json\/wp\/v2\/media\/12521"}],"wp:attachment":[{"href":"https:\/\/laverteshop.fr\/es\/wp-json\/wp\/v2\/media?parent=12213"}],"wp:term":[{"taxonomy":"product_brand","embeddable":true,"href":"https:\/\/laverteshop.fr\/es\/wp-json\/wp\/v2\/product_brand?post=12213"},{"taxonomy":"product_cat","embeddable":true,"href":"https:\/\/laverteshop.fr\/es\/wp-json\/wp\/v2\/product_cat?post=12213"},{"taxonomy":"product_tag","embeddable":true,"href":"https:\/\/laverteshop.fr\/es\/wp-json\/wp\/v2\/product_tag?post=12213"}],"curies":[{"name":"wp","href":"https:\/\/api.w.org\/{rel}","templated":true}]}}