{"id":12177,"date":"2022-06-14T11:21:47","date_gmt":"2022-06-14T09:21:47","guid":{"rendered":"https:\/\/laverteshop.fr\/?post_type=product&#038;p=12177"},"modified":"2025-07-15T16:49:12","modified_gmt":"2025-07-15T14:49:12","slug":"hachis-libanes-rojo","status":"publish","type":"product","link":"https:\/\/laverteshop.fr\/es\/producto\/hachis-libanes-rojo\/","title":{"rendered":"Hash rojo liban\u00e9s"},"content":{"rendered":"<p>Ce Hash Libanais Rouge est fait \u00e0 partir de fleurs de CBD de culture indoor, c&rsquo;est \u00e0 dire cultiv\u00e9es en int\u00e9rieur, avec temp\u00e9rature et humidit\u00e9 contr\u00f4l\u00e9es.<\/p>\n<p>Es muy suave, como todo el hach\u00eds de esta regi\u00f3n. Tiene un bonito color rojo oscuro, y cuando se quema, se percibe ese olor tan especial del hach\u00eds liban\u00e9s.<\/p>\n<p>Con su contenido en CBD de 25%, proporciona una importante relajaci\u00f3n.<\/p>\n<p>Nuestros productos tienen la calidad certificada del CBD suizo. Lo que m\u00e1s nos importa es poder ofrecerte flores y resinas de excelente calidad, a precios asequibles y aceptables, y dentro de los niveles permitidos por el TJUE (&lt;0,3% de THC).<\/p>\n<p>\u00bfQu\u00e9 se puede hacer con estos productos? Infusiones relajantes, para mejorar tu sue\u00f1o, popurr\u00ed para impregnar tu casa de un aroma natural, o puedes utilizarlas en tu comida si lo deseas (ensaladas, salsas, condimentos).<\/p>\n<p><strong>NOTA IMPORTANTE:<\/strong> Nos r\u00e9sines et hash sont pr\u00e9par\u00e9s dans des laboratoires certifi\u00e9s, avec des proc\u00e9d\u00e9s et techniques qui appartiennent seulement aux producteurs avec qui nous travaillons. La texture et l&rsquo;odeur des produits peuvent donc changer d&rsquo;une r\u00e9colte \u00e0 une autre, d\u00e9pendant aussi de la fleur utilis\u00e9e. Si vous avez un probl\u00e8me avec un produit, contactez nous \u00e0 <a href=\"mailto:contact@laverteshop.fr\">contact@laverteshop.fr<\/a> y encontraremos una soluci\u00f3n para su satisfacci\u00f3n. Gracias por su comprensi\u00f3n.<\/p>\n<p>Le aconsejamos que consulte a su m\u00e9dico, que podr\u00e1 aconsejarle sobre el mejor uso de su CBD.<\/p>","protected":false},"excerpt":{"rendered":"<p>Este hach\u00eds rojo liban\u00e9s es muy suave, como todos los hach\u00eds de esta regi\u00f3n.<\/p>\n<p>Tiene un bonito color rojo oscuro y, al quemarse, se percibe ese olor tan especial del hach\u00eds liban\u00e9s.<\/p>\n<ul>\n<li>Cultura : Interior<\/li>\n<li>Origen de las flores: Suiza<\/li>\n<li>Efectos: relajante<\/li>\n<\/ul>\n<table style=\"border-collapse: collapse; width: 192px; height: 205px;\" border=\"1\">\n<tbody>\n<tr>\n<td style=\"width: 50%; text-align: center;\"><strong>THC<\/strong><\/td>\n<td style=\"width: 50%; text-align: center;\"><strong>0.1%<\/strong><\/td>\n<\/tr>\n<tr>\n<td style=\"width: 50%; text-align: center;\"><strong>CBD<\/strong><\/td>\n<td style=\"width: 50%; text-align: center;\"><strong>25 %<\/strong><\/td>\n<\/tr>\n<tr>\n<td style=\"width: 50%; text-align: center;\"><strong>CBG<\/strong><\/td>\n<td style=\"width: 50%; text-align: center;\"><strong>n.n<\/strong><\/td>\n<\/tr>\n<tr>\n<td style=\"width: 50%; text-align: center;\"><b>Cultura<\/b><\/td>\n<td style=\"width: 50%; text-align: center;\"><strong>Interior<\/strong><\/td>\n<\/tr>\n<\/tbody>\n<\/table>\n<p>&nbsp;<\/p>","protected":false},"featured_media":12178,"comment_status":"open","ping_status":"closed","template":"","meta":{"inline_featured_image":false},"product_brand":[75],"product_cat":[59],"product_tag":[244,76,230],"class_list":{"0":"post-12177","1":"product","2":"type-product","3":"status-publish","4":"has-post-thumbnail","6":"product_brand-la-verte","7":"product_cat-pollens","8":"product_tag-hash","9":"product_tag-indoor","10":"product_tag-resines","12":"first","13":"instock","14":"taxable","15":"shipping-taxable","16":"purchasable","17":"product-type-variable"},"jetpack_sharing_enabled":true,"_links":{"self":[{"href":"https:\/\/laverteshop.fr\/es\/wp-json\/wp\/v2\/product\/12177","targetHints":{"allow":["GET"]}}],"collection":[{"href":"https:\/\/laverteshop.fr\/es\/wp-json\/wp\/v2\/product"}],"about":[{"href":"https:\/\/laverteshop.fr\/es\/wp-json\/wp\/v2\/types\/product"}],"replies":[{"embeddable":true,"href":"https:\/\/laverteshop.fr\/es\/wp-json\/wp\/v2\/comments?post=12177"}],"wp:featuredmedia":[{"embeddable":true,"href":"https:\/\/laverteshop.fr\/es\/wp-json\/wp\/v2\/media\/12178"}],"wp:attachment":[{"href":"https:\/\/laverteshop.fr\/es\/wp-json\/wp\/v2\/media?parent=12177"}],"wp:term":[{"taxonomy":"product_brand","embeddable":true,"href":"https:\/\/laverteshop.fr\/es\/wp-json\/wp\/v2\/product_brand?post=12177"},{"taxonomy":"product_cat","embeddable":true,"href":"https:\/\/laverteshop.fr\/es\/wp-json\/wp\/v2\/product_cat?post=12177"},{"taxonomy":"product_tag","embeddable":true,"href":"https:\/\/laverteshop.fr\/es\/wp-json\/wp\/v2\/product_tag?post=12177"}],"curies":[{"name":"wp","href":"https:\/\/api.w.org\/{rel}","templated":true}]}}