{"id":11948,"date":"2022-05-27T11:11:50","date_gmt":"2022-05-27T09:11:50","guid":{"rendered":"https:\/\/laverteshop.fr\/product\/the-de-chanvre-bio-aux-fruits-et-aux-feuilles-de-framboise-hanf-natur-bio-40g\/"},"modified":"2025-07-15T16:49:35","modified_gmt":"2025-07-15T14:49:35","slug":"el-de-chanvre-bio-con-fruta-y-hojas-de-frambuesa-hanf-natur-bio-40g","status":"publish","type":"product","link":"https:\/\/laverteshop.fr\/es\/producto\/el-de-chanvre-bio-con-fruta-y-hojas-de-frambuesa-hanf-natur-bio-40g\/","title":{"rendered":"T\u00e9 de c\u00e1\u00f1amo bio - Hanf &amp; Natur - Frutas y hojas de frambuesa 40g"},"content":{"rendered":"<p>Ingr\u00e9dients : Feuilles de chanvre (35%), th\u00e9 aux fruits (33%) : Cynorhodon, morceaux de pomme, hibiscus, \u00e9corce d&rsquo;orange, huile essentielle d&rsquo;orange), feuilles de framboisier (32%) &#8211; tous issus de culture biologique contr\u00f4l\u00e9e.<\/p>\n<p>Pr\u00e9paration : Versez 1 cuill\u00e8re \u00e0 caf\u00e9 du m\u00e9lange dans de l&rsquo;eau bouillante, laissez infuser pendant 8 minutes et d\u00e9gustez.<\/p>\n<p>Nota: El t\u00e9 no es apto para ni\u00f1os de menos de 15 kg.<\/p>","protected":false},"excerpt":{"rendered":"<p>T\u00e9 de c\u00e1\u00f1amo ecol\u00f3gico con frutos y hojas de frambuesa - a granel 40g<\/p>\n<p>La mezcla de hierbas org\u00e1nicas no contiene t\u00e9 ni \u00e1cido, por lo que es muy digerible.<\/p>\n<p>Gracias a su atractivo envase en una exclusiva caja de cart\u00f3n, los t\u00e9s de <span class=\"base\" data-ui-id=\"page-title-wrapper\">Hanf &amp; Natur Bio <\/span>tambi\u00e9n son ideales como peque\u00f1a idea de regalo: har\u00e1n que los amantes del t\u00e9 sientan que su coraz\u00f3n late m\u00e1s r\u00e1pido.<\/p>","protected":false},"featured_media":11947,"comment_status":"open","ping_status":"closed","template":"","meta":{"inline_featured_image":false},"product_brand":[240],"product_cat":[241],"product_tag":[251],"class_list":{"0":"post-11948","1":"product","2":"type-product","3":"status-publish","4":"has-post-thumbnail","6":"product_brand-hanf-natur","7":"product_cat-the","8":"product_tag-thes-infusions","10":"first","11":"outofstock","12":"taxable","13":"shipping-taxable","14":"purchasable","15":"product-type-simple"},"jetpack_sharing_enabled":true,"_links":{"self":[{"href":"https:\/\/laverteshop.fr\/es\/wp-json\/wp\/v2\/product\/11948","targetHints":{"allow":["GET"]}}],"collection":[{"href":"https:\/\/laverteshop.fr\/es\/wp-json\/wp\/v2\/product"}],"about":[{"href":"https:\/\/laverteshop.fr\/es\/wp-json\/wp\/v2\/types\/product"}],"replies":[{"embeddable":true,"href":"https:\/\/laverteshop.fr\/es\/wp-json\/wp\/v2\/comments?post=11948"}],"wp:featuredmedia":[{"embeddable":true,"href":"https:\/\/laverteshop.fr\/es\/wp-json\/wp\/v2\/media\/11947"}],"wp:attachment":[{"href":"https:\/\/laverteshop.fr\/es\/wp-json\/wp\/v2\/media?parent=11948"}],"wp:term":[{"taxonomy":"product_brand","embeddable":true,"href":"https:\/\/laverteshop.fr\/es\/wp-json\/wp\/v2\/product_brand?post=11948"},{"taxonomy":"product_cat","embeddable":true,"href":"https:\/\/laverteshop.fr\/es\/wp-json\/wp\/v2\/product_cat?post=11948"},{"taxonomy":"product_tag","embeddable":true,"href":"https:\/\/laverteshop.fr\/es\/wp-json\/wp\/v2\/product_tag?post=11948"}],"curies":[{"name":"wp","href":"https:\/\/api.w.org\/{rel}","templated":true}]}}