{"id":11944,"date":"2022-05-27T11:11:48","date_gmt":"2022-05-27T09:11:48","guid":{"rendered":"https:\/\/laverteshop.fr\/product\/the-de-chanvre-bio-hanf-natur-40g-2\/"},"modified":"2025-07-15T15:03:53","modified_gmt":"2025-07-15T13:03:53","slug":"el-de-chanvre-bio-hanf-natur-40g-2","status":"publish","type":"product","link":"https:\/\/laverteshop.fr\/es\/producto\/el-de-chanvre-bio-hanf-natur-40g-2\/","title":{"rendered":"T\u00e9 de c\u00e1\u00f1amo bio - Hanf &amp; Natur - Verbena de lim\u00f3n y zarzamora 40g"},"content":{"rendered":"<p>Ingredientes: Hojas de c\u00e1\u00f1amo (40%), hojas de zarzamora (30%), hierba luisa (30%) - todas procedentes de cultivo ecol\u00f3gico controlado. A granel.<\/p>\n<p>Pr\u00e9paration : Versez 1 cuill\u00e8re \u00e0 caf\u00e9 du m\u00e9lange dans de l&rsquo;eau bouillante, laissez infuser pendant 8 minutes et d\u00e9gustez.<\/p>\n<p>Nota: El t\u00e9 no es adecuado para ni\u00f1os que pesen menos de 15 kg.<\/p>","protected":false},"excerpt":{"rendered":"<p>T\u00e9 de c\u00e1\u00f1amo <a href=\"https:\/\/theswisshemp.com\/product\/huile-de-cbd-the-swiss-hemp-24\/\">Bio<\/a> con hojas de hierba luisa y zarzamora - Hanf &amp; Natur - 40g<\/p>\n<p>Esta mezcla de hierbas org\u00e1nicas no contiene t\u00e9 ni \u00e1cido, por lo que es muy f\u00e1cil de digerir.<\/p>\n<p>Gracias a su bonito envase en una caja exclusiva, los t\u00e9s de Hemp &amp; Nature tambi\u00e9n son ideales como peque\u00f1a idea de regalo: har\u00e1n latir m\u00e1s r\u00e1pido el coraz\u00f3n de los amantes del t\u00e9.<\/p>\n<p><strong>Ingredientes<\/strong> Hojas de c\u00e1\u00f1amo (35%), b\u00e1lsamo turco (35%), hojas de frambuesa (30%), todos ellos de cultivo ecol\u00f3gico controlado.<\/p>\n<p><strong>Preparaci\u00f3n<\/strong> : Versez 1 cuill\u00e8re \u00e0 caf\u00e9 du m\u00e9lange dans de l&rsquo;eau bouillante, laissez infuser pendant 8 minutes et d\u00e9gustez.<\/p>\n<p><strong>Nota<\/strong> El t\u00e9 no es adecuado para ni\u00f1os que pesen menos de 15 kg.<\/p>","protected":false},"featured_media":14316,"comment_status":"open","ping_status":"closed","template":"","meta":{"inline_featured_image":false},"product_brand":[240],"product_cat":[241],"product_tag":[251],"class_list":{"0":"post-11944","1":"product","2":"type-product","3":"status-publish","4":"has-post-thumbnail","6":"product_brand-hanf-natur","7":"product_cat-the","8":"product_tag-thes-infusions","10":"first","11":"outofstock","12":"taxable","13":"shipping-taxable","14":"purchasable","15":"product-type-simple"},"jetpack_sharing_enabled":true,"_links":{"self":[{"href":"https:\/\/laverteshop.fr\/es\/wp-json\/wp\/v2\/product\/11944","targetHints":{"allow":["GET"]}}],"collection":[{"href":"https:\/\/laverteshop.fr\/es\/wp-json\/wp\/v2\/product"}],"about":[{"href":"https:\/\/laverteshop.fr\/es\/wp-json\/wp\/v2\/types\/product"}],"replies":[{"embeddable":true,"href":"https:\/\/laverteshop.fr\/es\/wp-json\/wp\/v2\/comments?post=11944"}],"wp:featuredmedia":[{"embeddable":true,"href":"https:\/\/laverteshop.fr\/es\/wp-json\/wp\/v2\/media\/14316"}],"wp:attachment":[{"href":"https:\/\/laverteshop.fr\/es\/wp-json\/wp\/v2\/media?parent=11944"}],"wp:term":[{"taxonomy":"product_brand","embeddable":true,"href":"https:\/\/laverteshop.fr\/es\/wp-json\/wp\/v2\/product_brand?post=11944"},{"taxonomy":"product_cat","embeddable":true,"href":"https:\/\/laverteshop.fr\/es\/wp-json\/wp\/v2\/product_cat?post=11944"},{"taxonomy":"product_tag","embeddable":true,"href":"https:\/\/laverteshop.fr\/es\/wp-json\/wp\/v2\/product_tag?post=11944"}],"curies":[{"name":"wp","href":"https:\/\/api.w.org\/{rel}","templated":true}]}}