{"id":11871,"date":"2022-05-19T10:52:28","date_gmt":"2022-05-19T08:52:28","guid":{"rendered":"https:\/\/laverteshop.fr\/product\/plenty-storz-und-bickel\/"},"modified":"2025-07-15T15:03:55","modified_gmt":"2025-07-15T13:03:55","slug":"plenty-storz-und-bickel","status":"publish","type":"product","link":"https:\/\/laverteshop.fr\/es\/producto\/plenty-storz-und-bickel\/","title":{"rendered":"Cantidad - Storz und Bickel"},"content":{"rendered":"<p><strong>Contenido de la entrega :\u00a0<\/strong><br \/>\n1x Cafetera<br \/>\n1 unidad de pulverizaci\u00f3n<br \/>\n1x Secci\u00f3n de tubo, larga<br \/>\n1 tramo de tubo, corto<br \/>\n3x Tamiz normal (\u00f8 aprox. 59mm)<br \/>\n1x Amoladora<br \/>\n1x Cepillo de limpieza<br \/>\n1x Instrucciones de uso<\/p>","protected":false},"excerpt":{"rendered":"<p><strong>Storz und Bickel Plenty<\/strong><\/p>\n<p>Con Plenty de Storz y Bickel, hay mucho que descubrir:<\/p>\n<p>Le bloc d&rsquo;alimentation dot\u00e9 d&rsquo;une double h\u00e9lice permet d&rsquo;obtenir une luminosit\u00e9 optimale et, par cons\u00e9quent, un effet de serre intense.<\/p>\n<p>Las temperaturas oscilan entre 130\u00ba C y 202\u00ba C, seg\u00fan las necesidades.<\/p>\n<p>El agradable sabor de Plenty se consigue gracias a la espiral de enfriamiento altamente eficiente - \u00a1prueba t\u00fa mismo esta sabrosa cosa con mucho vapeo!<\/p>","protected":false},"featured_media":11869,"comment_status":"open","ping_status":"closed","template":"","meta":{"inline_featured_image":false},"product_brand":[249],"product_cat":[61,248],"product_tag":[],"class_list":{"0":"post-11871","1":"product","2":"type-product","3":"status-publish","4":"has-post-thumbnail","6":"product_brand-storz-und-bickel","7":"product_cat-accessoires","8":"product_cat-vaporisateurs","10":"first","11":"instock","12":"taxable","13":"shipping-taxable","14":"purchasable","15":"product-type-simple"},"jetpack_sharing_enabled":true,"_links":{"self":[{"href":"https:\/\/laverteshop.fr\/es\/wp-json\/wp\/v2\/product\/11871","targetHints":{"allow":["GET"]}}],"collection":[{"href":"https:\/\/laverteshop.fr\/es\/wp-json\/wp\/v2\/product"}],"about":[{"href":"https:\/\/laverteshop.fr\/es\/wp-json\/wp\/v2\/types\/product"}],"replies":[{"embeddable":true,"href":"https:\/\/laverteshop.fr\/es\/wp-json\/wp\/v2\/comments?post=11871"}],"wp:featuredmedia":[{"embeddable":true,"href":"https:\/\/laverteshop.fr\/es\/wp-json\/wp\/v2\/media\/11869"}],"wp:attachment":[{"href":"https:\/\/laverteshop.fr\/es\/wp-json\/wp\/v2\/media?parent=11871"}],"wp:term":[{"taxonomy":"product_brand","embeddable":true,"href":"https:\/\/laverteshop.fr\/es\/wp-json\/wp\/v2\/product_brand?post=11871"},{"taxonomy":"product_cat","embeddable":true,"href":"https:\/\/laverteshop.fr\/es\/wp-json\/wp\/v2\/product_cat?post=11871"},{"taxonomy":"product_tag","embeddable":true,"href":"https:\/\/laverteshop.fr\/es\/wp-json\/wp\/v2\/product_tag?post=11871"}],"curies":[{"name":"wp","href":"https:\/\/api.w.org\/{rel}","templated":true}]}}