{"id":11865,"date":"2022-05-19T10:52:25","date_gmt":"2022-05-19T08:52:25","guid":{"rendered":"https:\/\/laverteshop.fr\/product\/volcano-classic-onyx-incl-easy-valve-storz-und-bickel\/"},"modified":"2025-07-15T15:03:57","modified_gmt":"2025-07-15T13:03:57","slug":"volcano-classic-onyx-incl-easy-valve-storz-und-bickel","status":"publish","type":"product","link":"https:\/\/laverteshop.fr\/es\/producto\/volcano-classic-onyx-incl-easy-valve-storz-und-bickel\/","title":{"rendered":"Volcano Classic ONYX incl. Easy Valve - Storz und Bickel"},"content":{"rendered":"<p><strong>Contenido de la entrega<\/strong><br \/>\n1x Volcano Classic ONYX<br \/>\n4x Globo Easy Valve con boquilla<br \/>\n1x Bal\u00f3n Easy Valve con adaptador<br \/>\n1x C\u00e1mara de llenado<br \/>\n3x Clip para la c\u00e1mara de llenado<br \/>\n1x Anillo de la tapa<br \/>\n1x Juego de filtros normales (\u00f8 aprox. 30mm)<br \/>\n1x Juego de filtros de aire<br \/>\n1x Molinillo de hierbas (\u00f8 aprox. 59mm)<br \/>\n1x Cepillo de limpieza,<br \/>\n1x Instrucciones de uso<\/p>","protected":false},"excerpt":{"rendered":"<p><strong>Volc\u00e1n Cl\u00e1sico Edici\u00f3n ONYX\u00a0<\/strong><strong>incl. Easy Valve<\/strong><\/p>\n<p>El Volcano es el vaporizador original, y seduce por su calidad y eficacia. Ahora est\u00e1 disponible en una edici\u00f3n de ONYX - \u00a1aseg\u00farate de conseguir tu copia!<\/p>\n<p>La couleur onyx rappelle la pierre de lave, c&rsquo;est pourquoi elle s&rsquo;accorde parfaitement avec la forme iconique du Volcano \ud83d\ude42 un accroche-regard absolu pour tout amateur de Volcano.<\/p>\n<p>Gracias al recubrimiento de polvo de alta calidad, el cono es ahora m\u00e1s resistente a los ara\u00f1azos. De este modo, la probada durabilidad de los productos de Storz y Bickel contin\u00faa en esta edici\u00f3n especial.<\/p>","protected":false},"featured_media":11863,"comment_status":"open","ping_status":"closed","template":"","meta":{"inline_featured_image":false},"product_brand":[249],"product_cat":[248],"product_tag":[],"class_list":{"0":"post-11865","1":"product","2":"type-product","3":"status-publish","4":"has-post-thumbnail","6":"product_brand-storz-und-bickel","7":"product_cat-vaporisateurs","9":"first","10":"instock","11":"taxable","12":"shipping-taxable","13":"purchasable","14":"product-type-simple"},"jetpack_sharing_enabled":true,"_links":{"self":[{"href":"https:\/\/laverteshop.fr\/es\/wp-json\/wp\/v2\/product\/11865","targetHints":{"allow":["GET"]}}],"collection":[{"href":"https:\/\/laverteshop.fr\/es\/wp-json\/wp\/v2\/product"}],"about":[{"href":"https:\/\/laverteshop.fr\/es\/wp-json\/wp\/v2\/types\/product"}],"replies":[{"embeddable":true,"href":"https:\/\/laverteshop.fr\/es\/wp-json\/wp\/v2\/comments?post=11865"}],"wp:featuredmedia":[{"embeddable":true,"href":"https:\/\/laverteshop.fr\/es\/wp-json\/wp\/v2\/media\/11863"}],"wp:attachment":[{"href":"https:\/\/laverteshop.fr\/es\/wp-json\/wp\/v2\/media?parent=11865"}],"wp:term":[{"taxonomy":"product_brand","embeddable":true,"href":"https:\/\/laverteshop.fr\/es\/wp-json\/wp\/v2\/product_brand?post=11865"},{"taxonomy":"product_cat","embeddable":true,"href":"https:\/\/laverteshop.fr\/es\/wp-json\/wp\/v2\/product_cat?post=11865"},{"taxonomy":"product_tag","embeddable":true,"href":"https:\/\/laverteshop.fr\/es\/wp-json\/wp\/v2\/product_tag?post=11865"}],"curies":[{"name":"wp","href":"https:\/\/api.w.org\/{rel}","templated":true}]}}